{"id":9887,"date":"2022-06-27T07:28:29","date_gmt":"2022-06-27T06:28:29","guid":{"rendered":"https:\/\/www.storytourist.com\/?post_type=product&#038;p=9887"},"modified":"2024-04-12T08:01:13","modified_gmt":"2024-04-12T07:01:13","slug":"visby-witch-trials","status":"publish","type":"product","link":"https:\/\/www.storytourist.com\/sv\/tour\/visby-witch-trials\/","title":{"rendered":"Uppt\u00e4ck ondskan i Visby"},"content":{"rendered":"<h3><b>H\u00e4xprocesserna i Visby<\/b><\/h3>\n<p><span style=\"font-weight: 400;\">G\u00f6r en sp\u00e4nnande tidsresa och upplev den sanna ber\u00e4ttelsen om h\u00e4xprocesserna i Visby. Med denna sj\u00e4lvguidade stadsvandring genom staden bes\u00f6ker du platserna som var centrala i historien om tre kvinnor som anklagades f\u00f6r h\u00e4xeri.<\/span><\/p>\n<p><span style=\"font-weight: 400;\">Ber\u00e4ttelsen om Lilla Ingeborg, Kuske-Greta och Bohl Strijds b\u00f6rjar v\u00e5ren 1705. Visby befinner sig i en tid av f\u00f6r\u00e4ndring, n\u00e5got som skr\u00e4mmer kyrkan och stadens starke m\u00e4n. Man uppmuntrar Gotlands inv\u00e5nare till att h\u00e5lla ett \u00f6ga \u00f6ppet efter allt som inte \u00e4r f\u00f6renligt med ett kristet levnadss\u00e4tt. En lokal kvinna tr\u00e4der fram och anklagar boterskan Lilla Ingeborg f\u00f6r h\u00e4xeri, vilket orsakar en tragisk kedjereaktion. En kort tid senare sitter tre oskyldiga kvinnor inl\u00e5sta i ett av Visbys f\u00e4ngelsetorn. De uts\u00e4tts f\u00f6r brutala f\u00f6rh\u00f6rstekniker och absurda anklagelser om deras samr\u00f6re med dj\u00e4vulen sj\u00e4lv.\u00a0<\/span><\/p>\n<h3><b>Kliv in i ber\u00e4ttelsen<\/b><\/h3>\n<p><span style=\"font-weight: 400;\">Vill du veta mer om vad som h\u00e4nde? <a href=\"https:\/\/www.storytourist.com\/sv\/avsloja-sanningen-bakom-ondskan-i-visby\/\">Kliv in i ber\u00e4ttelsen<\/a> och vandra genom Visby s\u00e5 som staden var f\u00f6r mer \u00e4n 300 \u00e5r sedan. Den h\u00e4r interaktiva ljudupplevelsen tar dig med till flera historiska platser i Visbys stadsk\u00e4rna. Turens ber\u00e4ttarr\u00f6st tillh\u00f6r en kvinna som levde i staden och som k\u00e4nde Lilla Ingeborg, Kuske-Greta och Bohl. Hon beh\u00f6ver din hj\u00e4lp med att minnas vem hon \u00e4r och vad hon sj\u00e4lv spelade f\u00f6r roll i allt som \u00e4gde rum.\u00a0<\/span><\/p>\n<p><span style=\"font-weight: 400;\">Sakta men s\u00e4kert vecklar historien ut sig. Kanske ondskan i Visby i sj\u00e4lva verket inte alls hade med h\u00e4xeri att g\u00f6ra?<\/span><\/p>\n<h3><b>StoryTourist-appen visar v\u00e4gen<\/b><\/h3>\n<p><span style=\"font-weight: 400;\">F\u00f6r att g\u00e5 turen laddar du ned den anv\u00e4ndarv\u00e4nliga StoryTourist-appen.\u00a0 Appen \u00e4r utrustad med karta, GPS-funktion och en digital guide som ser till att du g\u00e5r r\u00e4tt v\u00e4g. N\u00e4r du har k\u00f6pt turen \u00e4r den din att beh\u00e5lla. Du kan anv\u00e4nda den precis n\u00e4r du vill och s\u00e5 ofta du \u00f6nskar.\u00a0<\/span><\/p>\n<p><span style=\"font-weight: 400;\">Med hj\u00e4lp av foton, illustrationer och spelmoment f\u00e5r du genom StoryTourist-appen sj\u00e4lv uppleva hur staden en g\u00e5ng s\u00e5g ut och hur huvudpersonerna i ber\u00e4ttelsen levde. Det enda du beh\u00f6ver f\u00f6r att kunna utforska Visby p\u00e5 ett helt nytt s\u00e4tt \u00e4r en smarttelefon med h\u00f6rlurar.<\/span><\/p>\n<p>Denna StoryTour \u00e4r skriven av <a href=\"https:\/\/www.storytourist.com\/sv\/storytour-creators\/\">Claudia Sj\u00f6beck<\/a>.<\/p>\n","protected":false},"excerpt":{"rendered":"<p><span style=\"font-weight: 400;\">Utforska en sann ber\u00e4ttelse om Gotlands h\u00e4xprocesser med denna sj\u00e4lvguidade stadsvandring<\/span><\/p>\n","protected":false},"featured_media":9902,"template":"","meta":{"_acf_changed":false},"product_brand":[],"product_cat":[149,192],"product_tag":[194],"class_list":{"0":"post-9887","1":"product","2":"type-product","3":"status-publish","4":"has-post-thumbnail","6":"product_cat-sweden","7":"product_cat-visby","8":"product_tag-history","10":"first","11":"instock","12":"virtual","13":"taxable","14":"purchasable","15":"product-type-simple"},"acf":[],"_links":{"self":[{"href":"https:\/\/www.storytourist.com\/sv\/wp-json\/wp\/v2\/product\/9887","targetHints":{"allow":["GET"]}}],"collection":[{"href":"https:\/\/www.storytourist.com\/sv\/wp-json\/wp\/v2\/product"}],"about":[{"href":"https:\/\/www.storytourist.com\/sv\/wp-json\/wp\/v2\/types\/product"}],"wp:featuredmedia":[{"embeddable":true,"href":"https:\/\/www.storytourist.com\/sv\/wp-json\/wp\/v2\/media\/9902"}],"wp:attachment":[{"href":"https:\/\/www.storytourist.com\/sv\/wp-json\/wp\/v2\/media?parent=9887"}],"wp:term":[{"taxonomy":"product_brand","embeddable":true,"href":"https:\/\/www.storytourist.com\/sv\/wp-json\/wp\/v2\/product_brand?post=9887"},{"taxonomy":"product_cat","embeddable":true,"href":"https:\/\/www.storytourist.com\/sv\/wp-json\/wp\/v2\/product_cat?post=9887"},{"taxonomy":"product_tag","embeddable":true,"href":"https:\/\/www.storytourist.com\/sv\/wp-json\/wp\/v2\/product_tag?post=9887"}],"curies":[{"name":"wp","href":"https:\/\/api.w.org\/{rel}","templated":true}]}}