{"id":7445,"date":"2021-06-16T08:15:37","date_gmt":"2021-06-16T07:15:37","guid":{"rendered":"https:\/\/www.storytourist.com\/?post_type=product&#038;p=7445"},"modified":"2023-06-02T09:29:20","modified_gmt":"2023-06-02T08:29:20","slug":"wallander-photographer","status":"publish","type":"product","link":"https:\/\/www.storytourist.com\/sv\/tour\/wallander-photographer\/","title":{"rendered":"L\u00f6s en mordg\u00e5ta med Kurt Wallander"},"content":{"rendered":"<h3>L\u00f6s en mordg\u00e5ta i Wallanders Ystad<\/h3>\n<p>\u00c4r du redo att l\u00f6sa en klurig mordg\u00e5ta i Wallanders Ystad? I samarbete med Leopard f\u00f6rlag presenterar StoryTourist en interaktiv stadsvandring i den v\u00e4lk\u00e4nde poliskommissariens hemstad!<\/p>\n<p>Det \u00e4r en kulen v\u00e5rmorgon 1988. Poliskommissarie Kurt Wallander sitter och \u00e4ter frukost p\u00e5 Fridolfs konditori i Ystad n\u00e4r hans kollega Martinsson kommer dit och s\u00f6ker upp honom. En lokal fotograf har hittats brutalt m\u00f6rdad i sin studio. Omst\u00e4ndigheterna kring mordet \u00e4r m\u00e4rkliga och \u00e4n underligare blir det n\u00e4r Wallander hittar ett fotoalbum p\u00e5 mordplatsen. Albumet inneh\u00e5ller en groteskt f\u00f6rvriden bild p\u00e5 honom sj\u00e4lv&#8230;<\/p>\n<p>Detta blir starten p\u00e5 en rafflande mordutredning, med ledtr\u00e5dar som leder b\u00e5de till Wien och till ett lokalt v\u00e5rdhem. Wallander jagar g\u00e4rningspersonen till fots p\u00e5 Ystads gator, samt genom analys av bevismaterial. Har du det som kr\u00e4vs f\u00f6r att hj\u00e4lpa honom?<\/p>\n<h3>En unik sj\u00e4lvguidad stadsvandring<\/h3>\n<p>I den sj\u00e4lvguidade turen \u201dWallander: Fotografens d\u00f6d\u201d f\u00f6ljer du Henning Mankells v\u00e4lk\u00e4nde karakt\u00e4r Kurt Wallander genom Ystad, medan denne f\u00f6rs\u00f6ker l\u00f6sa fallet med den m\u00f6rdade fotografen Simon Lamberg. Turen startar p\u00e5 St. Knuts torg i Ystad och tar dig till <a href=\"https:\/\/www.storytourist.com\/sv\/city-guide-ystad-7-must-sees-for-wallander-fans\/\" target=\"_blank\" rel=\"noopener\">platser som \u00e4r centrala<\/a> i Wallanders v\u00e4rld. Du bes\u00f6ker till exempel hans favoritkonditori och l\u00e4genhetsbyggnaden d\u00e4r han bor. En av Wallanders kollegor vill testa din f\u00f6rm\u00e5ga som polisutredare och utmanar dig att hj\u00e4lpa till att l\u00f6sa fallet. Kanske du har en karri\u00e4r som kriminalare framf\u00f6r dig? Det spelar ingen roll om b\u00f6ckerna om Wallander tillh\u00f6r dina favoriter, eller om du aldrig l\u00e4st n\u00e5gon av dem tidigare, vi lovar att detta kommer att bli en sp\u00e4nnande upplevelse oavsett!<\/p>\n<h3>StoryTourist-appen visar v\u00e4gen<\/h3>\n<p>F\u00f6r att g\u00e5 turen laddar du ned den anv\u00e4ndarv\u00e4nliga StoryTourist-appen.\u00a0 Appen \u00e4r utrustad med karta, GPS-funktion och en digital guide som ser till att du g\u00e5r r\u00e4tt v\u00e4g. N\u00e4r du har k\u00f6pt turen \u00e4r den din att beh\u00e5lla. Du kan anv\u00e4nda den precis n\u00e4r du vill och s\u00e5 ofta du \u00f6nskar.<\/p>\n<p>Lyssna p\u00e5 Kurt Wallanders ber\u00e4ttelse p\u00e5 de platser d\u00e4r den \u00e4ger rum, samtidigt som du genom appen tar del av utredningen och kartl\u00e4gger g\u00e4rningspersonens r\u00f6relser genom staden. Med hj\u00e4lp av ljud, bilder, animation och sp\u00e4nnande pussel kommer du kunna ta reda p\u00e5 vem m\u00f6rdaren \u00e4r.<\/p>\n<p>F\u00f6lj med StoryTourist och kliv in i ber\u00e4ttelsen!<\/p>\n","protected":false},"excerpt":{"rendered":"<p>En sj\u00e4lvguidad stadsvandring genom Ystad, baserad p\u00e5 en deckare av Henning Mankell<\/p>\n","protected":false},"featured_media":5316,"template":"","meta":{"_acf_changed":false},"product_brand":[],"product_cat":[197,149,148],"product_tag":[161],"class_list":{"0":"post-7445","1":"product","2":"type-product","3":"status-publish","4":"has-post-thumbnail","6":"product_cat-german","7":"product_cat-sweden","8":"product_cat-ystad","9":"product_tag-crime","11":"first","12":"instock","13":"virtual","14":"taxable","15":"purchasable","16":"product-type-simple"},"acf":[],"_links":{"self":[{"href":"https:\/\/www.storytourist.com\/sv\/wp-json\/wp\/v2\/product\/7445","targetHints":{"allow":["GET"]}}],"collection":[{"href":"https:\/\/www.storytourist.com\/sv\/wp-json\/wp\/v2\/product"}],"about":[{"href":"https:\/\/www.storytourist.com\/sv\/wp-json\/wp\/v2\/types\/product"}],"wp:featuredmedia":[{"embeddable":true,"href":"https:\/\/www.storytourist.com\/sv\/wp-json\/wp\/v2\/media\/5316"}],"wp:attachment":[{"href":"https:\/\/www.storytourist.com\/sv\/wp-json\/wp\/v2\/media?parent=7445"}],"wp:term":[{"taxonomy":"product_brand","embeddable":true,"href":"https:\/\/www.storytourist.com\/sv\/wp-json\/wp\/v2\/product_brand?post=7445"},{"taxonomy":"product_cat","embeddable":true,"href":"https:\/\/www.storytourist.com\/sv\/wp-json\/wp\/v2\/product_cat?post=7445"},{"taxonomy":"product_tag","embeddable":true,"href":"https:\/\/www.storytourist.com\/sv\/wp-json\/wp\/v2\/product_tag?post=7445"}],"curies":[{"name":"wp","href":"https:\/\/api.w.org\/{rel}","templated":true}]}}