{"id":7443,"date":"2021-04-09T08:04:39","date_gmt":"2021-04-09T07:04:39","guid":{"rendered":"https:\/\/www.storytourist.com\/sv\/?post_type=product&#038;p=7443"},"modified":"2024-06-07T10:51:27","modified_gmt":"2024-06-07T09:51:27","slug":"drglas","status":"publish","type":"product","link":"https:\/\/www.storytourist.com\/sv\/tour\/drglas\/","title":{"rendered":"F\u00f6lj i Doktor Glas fotsp\u00e5r genom Stockholm"},"content":{"rendered":"<h3>F\u00f6lj Doktor Glas fotsp\u00e5r genom Stockholm<\/h3>\n<p>Har du n\u00e5gon g\u00e5ng \u00f6nskat att du kunde kliva in i en ber\u00e4ttelse och uppleva den p\u00e5 plats? Med StoryTourists sj\u00e4lvguidade Doktor Glas-tur genom Stockholm kan du g\u00f6ra just det!<\/p>\n<p>Det \u00e4r en ovanligt varm sommar i Stockholm n\u00e4r Doktor Tyko Gabriel Glas antecknar sina reflektioner \u00f6ver livets meningsl\u00f6shet i sin dagbok. Han \u00e4r f\u00e5ngad i ett moraliskt dilemma och den enda v\u00e4gen ut verkar vara\u2026mord?<\/p>\n<p>Denna interaktiva stadsvandring bygger p\u00e5 Hjalmar S\u00f6derbergs klassiska roman &#8221;Doktor Glas&#8221;. Med hj\u00e4lp av StoryTourist-appen f\u00f6ljer du en av S\u00f6derbergs mest k\u00e4nda karakt\u00e4rer i h\u00e4larna n\u00e4r denne tungsint vandrar l\u00e4ngs med Stockholms gator. Den olycklige l\u00e4karen har f\u00f6r\u00e4lskat sig i pr\u00e4stfrun Helga Gregorius och st\u00e4lls inf\u00f6r ett sv\u00e5rt val n\u00e4r hon ber honom om en mycket k\u00e4nslig tj\u00e4nst. Trots att Glas ser detta som en m\u00f6jlighet till att utf\u00f6ra sitt livs stora handling, pl\u00e5gas han \u00e4nd\u00e5 av mardr\u00f6mmar. Vad blir v\u00e4gen ut ur denna om\u00f6jliga situation?<\/p>\n<p>Stadsvandringen startar vid den l\u00e4genhet p\u00e5 Norrmalm d\u00e4r Hjalmar S\u00f6derberg f\u00f6rest\u00e4llde sig att Doktor Glas bodde och drev sin l\u00e4karmottagning. Promenaden forts\u00e4tter sedan mot Kungstr\u00e4dg\u00e5rden via Helgeandsholmen och Gamla stan. Det spelar ingen roll om denna klassiska ber\u00e4ttelse \u00e4r en av dina favoriter, eller om du aldrig har l\u00e4st den f\u00f6rut, vi lovar att detta blir en sp\u00e4nnande upplevelse!<\/p>\n<h3>En sj\u00e4lvguidad ljudupplevelse<\/h3>\n<p>Din smarttelefon \u00e4r din guide p\u00e5 denna vandring! Genom StoryTourist-appen lyssnar du p\u00e5 Doktor Glas historia p\u00e5 de platser d\u00e4r den utspelar sig, samtidigt som du f\u00e5r se gamla foton och animerade videos. Resultatet \u00e4r en stadsvandring som knyter ihop verklighet och ber\u00e4ttelse till en interaktiv upplevelse. Du f\u00e5r en unik m\u00f6jlighet till att se och utforska Stockholms stadsmilj\u00f6er p\u00e5 samma s\u00e4tt som S\u00f6derbergs karakt\u00e4rer g\u00f6r i romanen. I appen finns b\u00e5de karta och GPS, som ser till att du h\u00e5ller r\u00e4tt kurs p\u00e5 din promenad. Eftersom vandringen \u00e4r sj\u00e4lvguidad v\u00e4ljer du sj\u00e4lv n\u00e4r du vill starta och pausa den. Du kan g\u00e5 i din egen takt, ensam eller med andra. N\u00e4r du k\u00f6pt turen \u00e4r den din att beh\u00e5lla. Det betyder att du kan anv\u00e4nda den n\u00e4r som helst och s\u00e5 m\u00e5nga g\u00e5nger du vill.<\/p>\n<p>F\u00f6lj med StoryTourist och kliv in i ber\u00e4ttelsen!<\/p>\n","protected":false},"excerpt":{"rendered":"<p>En sj\u00e4lvguidad stadsvandring baserad p\u00e5 Hjalmar S\u00f6derbergs roman<\/p>\n","protected":false},"featured_media":5318,"template":"","meta":{"_acf_changed":false},"product_brand":[],"product_cat":[147,149],"product_tag":[163],"class_list":{"0":"post-7443","1":"product","2":"type-product","3":"status-publish","4":"has-post-thumbnail","6":"product_cat-stockholm","7":"product_cat-sweden","8":"product_tag-drama","10":"first","11":"instock","12":"virtual","13":"taxable","14":"purchasable","15":"product-type-simple"},"acf":[],"_links":{"self":[{"href":"https:\/\/www.storytourist.com\/sv\/wp-json\/wp\/v2\/product\/7443","targetHints":{"allow":["GET"]}}],"collection":[{"href":"https:\/\/www.storytourist.com\/sv\/wp-json\/wp\/v2\/product"}],"about":[{"href":"https:\/\/www.storytourist.com\/sv\/wp-json\/wp\/v2\/types\/product"}],"wp:featuredmedia":[{"embeddable":true,"href":"https:\/\/www.storytourist.com\/sv\/wp-json\/wp\/v2\/media\/5318"}],"wp:attachment":[{"href":"https:\/\/www.storytourist.com\/sv\/wp-json\/wp\/v2\/media?parent=7443"}],"wp:term":[{"taxonomy":"product_brand","embeddable":true,"href":"https:\/\/www.storytourist.com\/sv\/wp-json\/wp\/v2\/product_brand?post=7443"},{"taxonomy":"product_cat","embeddable":true,"href":"https:\/\/www.storytourist.com\/sv\/wp-json\/wp\/v2\/product_cat?post=7443"},{"taxonomy":"product_tag","embeddable":true,"href":"https:\/\/www.storytourist.com\/sv\/wp-json\/wp\/v2\/product_tag?post=7443"}],"curies":[{"name":"wp","href":"https:\/\/api.w.org\/{rel}","templated":true}]}}