{"id":13325,"date":"2025-05-21T08:52:49","date_gmt":"2025-05-21T07:52:49","guid":{"rendered":"https:\/\/www.storytourist.com\/?post_type=product&#038;p=13325"},"modified":"2025-07-03T22:01:28","modified_gmt":"2025-07-03T21:01:28","slug":"tove-jansson-helsinki","status":"publish","type":"product","link":"https:\/\/www.storytourist.com\/sv\/tour\/tove-jansson-helsinki\/","title":{"rendered":"Tove Janssons Helsingfors"},"content":{"rendered":"<h3>Upplev Tove Janssons historia i Helsingfors<\/h3>\n<p>F\u00f6lj med p\u00e5 en vandring genom centrala Helsingfors och utforska platserna som var viktiga i Tove Janssons liv och karri\u00e4r. En resa fr\u00e5n 1914 till 2001, tillsammans med Tove och hennes v\u00e4nner och \u00e4lskare, familjemedlemmar och mumintroll.<\/p>\n<p>Den h\u00e4r auktoriserade sj\u00e4lvguidade ljudvandringen \u00e4r skapad i samarbete med Moomin Characters Oy Ltd. Ber\u00e4ttarr\u00f6sten \u00e4r sk\u00e5despelaren Alma P\u00f6ysti, som spelade Tove i filmen om hennes liv och vars farf\u00f6r\u00e4ldrar var n\u00e4ra v\u00e4nner till Tove.<\/p>\n<h3>G\u00e5 fr\u00e5n Skatudden till Observatorieberget<\/h3>\n<p>Promenaden b\u00f6rjar utanf\u00f6r Uspenskijkatedralen, d\u00e4r Tove lekte som barn och skapade sina f\u00f6rsta fantasiv\u00e4rldar. Du f\u00e5r h\u00f6ra om hennes uppv\u00e4xt i konstn\u00e4rsfamiljen Jansson-Hammarsten, innan du vandrar vidare mot Salutorget och historien om krigs\u00e5ren som pr\u00e4glade hennes ungdoms\u00e5r och tidiga vuxna liv.<\/p>\n<p>Under vandringens g\u00e5ng bes\u00f6ker du bland annat galleriet d\u00e4r Tove h\u00f6ll sin f\u00f6rsta separatutst\u00e4llning, byggnaden d\u00e4r hennes atelj\u00e9 l\u00e5g och Lilla Teaterns gamla lokaler d\u00e4r muminpj\u00e4sen Troll i kulisserna hade v\u00e4rldspremi\u00e4r. P\u00e5 varje plats tar du del av unikt bildmaterial fr\u00e5n Toves eget bildarkiv.<\/p>\n<p>Du bes\u00f6ker ocks\u00e5 Moomin Shop och f\u00e5r ta del av en s\u00e4rskild rabattkod som kan anv\u00e4ndas i butiken!<\/p>\n<h3>StoryTourist-appen visar v\u00e4gen<\/h3>\n<p>F\u00f6r att g\u00e5 turen laddar du ned den anv\u00e4ndarv\u00e4nliga StoryTourist-appen. Appen \u00e4r utrustad med karta, GPS-funktion och en digital guide som ser till att du g\u00e5r r\u00e4tt v\u00e4g. N\u00e4r du har k\u00f6pt turen \u00e4r den din att beh\u00e5lla. Du kan anv\u00e4nda den precis n\u00e4r du vill och s\u00e5 ofta som du \u00f6nskar.<\/p>\n<p>Genom StoryTourist-appen f\u00e5r du h\u00f6ra ber\u00e4ttelsen om Tove Janssons liv i Helsingfors. Det enda du beh\u00f6ver f\u00f6r att kunna vandra i Toves fotsp\u00e5r genom staden \u00e4r en smarttelefon med h\u00f6rlurar.<\/p>\n","protected":false},"excerpt":{"rendered":"<p>Utforska Helsingfors tillsammans med Tove Jansson: konstn\u00e4r, f\u00f6rfattare och skapare av mumintrollen<\/p>\n","protected":false},"featured_media":13327,"template":"","meta":{"_acf_changed":true},"product_brand":[],"product_cat":[225,226,16],"product_tag":[194],"class_list":{"0":"post-13325","1":"product","2":"type-product","3":"status-publish","4":"has-post-thumbnail","6":"product_cat-finland","7":"product_cat-helsinki","8":"product_cat-uncategorized","9":"product_tag-history","11":"first","12":"instock","13":"virtual","14":"taxable","15":"purchasable","16":"product-type-simple"},"acf":[],"_links":{"self":[{"href":"https:\/\/www.storytourist.com\/sv\/wp-json\/wp\/v2\/product\/13325","targetHints":{"allow":["GET"]}}],"collection":[{"href":"https:\/\/www.storytourist.com\/sv\/wp-json\/wp\/v2\/product"}],"about":[{"href":"https:\/\/www.storytourist.com\/sv\/wp-json\/wp\/v2\/types\/product"}],"wp:featuredmedia":[{"embeddable":true,"href":"https:\/\/www.storytourist.com\/sv\/wp-json\/wp\/v2\/media\/13327"}],"wp:attachment":[{"href":"https:\/\/www.storytourist.com\/sv\/wp-json\/wp\/v2\/media?parent=13325"}],"wp:term":[{"taxonomy":"product_brand","embeddable":true,"href":"https:\/\/www.storytourist.com\/sv\/wp-json\/wp\/v2\/product_brand?post=13325"},{"taxonomy":"product_cat","embeddable":true,"href":"https:\/\/www.storytourist.com\/sv\/wp-json\/wp\/v2\/product_cat?post=13325"},{"taxonomy":"product_tag","embeddable":true,"href":"https:\/\/www.storytourist.com\/sv\/wp-json\/wp\/v2\/product_tag?post=13325"}],"curies":[{"name":"wp","href":"https:\/\/api.w.org\/{rel}","templated":true}]}}