{"id":13177,"date":"2024-11-04T09:17:28","date_gmt":"2024-11-04T08:17:28","guid":{"rendered":"https:\/\/www.storytourist.com\/?post_type=product&#038;p=13177"},"modified":"2024-11-04T09:17:28","modified_gmt":"2024-11-04T08:17:28","slug":"the-haunting-of-uppsala","status":"publish","type":"product","link":"https:\/\/www.storytourist.com\/sv\/tour\/the-haunting-of-uppsala\/","title":{"rendered":"Det hems\u00f6kta Uppsala"},"content":{"rendered":"<h3>Det hems\u00f6kta Uppsala<\/h3>\n<p>Det \u00e4r n\u00e5got ot\u00e4ckt som hems\u00f6ker Uppsala, det m\u00e4rks redan n\u00e4r du st\u00e5r utanf\u00f6r domkyrkan. Du m\u00f6ter nationalhelgonet Sankt Erik, som beh\u00f6ver din hj\u00e4lp med att ta reda p\u00e5 vad det \u00e4r som skapar oro bland de d\u00f6da.<\/p>\n<p>Tillsammans ger ni er ut p\u00e5 en vandring d\u00e4r Sankt Erik visar v\u00e4gen till platserna d\u00e4r stadens mest k\u00e4nda sp\u00f6ken h\u00e5ller till. N\u00e5got verkar ha v\u00e4ckt dem &#8211; men varf\u00f6r?<\/p>\n<p>Sankt Erik ber\u00e4ttar om Uppsalas m\u00f6rka historia medan ni g\u00e5r fr\u00e5n domkyrkan till kyrkog\u00e5rden och ned till Fyris\u00e5n. P\u00e5 varje plats ni bes\u00f6ker hj\u00e4lper du honom att l\u00f6sa en uppgift och lugna det sp\u00f6ke som huserar d\u00e4r. En gammal viking \u00e4r fj\u00e4ttrad i osynliga bojor, medan en osalig student beh\u00f6ver hj\u00e4lp med sin tenta.<\/p>\n<h3>Uppsalas m\u00f6rka historia<\/h3>\n<p>Uppsala \u00e4r en gammal stad, med n\u00e4stan tusen \u00e5r av historia. M\u00e5nga tragiska h\u00e4ndelser har utspelat sig h\u00e4r genom \u00e5rens lopp och nu verkar den andliga v\u00e4rlden vara i uppror. Vid Gamla Gillet spelas en mordscen upp om och om igen, och vid slottet st\u00e5r en uppr\u00f6rd 1500-talsdrottning och v\u00e4djar om hj\u00e4lp. En serie ledtr\u00e5dar guidar er mellan de olika hems\u00f6kta platserna, men vilka m\u00f6rka krafter \u00e4r det egentligen som ligger bakom?<\/p>\n<p>Med hj\u00e4lp av ljud, illustrationer och underh\u00e5llande spelelement kliver du ned i Uppsalas underv\u00e4rld. Vem vet om du \u00e5terv\u00e4nder?<\/p>\n<h3>StoryTourist-appen visar v\u00e4gen<\/h3>\n<p>F\u00f6r att g\u00e5 turen laddar du ned den anv\u00e4ndarv\u00e4nliga StoryTourist-appen. Appen \u00e4r utrustad med karta, GPS-funktion och en digital guide som ser till att du g\u00e5r r\u00e4tt v\u00e4g. N\u00e4r du har k\u00f6pt turen \u00e4r den din att beh\u00e5lla. Du kan anv\u00e4nda den precis n\u00e4r du vill och s\u00e5 ofta som du \u00f6nskar.<\/p>\n<p>Genom StoryTourist-appen f\u00e5r du h\u00f6ra historierna om Uppsalas mest k\u00e4nda sp\u00f6ken. Med hj\u00e4lp av appens spelteknologi tar du aktivt del av ber\u00e4ttelsen p\u00e5 varje plats l\u00e4ngs rutten. Det enda du beh\u00f6ver f\u00f6r att kunna utforska Uppsala p\u00e5 ett helt nytt s\u00e4tt \u00e4r en smarttelefon med h\u00f6rlurar. Ytterligare praktisk information om upplevelsen finns under fliken \u201cinstructions\u201d.<\/p>\n<p>Denna StoryTour \u00e4r skriven av <a href=\"https:\/\/www.serafforlag.com\/varaforfattare\/frida-gamero\/\">Frida Gamero K\u00e4ll.<\/a><\/p>\n","protected":false},"excerpt":{"rendered":"<p><span style=\"font-weight: 400;\">Utforska stadens m\u00f6rka historia med ett ruskigt stadsvandringsspel<\/span><\/p>\n","protected":false},"featured_media":13179,"template":"","meta":{"_acf_changed":false},"product_brand":[],"product_cat":[149,229],"product_tag":[210],"class_list":{"0":"post-13177","1":"product","2":"type-product","3":"status-publish","4":"has-post-thumbnail","6":"product_cat-sweden","7":"product_cat-uppsala","8":"product_tag-ghost-story","10":"first","11":"instock","12":"virtual","13":"taxable","14":"purchasable","15":"product-type-simple"},"acf":[],"_links":{"self":[{"href":"https:\/\/www.storytourist.com\/sv\/wp-json\/wp\/v2\/product\/13177","targetHints":{"allow":["GET"]}}],"collection":[{"href":"https:\/\/www.storytourist.com\/sv\/wp-json\/wp\/v2\/product"}],"about":[{"href":"https:\/\/www.storytourist.com\/sv\/wp-json\/wp\/v2\/types\/product"}],"wp:featuredmedia":[{"embeddable":true,"href":"https:\/\/www.storytourist.com\/sv\/wp-json\/wp\/v2\/media\/13179"}],"wp:attachment":[{"href":"https:\/\/www.storytourist.com\/sv\/wp-json\/wp\/v2\/media?parent=13177"}],"wp:term":[{"taxonomy":"product_brand","embeddable":true,"href":"https:\/\/www.storytourist.com\/sv\/wp-json\/wp\/v2\/product_brand?post=13177"},{"taxonomy":"product_cat","embeddable":true,"href":"https:\/\/www.storytourist.com\/sv\/wp-json\/wp\/v2\/product_cat?post=13177"},{"taxonomy":"product_tag","embeddable":true,"href":"https:\/\/www.storytourist.com\/sv\/wp-json\/wp\/v2\/product_tag?post=13177"}],"curies":[{"name":"wp","href":"https:\/\/api.w.org\/{rel}","templated":true}]}}