{"id":12859,"date":"2024-07-04T13:03:44","date_gmt":"2024-07-04T12:03:44","guid":{"rendered":"https:\/\/www.storytourist.com\/?post_type=product&#038;p=12859"},"modified":"2024-07-04T13:03:44","modified_gmt":"2024-07-04T12:03:44","slug":"ghosts-and-ghouls-of-old-town","status":"publish","type":"product","link":"https:\/\/www.storytourist.com\/sv\/tour\/ghosts-and-ghouls-of-old-town\/","title":{"rendered":"Sp\u00f6ken och gastar i Gamla stan"},"content":{"rendered":"<h3>Sp\u00f6ken i Gamla stan<\/h3>\n<p>\u00c4r du nyfiken p\u00e5 vilka sp\u00f6ken och v\u00e5lnader som vandrar runt i Stockholm? F\u00f6lj med Gideon, en av stadens \u00e4ldsta gastar, p\u00e5 en promenad mellan Gamla stans mest hems\u00f6kta platser.<\/p>\n<p>Gideon kom till Norden p\u00e5 900-talet f\u00f6r att missionera, men n\u00e4r han inte hann slutf\u00f6ra sitt uppdrag innan sin d\u00f6d s\u00e5g han sig tvungen att ta till ovanliga metoder. Resultatet blev ett ogenomt\u00e4nkt avtal med Dj\u00e4vulen, vilket \u00e4r sk\u00e4let till att han \u00e4r kvar i Stockholm \u00e4n idag.<\/p>\n<p>Nuf\u00f6rtiden \u00e4r det inte mycket som v\u00e4rmer Gideons kalla hj\u00e4rta, men han blir glad \u00f6ver ditt s\u00e4llskap. Kanske du kan hj\u00e4lpa honom med hans g\u00f6rom\u00e5l som f\u00f6rvaltare f\u00f6r alla sp\u00f6ken i Gamla stan?<\/p>\n<h3>Stockholms m\u00f6rka historia<\/h3>\n<p>Gideon visar v\u00e4gen till de platser d\u00e4r Gamla stans mest k\u00e4nda sp\u00f6ken, som Vita damen, Lasse <a href=\"https:\/\/sv.wikipedia.org\/wiki\/Lasse_Lucidor\">Lucidor<\/a> och Gr\u00e5 Mannen, h\u00e5ller till. P\u00e5 varje plats f\u00e5r du assistera honom med olika uppgifter som beh\u00f6ver utf\u00f6ras f\u00f6r att h\u00e5lla gastarna lugna.<\/p>\n<p>Befria sp\u00f6ken fr\u00e5n deras gravar, lyssna p\u00e5 b\u00f6dlarnas vittnesm\u00e5l och kasta sten p\u00e5 Gideons nemesis; den otroligt irriterande N\u00e4cken. Gideon ber\u00e4ttar allt han vet om Stockholms m\u00f6rka historia medan ni vandrar genom stadens dunkla gr\u00e4nder.<\/p>\n<h3>StoryTourist-appen visar v\u00e4gen<\/h3>\n<p>F\u00f6r att g\u00e5 turen laddar du ned den anv\u00e4ndarv\u00e4nliga StoryTourist-appen. Appen \u00e4r utrustad med karta, GPS-funktion och en digital guide som ser till att du g\u00e5r r\u00e4tt v\u00e4g. N\u00e4r du har k\u00f6pt turen \u00e4r den din att beh\u00e5lla. Du kan anv\u00e4nda den precis n\u00e4r du vill och s\u00e5 ofta som du \u00f6nskar.<\/p>\n<p>Genom StoryTourist-appen f\u00e5r du h\u00f6ra historierna om Stockholms mest k\u00e4nda sp\u00f6ken. Med hj\u00e4lp av appens spelteknologi tar du aktivt del av ber\u00e4ttelsen p\u00e5 varje plats l\u00e4ngs rutten. Det enda du beh\u00f6ver f\u00f6r att kunna utforska Stockholm p\u00e5 ett helt nytt s\u00e4tt \u00e4r en smarttelefon med h\u00f6rlurar. Ytterligare praktisk information om upplevelsen finns under fliken \u201cinstructions\u201d.<\/p>\n<p>Denna StoryTour \u00e4r skriven av <a href=\"https:\/\/www.storytourist.com\/sv\/storytour-creators\/\">Myrna Mostr\u00f6m<\/a>.<\/p>\n","protected":false},"excerpt":{"rendered":"<p><span style=\"font-weight: 400;\">Utforska Stockholms m\u00f6rka sida med ett rysligt stadsvandringsspel<\/span><\/p>\n","protected":false},"featured_media":12861,"template":"","meta":{"_acf_changed":false},"product_brand":[],"product_cat":[147,149],"product_tag":[210,194],"class_list":{"0":"post-12859","1":"product","2":"type-product","3":"status-publish","4":"has-post-thumbnail","6":"product_cat-stockholm","7":"product_cat-sweden","8":"product_tag-ghost-story","9":"product_tag-history","11":"first","12":"instock","13":"virtual","14":"taxable","15":"purchasable","16":"product-type-simple"},"acf":[],"_links":{"self":[{"href":"https:\/\/www.storytourist.com\/sv\/wp-json\/wp\/v2\/product\/12859","targetHints":{"allow":["GET"]}}],"collection":[{"href":"https:\/\/www.storytourist.com\/sv\/wp-json\/wp\/v2\/product"}],"about":[{"href":"https:\/\/www.storytourist.com\/sv\/wp-json\/wp\/v2\/types\/product"}],"wp:featuredmedia":[{"embeddable":true,"href":"https:\/\/www.storytourist.com\/sv\/wp-json\/wp\/v2\/media\/12861"}],"wp:attachment":[{"href":"https:\/\/www.storytourist.com\/sv\/wp-json\/wp\/v2\/media?parent=12859"}],"wp:term":[{"taxonomy":"product_brand","embeddable":true,"href":"https:\/\/www.storytourist.com\/sv\/wp-json\/wp\/v2\/product_brand?post=12859"},{"taxonomy":"product_cat","embeddable":true,"href":"https:\/\/www.storytourist.com\/sv\/wp-json\/wp\/v2\/product_cat?post=12859"},{"taxonomy":"product_tag","embeddable":true,"href":"https:\/\/www.storytourist.com\/sv\/wp-json\/wp\/v2\/product_tag?post=12859"}],"curies":[{"name":"wp","href":"https:\/\/api.w.org\/{rel}","templated":true}]}}