{"id":12622,"date":"2024-04-03T15:43:20","date_gmt":"2024-04-03T14:43:20","guid":{"rendered":"https:\/\/www.storytourist.com\/?post_type=product&#038;p=12622"},"modified":"2024-05-22T11:20:18","modified_gmt":"2024-05-22T10:20:18","slug":"the-headless-horseman-gothenburg","status":"publish","type":"product","link":"https:\/\/www.storytourist.com\/sv\/tour\/the-headless-horseman-gothenburg\/","title":{"rendered":"Den huvudl\u00f6sa ryttaren i G\u00f6teborg"},"content":{"rendered":"<h3>Den huvudl\u00f6sa ryttaren i G\u00f6teborg<\/h3>\n<p>Du har l\u00e4rt k\u00e4nna tv\u00e5 nya v\u00e4nner i ett sp\u00f6kforum p\u00e5 n\u00e4tet. De har hittat en gammal dagbok p\u00e5 ett antikvariat och f\u00f6rs\u00f6ker l\u00f6sa fallet med dess \u00e4gares mystiska f\u00f6rsvinnande. L\u00e4raren Ichabod Cranes tv\u00e5hundra \u00e5r gamla anteckningar handlar om den huvudl\u00f6sa ryttaren och vad som verkar vara en f\u00f6rbannelse som vilar \u00f6ver G\u00f6teborg. Kanske dagboken kan ge er de ledtr\u00e5dar ni beh\u00f6ver f\u00f6r att ta reda p\u00e5 vad som h\u00e4nde med Ichabod?<\/p>\n<p>Du blir medbjuden p\u00e5 en expedition som startar i n\u00e4rheten av centralstationen. V\u00e4nnerna har kartlagt platserna som var centrala i Ichabods liv och tillsammans planerar ni att f\u00f6lja sp\u00e5ren fr\u00e5n dagboken. Men, en av dina nya bekanta dyker inte upp till ert avtalade m\u00f6te&#8230;<\/p>\n<h3>G\u00e5 p\u00e5 sp\u00f6kjakt och l\u00f6s en g\u00e5ta<\/h3>\n<p>G\u00e5 i Ichabod Cranes fotsp\u00e5r genom centrala G\u00f6teborg. P\u00e5 varje plats du bes\u00f6ker deltar du i handlingen genom olika spelmoment. Styr samtal mellan personer, unders\u00f6k mystiska f\u00f6rem\u00e5l och kn\u00e4ck hemliga koder medan du utforskar stadens historiska omgivningar. Din f\u00f6ljeslagare ber\u00e4ttar allt han vet om dagboken och den huvudl\u00f6sa ryttaren medan ni promenerar.<\/p>\n<p>Kommer ni kunna avsl\u00f6ja vad som l\u00e5g bakom Ichabods f\u00f6rsvinnande och hitta er v\u00e4n?<\/p>\n<h3>StoryTourist-appen visar v\u00e4gen<\/h3>\n<p>F\u00f6r att g\u00e5 turen laddar du ned den anv\u00e4ndarv\u00e4nliga StoryTourist-appen. Appen \u00e4r utrustad med karta, GPS-funktion och en digital guide som ser till att du g\u00e5r r\u00e4tt v\u00e4g. N\u00e4r du har k\u00f6pt turen \u00e4r den din att beh\u00e5lla. Du kan anv\u00e4nda den precis n\u00e4r du vill och s\u00e5 ofta som du \u00f6nskar.<\/p>\n<p>Genom StoryTourist-appen f\u00e5r du h\u00f6ra ber\u00e4ttelsen om hur den huvudl\u00f6sa ryttaren pl\u00e5gade G\u00f6teborg. Det enda du beh\u00f6ver f\u00f6r att kunna utforska staden p\u00e5 ett helt nytt s\u00e4tt \u00e4r en smarttelefon med h\u00f6rlurar.<\/p>\n<p>Stadsvandringsspelet \u00e4r en adaption av Washington Irvings novell <a href=\"https:\/\/sv.wikipedia.org\/wiki\/The_Legend_of_Sleepy_Hollow\" target=\"_blank\" rel=\"noopener\">Legenden om Sleepy Hollow<\/a>. Praktisk information om upplevelsen finns under fliken \u201cinstructions\u201d.<\/p>\n","protected":false},"excerpt":{"rendered":"<p><span style=\"font-weight: 400;\">Utforska G\u00f6teborg med ett stadsvandringsspel som bygger p\u00e5 en klassisk skr\u00e4cknovell<\/span><\/p>\n","protected":false},"featured_media":12570,"template":"","meta":{"_acf_changed":false},"product_brand":[],"product_cat":[216,149],"product_tag":[210],"class_list":{"0":"post-12622","1":"product","2":"type-product","3":"status-publish","4":"has-post-thumbnail","6":"product_cat-gothenburg","7":"product_cat-sweden","8":"product_tag-ghost-story","10":"first","11":"instock","12":"virtual","13":"taxable","14":"purchasable","15":"product-type-simple"},"acf":[],"_links":{"self":[{"href":"https:\/\/www.storytourist.com\/sv\/wp-json\/wp\/v2\/product\/12622","targetHints":{"allow":["GET"]}}],"collection":[{"href":"https:\/\/www.storytourist.com\/sv\/wp-json\/wp\/v2\/product"}],"about":[{"href":"https:\/\/www.storytourist.com\/sv\/wp-json\/wp\/v2\/types\/product"}],"wp:featuredmedia":[{"embeddable":true,"href":"https:\/\/www.storytourist.com\/sv\/wp-json\/wp\/v2\/media\/12570"}],"wp:attachment":[{"href":"https:\/\/www.storytourist.com\/sv\/wp-json\/wp\/v2\/media?parent=12622"}],"wp:term":[{"taxonomy":"product_brand","embeddable":true,"href":"https:\/\/www.storytourist.com\/sv\/wp-json\/wp\/v2\/product_brand?post=12622"},{"taxonomy":"product_cat","embeddable":true,"href":"https:\/\/www.storytourist.com\/sv\/wp-json\/wp\/v2\/product_cat?post=12622"},{"taxonomy":"product_tag","embeddable":true,"href":"https:\/\/www.storytourist.com\/sv\/wp-json\/wp\/v2\/product_tag?post=12622"}],"curies":[{"name":"wp","href":"https:\/\/api.w.org\/{rel}","templated":true}]}}