{"id":12511,"date":"2024-05-22T11:04:38","date_gmt":"2024-05-22T10:04:38","guid":{"rendered":"https:\/\/www.storytourist.com\/?post_type=product&#038;p=12511"},"modified":"2024-05-22T11:15:42","modified_gmt":"2024-05-22T10:15:42","slug":"secrets-of-the-vasa-ship","status":"publish","type":"product","link":"https:\/\/www.storytourist.com\/sv\/tour\/secrets-of-the-vasa-ship\/","title":{"rendered":"Vasaskeppets hemlighet"},"content":{"rendered":"<h3>Utforska Vasaskeppets historia p\u00e5 plats<\/h3>\n<p>Agnes var med ombord p\u00e5 skeppet Vasa n\u00e4r det f\u00f6rliste p\u00e5 sin jungfruf\u00e4rd i augusti 1628. Hon var bara fyra \u00e5r d\u00e5, men minns skr\u00e4cken av att hamna i vattnet tillsammans med sin morbror &#8211; en av de smeder som var med och byggde skeppet. Morbrodern lyckades r\u00e4dda Agnes fr\u00e5n att drunkna, men tio \u00e5r senare kan hon fortfarande inte sl\u00e4ppa tanken p\u00e5 att det var n\u00e5got mer som f\u00f6rsvann i djupet den dagen.<\/p>\n<p>I ett l\u00e5st skrin som hennes mor g\u00f6mt undan verkar det finnas svar p\u00e5 det som gnager i Agnes, s\u00e5 hon stj\u00e4l skrinet och ger sig ut i Stockholms vimmel f\u00f6r att ta reda p\u00e5 vad det \u00e4r f\u00f6r hemlighet som Vasa g\u00f6mmer.<\/p>\n<h3>G\u00e5 fr\u00e5n Gamla stan till Skeppsholmen<\/h3>\n<p>Promenera fr\u00e5n Gamla stan till Skeppsholmen med Agnes och delta i ber\u00e4ttelsen p\u00e5 platser l\u00e4ngs v\u00e4gen. Du kan exempelvis styra samtal mellan karakt\u00e4rer, pussla ihop ett s\u00f6nderrivet brev och hj\u00e4lpa Agnes hitta en nyckel till det mystiska skrinet.<\/p>\n<p>Medan du g\u00e5r ber\u00e4ttar Agnes det hon minns av f\u00f6rlisningen. Ni tr\u00e4ffar \u00e4ven andra personer l\u00e4ngs v\u00e4gen, som delar med sig av sina minnen fr\u00e5n den \u00f6desdigra dagen. Kanske n\u00e5gon av dem vet varf\u00f6r Agnes morbror l\u00e4mnade Sverige efter olyckan?<\/p>\n<h3>StoryTourist-appen visar v\u00e4gen<\/h3>\n<p>F\u00f6r att g\u00e5 turen laddar du ned den anv\u00e4ndarv\u00e4nliga StoryTourist-appen. Appen \u00e4r utrustad med karta, spelmotor, GPS-funktion och en digital guide som ser till att du g\u00e5r r\u00e4tt v\u00e4g. N\u00e4r du har k\u00f6pt turen \u00e4r den din att beh\u00e5lla. Du kan anv\u00e4nda den precis n\u00e4r du vill och s\u00e5 ofta som du \u00f6nskar.<\/p>\n<p>Genom StoryTourist-appen f\u00e5r du h\u00f6ra ber\u00e4ttelsen om Vasaskeppets f\u00f6rlisning. Det enda du beh\u00f6ver f\u00f6r att kunna utforska Stockholm p\u00e5 ett helt nytt s\u00e4tt \u00e4r en smarttelefon med h\u00f6rlurar. Fr\u00e5n turens slutpunkt ute p\u00e5 Skeppsholmen \u00e4r det en kort f\u00e4rjetur \u00f6ver till Djurg\u00e5rden och <a href=\"https:\/\/www.vasamuseet.se\/\">Vasamuseet.<\/a><\/p>\n<p>Denna StoryTour \u00e4r skriven av Lia Malm.<\/p>\n","protected":false},"excerpt":{"rendered":"<p><span style=\"font-weight: 400;\">Upplev ber\u00e4ttelsen om den historiska f\u00f6rlisningen med ett sj\u00e4lvguidat stadsvandringsspel<\/span><\/p>\n","protected":false},"featured_media":12537,"template":"","meta":{"_acf_changed":false},"product_brand":[],"product_cat":[147,149],"product_tag":[194],"class_list":{"0":"post-12511","1":"product","2":"type-product","3":"status-publish","4":"has-post-thumbnail","6":"product_cat-stockholm","7":"product_cat-sweden","8":"product_tag-history","10":"first","11":"instock","12":"virtual","13":"taxable","14":"purchasable","15":"product-type-simple"},"acf":[],"_links":{"self":[{"href":"https:\/\/www.storytourist.com\/sv\/wp-json\/wp\/v2\/product\/12511","targetHints":{"allow":["GET"]}}],"collection":[{"href":"https:\/\/www.storytourist.com\/sv\/wp-json\/wp\/v2\/product"}],"about":[{"href":"https:\/\/www.storytourist.com\/sv\/wp-json\/wp\/v2\/types\/product"}],"wp:featuredmedia":[{"embeddable":true,"href":"https:\/\/www.storytourist.com\/sv\/wp-json\/wp\/v2\/media\/12537"}],"wp:attachment":[{"href":"https:\/\/www.storytourist.com\/sv\/wp-json\/wp\/v2\/media?parent=12511"}],"wp:term":[{"taxonomy":"product_brand","embeddable":true,"href":"https:\/\/www.storytourist.com\/sv\/wp-json\/wp\/v2\/product_brand?post=12511"},{"taxonomy":"product_cat","embeddable":true,"href":"https:\/\/www.storytourist.com\/sv\/wp-json\/wp\/v2\/product_cat?post=12511"},{"taxonomy":"product_tag","embeddable":true,"href":"https:\/\/www.storytourist.com\/sv\/wp-json\/wp\/v2\/product_tag?post=12511"}],"curies":[{"name":"wp","href":"https:\/\/api.w.org\/{rel}","templated":true}]}}