{"id":12281,"date":"2024-01-22T08:24:27","date_gmt":"2024-01-22T07:24:27","guid":{"rendered":"https:\/\/www.storytourist.com\/?post_type=product&#038;p=12281"},"modified":"2024-05-22T11:22:38","modified_gmt":"2024-05-22T10:22:38","slug":"the-battle-of-visby","status":"publish","type":"product","link":"https:\/\/www.storytourist.com\/sv\/tour\/the-battle-of-visby\/","title":{"rendered":"Slaget om Visby"},"content":{"rendered":"<p><b>Uppt\u00e4ck slaget om Visby med sp\u00e4nnande ljudvandringsspel<\/b><\/p>\n<p><span style=\"font-weight: 400;\">Huskatten Sigge \u00e4r orolig. Han skulle ju bara visa dig stans b\u00e4sta utsiktsplats n\u00e4r n\u00e5got ov\u00e4ntat h\u00e4nde och hans husse pl\u00f6tsligt f\u00f6rsvann ur sikte. Vanligtvis \u00e4r inte det ett sk\u00e4l till oro, men det \u00e4r annorlunda nu n\u00e4r det larmas om att den danske kungen Valdemar Atterdag och hans soldater marscherar mot Visby. Danskarna har redan er\u00f6vrat Sk\u00e5ne och \u00d6land, nu st\u00e5r Gotland p\u00e5 tur.\u00a0<\/span><\/p>\n<p><span style=\"font-weight: 400;\">Tillsammans med Sigge ger du dig ut f\u00f6r att leta efter husse utanf\u00f6r stadens trygga murar. Kan ni undvika att hamna i stridens hetta p\u00e5 slagf\u00e4ltet och hitta honom innan det \u00e4r f\u00f6r sent?<\/span><\/p>\n<p><b>Visbys historia ur en katts synvinkel<\/b><\/p>\n<p><span style=\"font-weight: 400;\">Du tr\u00e4ffar Sigge n\u00e4ra Skansport, d\u00e4r ni fr\u00e5n toppen av ringmuren kan se varningseldarna lysa r\u00f6da genom dimman. Sigge tar dig sedan med till de platser i och utanf\u00f6r staden d\u00e4r h\u00e4ndelserna kring slaget \u00e4gde rum. P\u00e5 varje plats deltar du i handlingen p\u00e5 olika s\u00e4tt. Leta efter hemliga h\u00e5l i muren f\u00f6r att ta dig ut ur staden och skydda Sigge fr\u00e5n fiendens pilar.<\/span><\/p>\n<p><span style=\"font-weight: 400;\">L\u00e4ngs v\u00e4gen ber\u00e4ttar din fyrbenta f\u00f6ljeslagare allt han vet om Valdemar Atterdag och legenderna som den danska kungens invasion gett upphov till i efterf\u00f6ljande tid.<\/span><\/p>\n<p><b>StoryTourist-appen visar v\u00e4gen<\/b><\/p>\n<p><span style=\"font-weight: 400;\">F\u00f6r att g\u00e5 turen laddar du ned den anv\u00e4ndarv\u00e4nliga StoryTourist-appen. Appen \u00e4r utrustad med karta, spelmotor, GPS-funktion och en digital guide som ser till att du g\u00e5r r\u00e4tt v\u00e4g. N\u00e4r du har k\u00f6pt turen \u00e4r den din att beh\u00e5lla. Du kan anv\u00e4nda den precis n\u00e4r du vill och s\u00e5 ofta som du \u00f6nskar.\u00a0<\/span><\/p>\n<p><span style=\"font-weight: 400;\">Genom StoryTourist-appen f\u00e5r du h\u00f6ra ber\u00e4ttelsen om Valdemar Atterdag och det blodiga slaget om Visby. Det enda du beh\u00f6ver f\u00f6r att kunna utforska Visby p\u00e5 ett helt nytt s\u00e4tt \u00e4r en smarttelefon med h\u00f6rlurar.<\/span><\/p>\n<p>Denna StoryTour \u00e4r skriven av Kajsa Gillsj\u00f6 Collin.<\/p>\n","protected":false},"excerpt":{"rendered":"<p><span style=\"font-weight: 400;\">Ett sp\u00e4nnande stadsvandringsspel om den danska invasionen 1361<\/span><\/p>\n","protected":false},"featured_media":12303,"template":"","meta":{"_acf_changed":false},"product_brand":[],"product_cat":[149,192],"product_tag":[194],"class_list":{"0":"post-12281","1":"product","2":"type-product","3":"status-publish","4":"has-post-thumbnail","6":"product_cat-sweden","7":"product_cat-visby","8":"product_tag-history","10":"first","11":"instock","12":"virtual","13":"taxable","14":"purchasable","15":"product-type-simple"},"acf":[],"_links":{"self":[{"href":"https:\/\/www.storytourist.com\/sv\/wp-json\/wp\/v2\/product\/12281","targetHints":{"allow":["GET"]}}],"collection":[{"href":"https:\/\/www.storytourist.com\/sv\/wp-json\/wp\/v2\/product"}],"about":[{"href":"https:\/\/www.storytourist.com\/sv\/wp-json\/wp\/v2\/types\/product"}],"wp:featuredmedia":[{"embeddable":true,"href":"https:\/\/www.storytourist.com\/sv\/wp-json\/wp\/v2\/media\/12303"}],"wp:attachment":[{"href":"https:\/\/www.storytourist.com\/sv\/wp-json\/wp\/v2\/media?parent=12281"}],"wp:term":[{"taxonomy":"product_brand","embeddable":true,"href":"https:\/\/www.storytourist.com\/sv\/wp-json\/wp\/v2\/product_brand?post=12281"},{"taxonomy":"product_cat","embeddable":true,"href":"https:\/\/www.storytourist.com\/sv\/wp-json\/wp\/v2\/product_cat?post=12281"},{"taxonomy":"product_tag","embeddable":true,"href":"https:\/\/www.storytourist.com\/sv\/wp-json\/wp\/v2\/product_tag?post=12281"}],"curies":[{"name":"wp","href":"https:\/\/api.w.org\/{rel}","templated":true}]}}