{"id":11611,"date":"2023-07-07T11:21:20","date_gmt":"2023-07-07T10:21:20","guid":{"rendered":"https:\/\/www.storytourist.com\/?post_type=product&#038;p=11611"},"modified":"2024-06-07T10:45:34","modified_gmt":"2024-06-07T09:45:34","slug":"stupid-stockholm","status":"publish","type":"product","link":"https:\/\/www.storytourist.com\/sv\/tour\/stupid-stockholm\/","title":{"rendered":"Stackars Stockholm"},"content":{"rendered":"<h3>En skrattretande stadsvandring i Stockholm<\/h3>\n<p>Sp\u00f6ket Glenn Glennsson \u00e4r minst sagt irriterat. En d\u00e5ligt f\u00e4st f\u00f6rt\u00f6jning nere p\u00e5 kajen i G\u00f6teborg var allt som kr\u00e4vdes f\u00f6r att sn\u00e4rta honom ut ur jordelivet och \u00f6ver p\u00e5 den andra sidan. Nu sitter hans sj\u00e4l m\u00e4rkligt nog fast i Stockholm av alla st\u00e4llen. Glenn var ju en stolt v\u00e4stkustbo n\u00e4r han levde, s\u00e5 varf\u00f6r tvingas han hems\u00f6ka just Sveriges baksida? Kan det ha n\u00e5got att g\u00f6ra med en l\u00e5da hans mamma g\u00f6mt undan i ett vindsf\u00f6rr\u00e5d i Gamla stan?<\/p>\n<p>H\u00e4ng med G\u00f6teborgssp\u00f6ket Glenn p\u00e5 en stadsvandring i Stockholm, staden han f\u00f6raktar. L\u00e4r dig mer om Stockholms historia p\u00e5 ett mycket underh\u00e5llande och spelifierat s\u00e4tt!<\/p>\n<h3>Stackars Stockholms alla misslyckanden<\/h3>\n<p>Du st\u00f6ter p\u00e5 Glenn i en gr\u00e4nd i Gamla stan och han lyckas \u00f6vertala dig att f\u00f6lja med p\u00e5 en promenad f\u00f6r att h\u00e4mta l\u00e5dan och frig\u00f6ra hans sj\u00e4l fr\u00e5n huvudstadens klor. L\u00e4ngs v\u00e4gen delar Glenn med sig av sina breda kunskaper om stockholmarnas alla misslyckanden genom tiderna. Mordet p\u00e5 Gustav III till exempel, det var ju otroligt klantigt genomf\u00f6rt. Bygget av regalskeppet Vasa hade vilken g\u00f6teborgsk varvsarbetare som helst klarat b\u00e4ttre. Sen ska vi inte ens prata om Stockholms blodbad&#8230;<\/p>\n<p>Du lyssnar p\u00e5 Glenns ber\u00e4ttelse medan du promenerar, och p\u00e5 varje plats hj\u00e4lper du honom att koppla f\u00f6rem\u00e5len i l\u00e5dan till hans personliga historia. Ju l\u00e4ngre du g\u00e5r desto n\u00e4rmare kommer du sanningen om varf\u00f6r Glenn g\u00e5r igen i en stad han s\u00e5 starkt ogillar.<\/p>\n<h3>StoryTourist-appen visar v\u00e4gen<\/h3>\n<p>F\u00f6r att g\u00e5 turen laddar du ned den anv\u00e4ndarv\u00e4nliga StoryTourist-appen. Appen \u00e4r utrustad med karta, GPS-funktion och en digital guide som ser till att du g\u00e5r r\u00e4tt v\u00e4g. N\u00e4r du har k\u00f6pt turen \u00e4r den din att beh\u00e5lla. Du kan anv\u00e4nda den precis n\u00e4r du vill och s\u00e5 ofta som du \u00f6nskar.<\/p>\n<p>Genom StoryTourist-appen f\u00e5r du h\u00f6ra allt (Glenn tycker) du beh\u00f6ver veta om Stockholms historia. Det enda du beh\u00f6ver f\u00f6r att kunna utforska Stockholm p\u00e5 ett helt nytt s\u00e4tt \u00e4r en smarttelefon med h\u00f6rlurar.<\/p>\n<p>Denna StoryTour \u00e4r skriven av <a href=\"https:\/\/www.storytourist.com\/sv\/storytour-creators\/\">Patrik Jutterstr\u00f6m<\/a>.<\/p>\n","protected":false},"excerpt":{"rendered":"<p>Ett skrattretande, historiskt stadsvandringsspel<\/p>\n","protected":false},"featured_media":11613,"template":"","meta":{"_acf_changed":false},"product_brand":[],"product_cat":[147,149],"product_tag":[194,211],"class_list":{"0":"post-11611","1":"product","2":"type-product","3":"status-publish","4":"has-post-thumbnail","6":"product_cat-stockholm","7":"product_cat-sweden","8":"product_tag-history","9":"product_tag-humor","11":"first","12":"instock","13":"virtual","14":"taxable","15":"purchasable","16":"product-type-simple"},"acf":[],"_links":{"self":[{"href":"https:\/\/www.storytourist.com\/sv\/wp-json\/wp\/v2\/product\/11611","targetHints":{"allow":["GET"]}}],"collection":[{"href":"https:\/\/www.storytourist.com\/sv\/wp-json\/wp\/v2\/product"}],"about":[{"href":"https:\/\/www.storytourist.com\/sv\/wp-json\/wp\/v2\/types\/product"}],"wp:featuredmedia":[{"embeddable":true,"href":"https:\/\/www.storytourist.com\/sv\/wp-json\/wp\/v2\/media\/11613"}],"wp:attachment":[{"href":"https:\/\/www.storytourist.com\/sv\/wp-json\/wp\/v2\/media?parent=11611"}],"wp:term":[{"taxonomy":"product_brand","embeddable":true,"href":"https:\/\/www.storytourist.com\/sv\/wp-json\/wp\/v2\/product_brand?post=11611"},{"taxonomy":"product_cat","embeddable":true,"href":"https:\/\/www.storytourist.com\/sv\/wp-json\/wp\/v2\/product_cat?post=11611"},{"taxonomy":"product_tag","embeddable":true,"href":"https:\/\/www.storytourist.com\/sv\/wp-json\/wp\/v2\/product_tag?post=11611"}],"curies":[{"name":"wp","href":"https:\/\/api.w.org\/{rel}","templated":true}]}}