{"id":11191,"date":"2023-06-07T10:36:22","date_gmt":"2023-06-07T09:36:22","guid":{"rendered":"https:\/\/www.storytourist.com\/sv\/?post_type=product&#038;p=11191"},"modified":"2024-04-12T08:13:15","modified_gmt":"2024-04-12T07:13:15","slug":"den-dodas-dans-berattelsen-om-karna-moller","status":"publish","type":"product","link":"https:\/\/www.storytourist.com\/sv\/tour\/den-dodas-dans-berattelsen-om-karna-moller\/","title":{"rendered":"En sp\u00f6khistoria i Malm\u00f6 &#8211; Den d\u00f6das dans"},"content":{"rendered":"<h3>En sp\u00f6khistoria i Malm\u00f6<\/h3>\n<p>Bryggaren Per Nilsson M\u00f6ller \u00f6dslar ingen tid efter att hans hustru Karna d\u00f6r \u00e5r 1736. Han gifter snart om sig, men det dr\u00f6jer inte l\u00e4nge innan Karna l\u00e5ter meddela hur missn\u00f6jd hon \u00e4r med det beslutet. Snart vittnar grannar, anst\u00e4llda och familjen sj\u00e4lva om hur Karna M\u00f6ller pl\u00e5gar omgivningen med sina sp\u00f6kerier.<br \/>\nMyndigheterna tills\u00e4tter en utredning, Karnas grav gr\u00e4vs upp och kyrkan g\u00f6r vad den kan f\u00f6r att stilla offentlighetens oro. Men trots det ser folk olika skr\u00e4mmande versioner av Karna hems\u00f6ka sitt gamla kvarter. Vad \u00e4r det egentligen hon vill? Och vad \u00e4r det som till slut ger henne ro?<\/p>\n<h3>G\u00e5 p\u00e5 sp\u00f6kjakt i centrala stan<\/h3>\n<p>Du har avtalat att tr\u00e4ffa sk\u00e5despelaren Henriette p\u00e5 Kalendegatan, d\u00e4r Karnas sp\u00f6kerier b\u00f6rjade. Henriette jobbar p\u00e5 Malm\u00f6 stadsteaters teaterscen Hippodromen, vilken byggdes p\u00e5 den plats d\u00e4r Per och Karna M\u00f6llers hus och bryggeri tidigare legat. Precis som flera av de andra sk\u00e5despelarna p\u00e5 Hipp har Henriette k\u00e4nt Karnas n\u00e4rvaro ute i kulisserna. Hennes intresse f\u00f6r Karna har resulterat i en stor samling material som hon vill visa dig.<\/p>\n<p>Tillsammans g\u00e5r du och Henriette p\u00e5 n\u00e5got av en sp\u00f6kjakt genom centrala Malm\u00f6. Ni f\u00f6ljer Karnas sp\u00e5r och bes\u00f6ker de platser i staden d\u00e4r hennes historia utspelade sig. L\u00e4ngs v\u00e4gen ber\u00e4ttar Henriette allt hon vet om Karna och med hj\u00e4lp av foton, illustrationer och spelelement tar du aktivt del av av ber\u00e4ttelsen.<\/p>\n<h3>StoryTourist-appen visar v\u00e4gen<\/h3>\n<p>F\u00f6r att g\u00e5 turen laddar du ned den anv\u00e4ndarv\u00e4nliga StoryTourist-appen. Appen \u00e4r utrustad med karta, GPS-funktion och en digital guide som ser till att du g\u00e5r r\u00e4tt v\u00e4g. N\u00e4r du har k\u00f6pt turen \u00e4r den din att beh\u00e5lla. Du kan anv\u00e4nda den precis n\u00e4r du vill och s\u00e5 ofta du \u00f6nskar.<\/p>\n<p>Genom StoryTourist-appen f\u00e5r du h\u00f6ra sanningen bakom denna sp\u00f6khistoria i Malm\u00f6. Det enda du beh\u00f6ver f\u00f6r att kunna utforska Malm\u00f6 p\u00e5 ett helt nytt s\u00e4tt \u00e4r en smarttelefon med h\u00f6rlurar.<\/p>\n<p>Denna StoryTour \u00e4r skriven av <a href=\"https:\/\/www.storytourist.com\/sv\/storytour-creators\/\">Marie Metso<\/a>.<\/p>\n","protected":false},"excerpt":{"rendered":"<p><span style=\"font-weight: 400;\">Ett sj\u00e4lvguidat stadsvandringsspel om Karna M\u00f6ller, stadens mest k\u00e4nda sp\u00f6ke<\/span><\/p>\n","protected":false},"featured_media":11312,"template":"","meta":{"_acf_changed":false},"product_brand":[],"product_cat":[149,207],"product_tag":[210,194],"class_list":{"0":"post-11191","1":"product","2":"type-product","3":"status-publish","4":"has-post-thumbnail","6":"product_cat-sweden","7":"product_cat-malmo","8":"product_tag-ghost-story","9":"product_tag-history","11":"first","12":"instock","13":"virtual","14":"taxable","15":"purchasable","16":"product-type-simple"},"acf":[],"_links":{"self":[{"href":"https:\/\/www.storytourist.com\/sv\/wp-json\/wp\/v2\/product\/11191","targetHints":{"allow":["GET"]}}],"collection":[{"href":"https:\/\/www.storytourist.com\/sv\/wp-json\/wp\/v2\/product"}],"about":[{"href":"https:\/\/www.storytourist.com\/sv\/wp-json\/wp\/v2\/types\/product"}],"wp:featuredmedia":[{"embeddable":true,"href":"https:\/\/www.storytourist.com\/sv\/wp-json\/wp\/v2\/media\/11312"}],"wp:attachment":[{"href":"https:\/\/www.storytourist.com\/sv\/wp-json\/wp\/v2\/media?parent=11191"}],"wp:term":[{"taxonomy":"product_brand","embeddable":true,"href":"https:\/\/www.storytourist.com\/sv\/wp-json\/wp\/v2\/product_brand?post=11191"},{"taxonomy":"product_cat","embeddable":true,"href":"https:\/\/www.storytourist.com\/sv\/wp-json\/wp\/v2\/product_cat?post=11191"},{"taxonomy":"product_tag","embeddable":true,"href":"https:\/\/www.storytourist.com\/sv\/wp-json\/wp\/v2\/product_tag?post=11191"}],"curies":[{"name":"wp","href":"https:\/\/api.w.org\/{rel}","templated":true}]}}