{"id":11125,"date":"2023-05-15T08:17:47","date_gmt":"2023-05-15T07:17:47","guid":{"rendered":"https:\/\/www.storytourist.com\/sv\/?post_type=product&#038;p=11125"},"modified":"2024-06-07T10:47:06","modified_gmt":"2024-06-07T09:47:06","slug":"jag-ar-hellre-i-elden-historien-om-malin-matsdotter","status":"publish","type":"product","link":"https:\/\/www.storytourist.com\/sv\/tour\/jag-ar-hellre-i-elden-historien-om-malin-matsdotter\/","title":{"rendered":"H\u00e4xprocesserna i Stockholm"},"content":{"rendered":"<h3>Vem var Malin Matsdotter?<\/h3>\n<p><span style=\"font-weight: 400;\">De svenska h\u00e4xprocesserna, eller &#8221;Det stora ov\u00e4sendet&#8221;, kulminerade i Stockholm \u00e5r 1676. Malin Matsdotter var en av m\u00e5nga kvinnor som offrades n\u00e4r statliga tj\u00e4nstem\u00e4n f\u00f6rs\u00f6kte h\u00e5lla medborgarna lugna med offentliga avr\u00e4ttningar. Bara n\u00e5gra m\u00e5nader tidigare hade en grupp barn och unga pigor lyckats sprida panik i Katarina f\u00f6rsamling. De lekte bl\u00e5kullalekar, drabbades av mystiska krampanfall och h\u00e4vdade att de sett saker som inte var synliga f\u00f6r vuxna \u00f6gon. Till slut jagade skr\u00e4mda f\u00f6r\u00e4ldrar trollkonor runt varje gath\u00f6rn. Grannar v\u00e4nde sig mot varandra.<\/span><\/p>\n<p><span style=\"font-weight: 400;\">Malin Matsdotter var en excentrisk dam med en finsk accent, vilket var tillr\u00e4ckliga sk\u00e4l f\u00f6r att barnen skulle rikta pekfingret mot henne. Men varf\u00f6r var Malins straff h\u00e5rdare \u00e4n n\u00e5gon annans? Och vad h\u00e4nde den dag domstolen uppt\u00e4ckte att barnens lekar var precis det &#8211; bara lekar?<\/span><\/p>\n<h3>H\u00e4xprocesserna i Stockholm<\/h3>\n<p><span style=\"font-weight: 400;\">Du tr\u00e4ffar tolv\u00e5riga Gertrud vid en av Stockholms vackra utsiktspunkter p\u00e5 Mariaberget. Gertrud bodde granne med Malin Matsdotter. Hon \u00e4r orolig \u00f6ver ett samtal hon h\u00f6rde dig ha med hennes bror. Det stora ov\u00e4sendet \u00e4r visserligen \u00f6ver, men Gertrud tror att m\u00e4nniskor som hennes bror kan t\u00e4nda hysterins flammor igen.<\/span><\/p>\n<p><span style=\"font-weight: 400;\">Tillsammans ger du och Gertrud er ut p\u00e5 en promenad genom 1600-talets S\u00f6dermalm. Ni bes\u00f6ker platserna d\u00e4r den sanna historien om Malin Matsdotters fruktansv\u00e4rda \u00f6de \u00e4gde rum. Gertrud ber\u00e4ttar allt hon vet om vad som h\u00e4nde medan ni g\u00e5r, och p\u00e5 varje ny plats kan du aktivt delta i ber\u00e4ttelsen genom ljud, illustrationer och spelmoment.<\/span><\/p>\n<h3>StoryTourist-appen visar v\u00e4gen<\/h3>\n<p><span style=\"font-weight: 400;\">F\u00f6r att g\u00e5 turen laddar du ner den anv\u00e4ndarv\u00e4nliga StoryTourist-appen. Appen \u00e4r utrustad med en karta, GPS och en digital guide som ser till att du g\u00e5r r\u00e4tt v\u00e4g. N\u00e4r du har k\u00f6pt turen \u00e4r den din att beh\u00e5lla. Du kan anv\u00e4nda den precis n\u00e4r du vill och s\u00e5 ofta du \u00f6nskar.<\/span><\/p>\n<p><span style=\"font-weight: 400;\">Genom StoryTourist-appen l\u00e4r du k\u00e4nna Gertrud, Malin och de andra kvinnorna som var inblandade i Stockholms h\u00e4xprocesser. Det enda du beh\u00f6ver f\u00f6r att kunna utforska S\u00f6dermalm p\u00e5 ett helt nytt s\u00e4tt \u00e4r en smarttelefon med h\u00f6rlurar.<\/span><\/p>\n<p>Denna StoryTour \u00e4r skriven av <a href=\"https:\/\/www.storytourist.com\/sv\/storytour-creators\/\">Myrna Mostr\u00f6m<\/a>.<\/p>\n","protected":false},"excerpt":{"rendered":"<p><span style=\"font-weight: 400;\">Utforska S\u00f6dermalm med en sj\u00e4lvguidad ljudvandring baserad p\u00e5 den sanna ber\u00e4ttelsen om Malin Matsdotter<\/span><\/p>\n","protected":false},"featured_media":11127,"template":"","meta":{"_acf_changed":false},"product_brand":[],"product_cat":[147,149],"product_tag":[194],"class_list":{"0":"post-11125","1":"product","2":"type-product","3":"status-publish","4":"has-post-thumbnail","6":"product_cat-stockholm","7":"product_cat-sweden","8":"product_tag-history","10":"first","11":"instock","12":"virtual","13":"taxable","14":"purchasable","15":"product-type-simple"},"acf":[],"_links":{"self":[{"href":"https:\/\/www.storytourist.com\/sv\/wp-json\/wp\/v2\/product\/11125","targetHints":{"allow":["GET"]}}],"collection":[{"href":"https:\/\/www.storytourist.com\/sv\/wp-json\/wp\/v2\/product"}],"about":[{"href":"https:\/\/www.storytourist.com\/sv\/wp-json\/wp\/v2\/types\/product"}],"wp:featuredmedia":[{"embeddable":true,"href":"https:\/\/www.storytourist.com\/sv\/wp-json\/wp\/v2\/media\/11127"}],"wp:attachment":[{"href":"https:\/\/www.storytourist.com\/sv\/wp-json\/wp\/v2\/media?parent=11125"}],"wp:term":[{"taxonomy":"product_brand","embeddable":true,"href":"https:\/\/www.storytourist.com\/sv\/wp-json\/wp\/v2\/product_brand?post=11125"},{"taxonomy":"product_cat","embeddable":true,"href":"https:\/\/www.storytourist.com\/sv\/wp-json\/wp\/v2\/product_cat?post=11125"},{"taxonomy":"product_tag","embeddable":true,"href":"https:\/\/www.storytourist.com\/sv\/wp-json\/wp\/v2\/product_tag?post=11125"}],"curies":[{"name":"wp","href":"https:\/\/api.w.org\/{rel}","templated":true}]}}