{"id":11098,"date":"2023-05-15T08:18:24","date_gmt":"2023-05-15T07:18:24","guid":{"rendered":"https:\/\/www.storytourist.com\/?post_type=product&#038;p=11098"},"modified":"2024-06-07T10:46:25","modified_gmt":"2024-06-07T09:46:25","slug":"wendelas-hemlighet","status":"publish","type":"product","link":"https:\/\/www.storytourist.com\/sv\/tour\/wendelas-hemlighet\/","title":{"rendered":"Uppt\u00e4ck Wendelas hemlighet i Stockholm"},"content":{"rendered":"<h3>L\u00e4r k\u00e4nna Wendela Hebbe<\/h3>\n<p>N\u00e4r Wendelas man flyr utomlands efter ett misslyckat bedr\u00e4gerif\u00f6rs\u00f6k, tvingas hon skapa ett helt nytt liv f\u00f6r sig sj\u00e4lv och parets tre d\u00f6ttrar. Pr\u00e4stdottern Wendela Hebbe v\u00e4nder 1800-talets regler och normer ryggen och flyttar till Stockholm med barnen f\u00f6r att starta en karri\u00e4r som skribent.<\/p>\n<p>Hon charmerar snabbt n\u00e5gra av Sveriges st\u00f6rsta kulturpersonligheter, f\u00e5r anst\u00e4llning som journalist p\u00e5 kv\u00e4llstidningen Aftonbladet och tar in fostersonen Edvard. Men p\u00e5 stan skvallras det bakom Wendelas rygg om de skandaler och relationer som pr\u00e4glar hennes liv.<\/p>\n<h3>Kliv in i ber\u00e4ttelsen<\/h3>\n<p>Vill du veta mer om Wendela Hebbe? Kliv in i ber\u00e4ttelsen och ta en promenad genom Gamla stan f\u00f6r att uppleva 1850-talets Stockholm. Den h\u00e4r interaktiva ljudupplevelsen tar dig med till flera historiska platser i stadens gamla stadsk\u00e4rna. Din f\u00f6ljeslagare och turens ber\u00e4ttarr\u00f6st \u00e4r Wendelas fosterson Edvard. P\u00e5 sin tretton\u00e5rsdag fick han ett kuvert av Wendela, tillsammans med uppmaningen om att hitta resten av delarna av det dokument som l\u00e5g i kuvertet.<\/p>\n<p>Tillsammans ger du och Edvard er ut p\u00e5 en jakt l\u00e4ngs kullerstensbelagda gator och gr\u00e4nder. Han tar dig med till de platser som varit viktiga i Wendelas liv och p\u00e5 varje ny adress uppt\u00e4cker ni en ny liten bit av ber\u00e4ttelsen om vem hon var. F\u00f6r varje steg ni tar n\u00e4rmar ni er sanningen om Wendelas hemlighet.<\/p>\n<h3>StoryTourist-appen visar v\u00e4gen<\/h3>\n<p>F\u00f6r att g\u00e5 turen laddar du ned den anv\u00e4ndarv\u00e4nliga StoryTourist-appen. Appen \u00e4r utrustad med karta, GPS-funktion och en digital guide som ser till att du g\u00e5r r\u00e4tt v\u00e4g. N\u00e4r du har k\u00f6pt turen \u00e4r den din att beh\u00e5lla. Du kan anv\u00e4nda den precis n\u00e4r du vill och s\u00e5 ofta du \u00f6nskar.<\/p>\n<p>Med hj\u00e4lp av foton, illustrationer och spelmoment f\u00e5r du genom StoryTourist-appen l\u00e4ra k\u00e4nna Wendela, Edvard och de andra personerna i hennes liv. Det enda du beh\u00f6ver f\u00f6r att kunna utforska Gamla stan p\u00e5 ett helt nytt s\u00e4tt \u00e4r en smarttelefon med h\u00f6rlurar.<\/p>\n<p>Wendelas hemlighet \u00e4r skriven av <a href=\"https:\/\/www.storytourist.com\/sv\/storytour-creators\/\">Felicia Welander<\/a>.<\/p>\n","protected":false},"excerpt":{"rendered":"<p><span style=\"font-weight: 400;\">En sj\u00e4lvguidad ljudvandring om Sveriges f\u00f6rsta kvinnliga journalist<\/span><\/p>\n","protected":false},"featured_media":11100,"template":"","meta":{"_acf_changed":false},"product_brand":[],"product_cat":[147,149],"product_tag":[194],"class_list":{"0":"post-11098","1":"product","2":"type-product","3":"status-publish","4":"has-post-thumbnail","6":"product_cat-stockholm","7":"product_cat-sweden","8":"product_tag-history","10":"first","11":"instock","12":"virtual","13":"taxable","14":"purchasable","15":"product-type-simple"},"acf":[],"_links":{"self":[{"href":"https:\/\/www.storytourist.com\/sv\/wp-json\/wp\/v2\/product\/11098","targetHints":{"allow":["GET"]}}],"collection":[{"href":"https:\/\/www.storytourist.com\/sv\/wp-json\/wp\/v2\/product"}],"about":[{"href":"https:\/\/www.storytourist.com\/sv\/wp-json\/wp\/v2\/types\/product"}],"wp:featuredmedia":[{"embeddable":true,"href":"https:\/\/www.storytourist.com\/sv\/wp-json\/wp\/v2\/media\/11100"}],"wp:attachment":[{"href":"https:\/\/www.storytourist.com\/sv\/wp-json\/wp\/v2\/media?parent=11098"}],"wp:term":[{"taxonomy":"product_brand","embeddable":true,"href":"https:\/\/www.storytourist.com\/sv\/wp-json\/wp\/v2\/product_brand?post=11098"},{"taxonomy":"product_cat","embeddable":true,"href":"https:\/\/www.storytourist.com\/sv\/wp-json\/wp\/v2\/product_cat?post=11098"},{"taxonomy":"product_tag","embeddable":true,"href":"https:\/\/www.storytourist.com\/sv\/wp-json\/wp\/v2\/product_tag?post=11098"}],"curies":[{"name":"wp","href":"https:\/\/api.w.org\/{rel}","templated":true}]}}