{"id":10510,"date":"2022-09-19T07:33:17","date_gmt":"2022-09-19T06:33:17","guid":{"rendered":"https:\/\/www.storytourist.com\/?post_type=product&#038;p=10510"},"modified":"2024-06-07T10:47:55","modified_gmt":"2024-06-07T09:47:55","slug":"snabba-cash","status":"publish","type":"product","link":"https:\/\/www.storytourist.com\/sv\/tour\/snabba-cash\/","title":{"rendered":"Snabba Cash &#8211; bes\u00f6k Stockholms undre v\u00e4rld"},"content":{"rendered":"<h3>Snabba cash<\/h3>\n<p><span style=\"font-weight: 400;\">Knarklangaren Jorge \u00e4r inl\u00e5st, Stureplansbraten JW \u00e4r pank och indrivaren Mrado \u00e4r missn\u00f6jd med sin karri\u00e4r. S\u00e5 b\u00f6rjar handlingen i Snabba cash n\u00e4r du st\u00e5r vid Narvav\u00e4gen i Stockholm. Medan du promenerar genom \u00d6stermalm h\u00f6r du de tre huvudpersonerna ber\u00e4tta om livet i Stockholms undre v\u00e4rld och hur deras v\u00e4gar korsas.\u00a0<\/span><\/p>\n<p><span style=\"font-weight: 400;\">Jorge drivs av h\u00e4mndbeg\u00e4r och en kamp f\u00f6r ett b\u00e4ttre liv. Det enda JW vill \u00e4r att tj\u00e4na s\u00e5 mycket pengar att han kan sm\u00e4lta in bland sina f\u00f6rm\u00f6gna v\u00e4nner. Mrado har tr\u00f6ttnat p\u00e5 att lyda order fr\u00e5n maffiabossen Radovan och letar efter en v\u00e4g ut ur organisationen. Alla tre spelar ett h\u00f6gt spel i Stockholms undre v\u00e4rld. Fr\u00e5gan \u00e4r vem som kommer vinna och vem som f\u00f6rlorar?<\/span><\/p>\n<h3>Kliv in i ber\u00e4ttelsen<\/h3>\n<p><span style=\"font-weight: 400;\">Kliv in i Jens Lapidus b\u00e4sts\u00e4ljande roman Snabba cash och upplev ber\u00e4ttelsen p\u00e5 plats. Med detta interaktiva city exploration game genom centrala Stockholm bes\u00f6ker du adresserna d\u00e4r Jorge, JW och Mrado vistas. P\u00e5 varje plats f\u00e5r du en m\u00f6jlighet att sj\u00e4lv delta i handlingen genom olika spelmoment. Styr samtal mellan karakt\u00e4rerna och leta efter g\u00f6mda meddelanden f\u00f6r att hj\u00e4lpa Jorge rymma fr\u00e5n f\u00e4ngelset.<\/span><\/p>\n<p><span style=\"font-weight: 400;\">StoryTourist-appen kombinerar en GPS-styrd stadsvandring med ljudbok och mobilspel. Med hj\u00e4lp av illustrationer, animation och ljud upplever du Snabba cash p\u00e5 ett helt nytt s\u00e4tt.\u00a0<\/span><\/p>\n<h3>StoryTourist-appen visar v\u00e4gen<\/h3>\n<p><span style=\"font-weight: 400;\">F\u00f6r att g\u00e5 turen laddar du ned StoryTourist-appen.\u00a0 Appen \u00e4r utrustad med karta och guide-funktion som ser till att du g\u00e5r r\u00e4tt v\u00e4g. N\u00e4r du har k\u00f6pt turen \u00e4r den din att beh\u00e5lla. Du kan anv\u00e4nda den precis n\u00e4r du vill och s\u00e5 ofta du \u00f6nskar. Upplevelsen funkar lika bra att g\u00f6ra ensam som i grupp.<\/span><\/p>\n<p><span style=\"font-weight: 400;\">Det enda du beh\u00f6ver f\u00f6r att kunna kliva in i ber\u00e4ttelsen om Jorge, JW och Mrado \u00e4r en smarttelefon och h\u00f6rlurar. K\u00f6p turen, ladda ned appen och ta dig till startpunkten p\u00e5 Narvav\u00e4gen.<\/span><\/p>\n","protected":false},"excerpt":{"rendered":"<p><span style=\"font-weight: 400;\">\u00a0Ett sj\u00e4lvguidat stadsvandringsspel baserat p\u00e5 Jens Lapidus b\u00e4sts\u00e4ljare<\/span><\/p>\n","protected":false},"featured_media":10512,"template":"","meta":{"_acf_changed":false},"product_brand":[],"product_cat":[147,149],"product_tag":[161],"class_list":{"0":"post-10510","1":"product","2":"type-product","3":"status-publish","4":"has-post-thumbnail","6":"product_cat-stockholm","7":"product_cat-sweden","8":"product_tag-crime","10":"first","11":"instock","12":"virtual","13":"taxable","14":"purchasable","15":"product-type-simple"},"acf":[],"_links":{"self":[{"href":"https:\/\/www.storytourist.com\/sv\/wp-json\/wp\/v2\/product\/10510","targetHints":{"allow":["GET"]}}],"collection":[{"href":"https:\/\/www.storytourist.com\/sv\/wp-json\/wp\/v2\/product"}],"about":[{"href":"https:\/\/www.storytourist.com\/sv\/wp-json\/wp\/v2\/types\/product"}],"wp:featuredmedia":[{"embeddable":true,"href":"https:\/\/www.storytourist.com\/sv\/wp-json\/wp\/v2\/media\/10512"}],"wp:attachment":[{"href":"https:\/\/www.storytourist.com\/sv\/wp-json\/wp\/v2\/media?parent=10510"}],"wp:term":[{"taxonomy":"product_brand","embeddable":true,"href":"https:\/\/www.storytourist.com\/sv\/wp-json\/wp\/v2\/product_brand?post=10510"},{"taxonomy":"product_cat","embeddable":true,"href":"https:\/\/www.storytourist.com\/sv\/wp-json\/wp\/v2\/product_cat?post=10510"},{"taxonomy":"product_tag","embeddable":true,"href":"https:\/\/www.storytourist.com\/sv\/wp-json\/wp\/v2\/product_tag?post=10510"}],"curies":[{"name":"wp","href":"https:\/\/api.w.org\/{rel}","templated":true}]}}