{"id":5287,"date":"2020-11-26T15:02:05","date_gmt":"2020-11-26T15:02:05","guid":{"rendered":"https:\/\/www.storytourist.com\/?page_id=5287"},"modified":"2021-03-18T10:25:46","modified_gmt":"2021-03-18T10:25:46","slug":"pressmeddelande-wallander-fotografens-dod","status":"publish","type":"page","link":"https:\/\/www.storytourist.com\/sv\/pressmeddelande-wallander-fotografens-dod\/","title":{"rendered":"Pressmeddelande &#8211; Wallander: Fotografens d\u00f6d"},"content":{"rendered":"\t\t<div data-elementor-type=\"wp-page\" data-elementor-id=\"5287\" class=\"elementor elementor-5287\" data-elementor-post-type=\"page\">\n\t\t\t\t\t\t<section class=\"elementor-section elementor-top-section elementor-element elementor-element-1f53200 elementor-section-stretched elementor-section-full_width elementor-section-height-default elementor-section-height-default\" data-id=\"1f53200\" data-element_type=\"section\" data-e-type=\"section\" data-settings=\"{&quot;stretch_section&quot;:&quot;section-stretched&quot;}\">\n\t\t\t\t\t\t<div class=\"elementor-container elementor-column-gap-default\">\n\t\t\t\t\t<div class=\"elementor-column elementor-col-100 elementor-top-column elementor-element elementor-element-b9f2162\" data-id=\"b9f2162\" data-element_type=\"column\" data-e-type=\"column\">\n\t\t\t<div class=\"elementor-widget-wrap elementor-element-populated\">\n\t\t\t\t\t\t<div class=\"elementor-element elementor-element-0e5fad5 dce_masking-none elementor-widget elementor-widget-image\" data-id=\"0e5fad5\" data-element_type=\"widget\" data-e-type=\"widget\" data-widget_type=\"image.default\">\n\t\t\t\t<div class=\"elementor-widget-container\">\n\t\t\t\t\t\t\t\t\t\t\t\t\t\t\t<img data-opt-id=915748647  fetchpriority=\"high\" decoding=\"async\" src=\"https:\/\/mllm7nfkytow.i.optimole.com\/w:1920\/h:400\/q:mauto\/f:best\/https:\/\/www.storytourist.com\/wp-content\/uploads\/2020\/10\/Hemsidebanner-Wallander-2.jpg\" title=\"Wallander Banner\" alt=\"Wallander Banner\" loading=\"lazy\" \/>\t\t\t\t\t\t\t\t\t\t\t\t\t\t\t<\/div>\n\t\t\t\t<\/div>\n\t\t\t\t<div class=\"elementor-element elementor-element-521789c elementor-widget elementor-widget-spacer\" data-id=\"521789c\" data-element_type=\"widget\" data-e-type=\"widget\" data-widget_type=\"spacer.default\">\n\t\t\t\t<div class=\"elementor-widget-container\">\n\t\t\t\t\t\t\t<div class=\"elementor-spacer\">\n\t\t\t<div class=\"elementor-spacer-inner\"><\/div>\n\t\t<\/div>\n\t\t\t\t\t\t<\/div>\n\t\t\t\t<\/div>\n\t\t\t\t\t<\/div>\n\t\t<\/div>\n\t\t\t\t\t<\/div>\n\t\t<\/section>\n\t\t\t\t<section class=\"elementor-section elementor-top-section elementor-element elementor-element-e1a78f4 elementor-section-boxed elementor-section-height-default elementor-section-height-default\" data-id=\"e1a78f4\" data-element_type=\"section\" data-e-type=\"section\">\n\t\t\t\t\t\t<div class=\"elementor-container elementor-column-gap-default\">\n\t\t\t\t\t<div data-dce-background-color=\"rgba(127,103,77,0)\" class=\"elementor-column elementor-col-100 elementor-top-column elementor-element elementor-element-fb0d71f\" data-id=\"fb0d71f\" data-element_type=\"column\" data-e-type=\"column\" data-settings=\"{&quot;background_background&quot;:&quot;classic&quot;}\">\n\t\t\t<div class=\"elementor-widget-wrap elementor-element-populated\">\n\t\t\t\t\t\t<div class=\"elementor-element elementor-element-b5482f5 dce_masking-none elementor-widget elementor-widget-image\" data-id=\"b5482f5\" data-element_type=\"widget\" data-e-type=\"widget\" data-widget_type=\"image.default\">\n\t\t\t\t<div class=\"elementor-widget-container\">\n\t\t\t\t\t\t\t\t\t\t\t\t\t\t\t<img data-opt-id=362913168  fetchpriority=\"high\" decoding=\"async\" src=\"https:\/\/mllm7nfkytow.i.optimole.com\/w:1411\/h:972\/q:mauto\/f:best\/https:\/\/www.storytourist.com\/wp-content\/uploads\/2020\/11\/Wallander_BlogBanner.png\" title=\"Wallander: The Death of the Photographer\" alt=\"Wallander: The Death of the Photographer\" loading=\"lazy\" \/>\t\t\t\t\t\t\t\t\t\t\t\t\t\t\t<\/div>\n\t\t\t\t<\/div>\n\t\t\t\t\t<\/div>\n\t\t<\/div>\n\t\t\t\t\t<\/div>\n\t\t<\/section>\n\t\t\t\t<section class=\"elementor-section elementor-top-section elementor-element elementor-element-a4f16f1 elementor-section-boxed elementor-section-height-default elementor-section-height-default\" data-id=\"a4f16f1\" data-element_type=\"section\" data-e-type=\"section\">\n\t\t\t\t\t\t<div class=\"elementor-container elementor-column-gap-default\">\n\t\t\t\t\t<div class=\"elementor-column elementor-col-100 elementor-top-column elementor-element elementor-element-6da5827\" data-id=\"6da5827\" data-element_type=\"column\" data-e-type=\"column\">\n\t\t\t<div class=\"elementor-widget-wrap elementor-element-populated\">\n\t\t\t\t\t\t<div class=\"elementor-element elementor-element-a827502 elementor-widget elementor-widget-post-info\" data-id=\"a827502\" data-element_type=\"widget\" data-e-type=\"widget\" data-widget_type=\"post-info.default\">\n\t\t\t\t<div class=\"elementor-widget-container\">\n\t\t\t\t\t\t\t<ul class=\"elementor-inline-items elementor-icon-list-items elementor-post-info\">\n\t\t\t\t\t\t\t\t<li class=\"elementor-icon-list-item elementor-repeater-item-905c75e elementor-inline-item\" itemprop=\"datePublished\">\n\t\t\t\t\t\t<a href=\"https:\/\/www.storytourist.com\/sv\/2020\/11\/26\/\">\n\t\t\t\t\t\t\t\t\t\t\t<span class=\"elementor-icon-list-icon\">\n\t\t\t\t\t\t\t\t<i aria-hidden=\"true\" class=\"fas fa-calendar\"><\/i>\t\t\t\t\t\t\t<\/span>\n\t\t\t\t\t\t\t\t\t<span class=\"elementor-icon-list-text elementor-post-info__item elementor-post-info__item--type-date\">\n\t\t\t\t\t\t\t\t\t\t<time>november 26, 2020<\/time>\t\t\t\t\t<\/span>\n\t\t\t\t\t\t\t\t\t<\/a>\n\t\t\t\t<\/li>\n\t\t\t\t<\/ul>\n\t\t\t\t\t\t<\/div>\n\t\t\t\t<\/div>\n\t\t\t\t<div class=\"elementor-element elementor-element-6310c3d elementor-widget elementor-widget-heading\" data-id=\"6310c3d\" data-element_type=\"widget\" data-e-type=\"widget\" data-widget_type=\"heading.default\">\n\t\t\t\t<div class=\"elementor-widget-container\">\n\t\t\t\t\t<h2 class=\"elementor-heading-title elementor-size-default\">Interaktiv Wallander-stadsvandring i Ystad d\u00e4r du l\u00f6ser fallet<\/h2>\t\t\t\t<\/div>\n\t\t\t\t<\/div>\n\t\t\t\t<div class=\"elementor-element elementor-element-f47a2e7 elementor-widget elementor-widget-text-editor\" data-id=\"f47a2e7\" data-element_type=\"widget\" data-e-type=\"widget\" data-widget_type=\"text-editor.default\">\n\t\t\t\t<div class=\"elementor-widget-container\">\n\t\t\t\t\t\t\t\t\t<p><strong>Henning Mankells b\u00f6cker om Wallander har satt Ystad p\u00e5 v\u00e4rldskartan. Den h\u00e4r veckan lanserar<\/strong><br \/><strong>StoryTourist en upplevelse som ger dig m\u00f6jlighet att utforska staden genom deckarnovellen<\/strong><br \/><strong>Fotografens d\u00f6d. \u201dI \u00e5r v\u00e4ljer m\u00e5nga att turista inom Sveriges gr\u00e4nser. Till v\u00e5rt uppm\u00e4rksammade<\/strong><br \/><strong>bibliotek med app-baserade stadsvandringar l\u00e4gger vi nu en Wallander-tur genom Ystad\u201d, s\u00e4ger<\/strong><br \/><strong>Johanna Forsman, StoryTourists VD och medgrundare.<\/strong><\/p><p>Det \u00e4r en kulen v\u00e5rmorgon i Ystad 1988. Poliskommissarie Kurt Wallander \u00e4ter frukost p\u00e5 Fridolfs n\u00e4r<br \/>hans kollega Martinsson anl\u00e4nder till konditoriet. En lokal fotograf har hittats brutalt m\u00f6rdad i sin<br \/>studio. Omst\u00e4ndigheterna kring mordet \u00e4r m\u00e4rkliga och \u00e4n underligare blir det n\u00e4r Wallander hittar<br \/>ett fotoalbum p\u00e5 mordplatsen \u2013 ett album som inneh\u00e5ller en groteskt f\u00f6rvriden bild av honom sj\u00e4lv.<\/p><p>Stadsvandringen \u00e4r baserad p\u00e5 Henning Mankells Wallander-novell Fotografens d\u00f6d och upplevs<br \/>genom den GPS-baserade appen StoryTourist. Under turen lyssnar du p\u00e5 ber\u00e4ttelsen och utforskar<br \/>Ystad genom att bes\u00f6ka platserna d\u00e4r historien utspelar sig. Du kartl\u00e4gger hur g\u00e4rningspersonen r\u00f6rt<br \/>sig genom staden, letar ledtr\u00e5dar i din omgivning och samlar bevismaterial \u2013 tills det st\u00e5r klart vem<br \/>som utf\u00f6rt d\u00e5det. Din guide, och deckarhistoriens ber\u00e4ttarr\u00f6st, \u00e4r sk\u00e5despelaren Fredrik Gunnarsson<br \/>&#8211; k\u00e4nd fr\u00e5n filmerna som Wallanders kollega Johan Svartman.<\/p><p><strong>\u201dVi har skapat interaktiva upplevelser p\u00e5 flera platser i Ystad, d\u00e4r verklighet och ber\u00e4ttelse knyts<\/strong><br \/><strong>samman genom ljud, bild, pussel och animationer\u201d, ber\u00e4ttar Johanna Forsman.<\/strong><\/p><p>Bland StoryTourists stadsvandringar finns sedan tidigare en Stockholms-tur baserad p\u00e5 Doktor Glas<br \/>och en Lilla Sj\u00f6jungfrun-tur som g\u00e5r genom H C Andersens K\u00f6penhamn. Den som befinner sig i<br \/>London kan v\u00e4lja mellan en rafflande upplevelse baserad p\u00e5 Strange Case of Dr. Jekyll and Mr. Hyde<br \/>och en klurig mordg\u00e5ta fr\u00e5n Sherlock Holmes-novellen The Adventure of the Blue Carbuncle.<br \/>\u201dStoryTourist har under de senaste \u00e5ren uppm\u00e4rksammats internationellt f\u00f6r app-turerna. Det<br \/>bekr\u00e4ftar v\u00e5r tes att det beh\u00f6vs fler alternativ inom den upplevelsebaserade turismen. N\u00e4r de flesta<br \/>utlandsresor i \u00e5r st\u00e4lldes in valde m\u00e5nga att uppleva sin hemstad p\u00e5 nya s\u00e4tt\u201d, s\u00e4ger Forsman.<\/p><p>Wallander: Fotografens d\u00f6d sl\u00e4pps i StoryTourist-appen f\u00f6r iPhone och Android den 27 oktober.<br \/>Genom ett unikt avtal med Leopard f\u00f6rlag har StoryTourist skaffat r\u00e4ttigheterna till att skapa digitala<br \/>upplevelser baserade p\u00e5 Henning Mankells b\u00f6cker om Wallander. Turen marknadsf\u00f6rs i samarbete<br \/>med Ystad Kommun. F\u00f6r mer information om StoryTourist och Wallander-turen, bes\u00f6k<br \/><a href=\"https:\/\/www.storytourist.com\/wallander-fotografens-dod\/\">www.storytourist.com<\/a>.\u00a0<\/p><p><em>F\u00f6r presskit, mejla PR- och marknadsf\u00f6ringsansvarig Maria Lundin: maria.lundin@storytourist.com\u00a0<\/em><\/p>\t\t\t\t\t\t\t\t<\/div>\n\t\t\t\t<\/div>\n\t\t\t\t<div class=\"elementor-element elementor-element-7252106 elementor-widget elementor-widget-spacer\" data-id=\"7252106\" data-element_type=\"widget\" data-e-type=\"widget\" data-widget_type=\"spacer.default\">\n\t\t\t\t<div class=\"elementor-widget-container\">\n\t\t\t\t\t\t\t<div class=\"elementor-spacer\">\n\t\t\t<div class=\"elementor-spacer-inner\"><\/div>\n\t\t<\/div>\n\t\t\t\t\t\t<\/div>\n\t\t\t\t<\/div>\n\t\t\t\t<div class=\"elementor-element elementor-element-2bf4b9c elementor-share-buttons--view-icon-text elementor-share-buttons--skin-gradient elementor-share-buttons--shape-square elementor-grid-0 elementor-share-buttons--color-official elementor-widget elementor-widget-share-buttons\" data-id=\"2bf4b9c\" data-element_type=\"widget\" data-e-type=\"widget\" data-widget_type=\"share-buttons.default\">\n\t\t\t\t<div class=\"elementor-widget-container\">\n\t\t\t\t\t\t\t<div class=\"elementor-grid\" role=\"list\">\n\t\t\t\t\t\t\t\t<div class=\"elementor-grid-item\" role=\"listitem\">\n\t\t\t\t\t\t<div class=\"elementor-share-btn elementor-share-btn_facebook\" role=\"button\" tabindex=\"0\" aria-label=\"Share on facebook\">\n\t\t\t\t\t\t\t\t\t\t\t\t\t\t\t<span class=\"elementor-share-btn__icon\">\n\t\t\t\t\t\t\t\t<i class=\"fab fa-facebook\" aria-hidden=\"true\"><\/i>\t\t\t\t\t\t\t<\/span>\n\t\t\t\t\t\t\t\t\t\t\t\t\t\t\t\t\t\t\t\t\t\t<div class=\"elementor-share-btn__text\">\n\t\t\t\t\t\t\t\t\t\t\t\t\t\t\t\t\t\t\t<span class=\"elementor-share-btn__title\">\n\t\t\t\t\t\t\t\t\t\tFacebook\t\t\t\t\t\t\t\t\t<\/span>\n\t\t\t\t\t\t\t\t\t\t\t\t\t\t\t\t\t<\/div>\n\t\t\t\t\t\t\t\t\t\t\t\t\t<\/div>\n\t\t\t\t\t<\/div>\n\t\t\t\t\t\t\t\t\t<div class=\"elementor-grid-item\" role=\"listitem\">\n\t\t\t\t\t\t<div class=\"elementor-share-btn elementor-share-btn_twitter\" role=\"button\" tabindex=\"0\" aria-label=\"Share on twitter\">\n\t\t\t\t\t\t\t\t\t\t\t\t\t\t\t<span class=\"elementor-share-btn__icon\">\n\t\t\t\t\t\t\t\t<i class=\"fab fa-twitter\" aria-hidden=\"true\"><\/i>\t\t\t\t\t\t\t<\/span>\n\t\t\t\t\t\t\t\t\t\t\t\t\t\t\t\t\t\t\t\t\t\t<div class=\"elementor-share-btn__text\">\n\t\t\t\t\t\t\t\t\t\t\t\t\t\t\t\t\t\t\t<span class=\"elementor-share-btn__title\">\n\t\t\t\t\t\t\t\t\t\tTwitter\t\t\t\t\t\t\t\t\t<\/span>\n\t\t\t\t\t\t\t\t\t\t\t\t\t\t\t\t\t<\/div>\n\t\t\t\t\t\t\t\t\t\t\t\t\t<\/div>\n\t\t\t\t\t<\/div>\n\t\t\t\t\t\t\t\t\t<div class=\"elementor-grid-item\" role=\"listitem\">\n\t\t\t\t\t\t<div class=\"elementor-share-btn elementor-share-btn_linkedin\" role=\"button\" tabindex=\"0\" aria-label=\"Share on linkedin\">\n\t\t\t\t\t\t\t\t\t\t\t\t\t\t\t<span class=\"elementor-share-btn__icon\">\n\t\t\t\t\t\t\t\t<i class=\"fab fa-linkedin\" aria-hidden=\"true\"><\/i>\t\t\t\t\t\t\t<\/span>\n\t\t\t\t\t\t\t\t\t\t\t\t\t\t\t\t\t\t\t\t\t\t<div class=\"elementor-share-btn__text\">\n\t\t\t\t\t\t\t\t\t\t\t\t\t\t\t\t\t\t\t<span class=\"elementor-share-btn__title\">\n\t\t\t\t\t\t\t\t\t\tLinkedIn\t\t\t\t\t\t\t\t\t<\/span>\n\t\t\t\t\t\t\t\t\t\t\t\t\t\t\t\t\t<\/div>\n\t\t\t\t\t\t\t\t\t\t\t\t\t<\/div>\n\t\t\t\t\t<\/div>\n\t\t\t\t\t\t<\/div>\n\t\t\t\t\t\t<\/div>\n\t\t\t\t<\/div>\n\t\t\t\t\t<\/div>\n\t\t<\/div>\n\t\t\t\t\t<\/div>\n\t\t<\/section>\n\t\t\t\t<\/div>\n\t\t","protected":false},"excerpt":{"rendered":"<p>Interaktiv Wallander-stadsvandring i Ystad d\u00e4r du l\u00f6ser fallet Henning Mankells b\u00f6cker om Wallander har satt Ystad p\u00e5 v\u00e4rldskartan. Den h\u00e4r veckan lanserarStoryTourist en upplevelse som ger dig m\u00f6jlighet att utforska staden genom deckarnovellenFotografens d\u00f6d. \u201dI \u00e5r v\u00e4ljer m\u00e5nga att turista inom Sveriges gr\u00e4nser. Till v\u00e5rt uppm\u00e4rksammadebibliotek med app-baserade stadsvandringar l\u00e4gger vi nu en Wallander-tur genom [&hellip;]<\/p>\n","protected":false},"author":1,"featured_media":0,"parent":0,"menu_order":0,"comment_status":"closed","ping_status":"closed","template":"","meta":{"_acf_changed":false,"footnotes":""},"class_list":["post-5287","page","type-page","status-publish","hentry"],"acf":[],"_links":{"self":[{"href":"https:\/\/www.storytourist.com\/sv\/wp-json\/wp\/v2\/pages\/5287","targetHints":{"allow":["GET"]}}],"collection":[{"href":"https:\/\/www.storytourist.com\/sv\/wp-json\/wp\/v2\/pages"}],"about":[{"href":"https:\/\/www.storytourist.com\/sv\/wp-json\/wp\/v2\/types\/page"}],"author":[{"embeddable":true,"href":"https:\/\/www.storytourist.com\/sv\/wp-json\/wp\/v2\/users\/1"}],"replies":[{"embeddable":true,"href":"https:\/\/www.storytourist.com\/sv\/wp-json\/wp\/v2\/comments?post=5287"}],"version-history":[{"count":0,"href":"https:\/\/www.storytourist.com\/sv\/wp-json\/wp\/v2\/pages\/5287\/revisions"}],"wp:attachment":[{"href":"https:\/\/www.storytourist.com\/sv\/wp-json\/wp\/v2\/media?parent=5287"}],"curies":[{"name":"wp","href":"https:\/\/api.w.org\/{rel}","templated":true}]}}