{"id":13325,"date":"2025-05-21T08:52:49","date_gmt":"2025-05-21T07:52:49","guid":{"rendered":"https:\/\/www.storytourist.com\/?post_type=product&#038;p=13325"},"modified":"2025-07-03T22:01:28","modified_gmt":"2025-07-03T21:01:28","slug":"tove-jansson-helsinki","status":"publish","type":"product","link":"https:\/\/www.storytourist.com\/fi\/tour\/tove-jansson-helsinki\/","title":{"rendered":"Tove Janssonin Helsinki"},"content":{"rendered":"<h3>Koe Tove Janssonin tarina Helsingiss\u00e4<\/h3>\n<p>L\u00e4hde k\u00e4velylle Helsingin keskustan halki ja tutustu paikkoihin, jotka olivat merkityksellisi\u00e4 Tove Janssonin el\u00e4m\u00e4ss\u00e4 ja uralla. Matka vuosien 1914 ja 2001 v\u00e4lill\u00e4 kuljettaa sinut Toven, h\u00e4nen yst\u00e4viens\u00e4, rakastettujensa, perheens\u00e4 ja muumihahmojen seurassa.<\/p>\n<p>T\u00e4m\u00e4 virallinen omatoiminen \u00e4\u00e4nik\u00e4vely on toteutettu yhteisty\u00f6ss\u00e4 Moomin Characters Oy Ltd:n kanssa. Kertojana toimii n\u00e4yttelij\u00e4 Alma P\u00f6ysti, joka esitti Tovea el\u00e4m\u00e4kertaelokuvassa ja jonka isovanhemmat olivat Toven l\u00e4heisi\u00e4 yst\u00e4vi\u00e4.<\/p>\n<h3>Katajanokalta T\u00e4htitorninvuorelle<\/h3>\n<p>K\u00e4vely alkaa Uspenskin katedraalin edustalta, miss\u00e4 Tove leikki lapsena ja loi ensimm\u00e4iset mielikuvitusmaailmansa. Saat kuulla h\u00e4nen lapsuudestaan taiteilijaperheess\u00e4 Jansson-Hammarsten ennen kuin matka jatkuu Kauppatorille ja sota-aikojen tarinaan, jotka muovasivat h\u00e4nen nuoruuttaan ja varhaista aikuisel\u00e4m\u00e4\u00e4ns\u00e4.<\/p>\n<p>Kierroksen aikana vierailet muun muassa galleriassa, jossa Tove piti ensimm\u00e4isen yksityisn\u00e4yttelyns\u00e4, rakennuksessa, jossa h\u00e4nen ateljeensa sijaitsi, sek\u00e4 vanhassa Lilla Teaternin tilassa, jossa Muumi-n\u00e4ytelm\u00e4 Muumipeikko kulisseissa sai maailmanensi-iltansa. Jokaisessa kohteessa p\u00e4\u00e4set n\u00e4kem\u00e4\u00e4n ainutlaatuista kuvamateriaalia Toven omasta arkistosta.<\/p>\n<p>Vierailet my\u00f6s Muumikaupassa ja saat erityisen alennuskoodin, jonka voit k\u00e4ytt\u00e4\u00e4 kaupassa!<\/p>\n<h3>StoryTourist-sovellus opastaa sinut perille<\/h3>\n<p>K\u00e4velykierroksen tekemiseen tarvitset vain helppok\u00e4ytt\u00f6isen StoryTourist-sovelluksen, jonka voit ladata puhelimeesi. Sovelluksessa on kartta, GPS-toiminto ja digitaalinen opas, joka varmistaa, ett\u00e4 pysyt oikealla reitill\u00e4. Kun olet ostanut kierroksen, se on k\u00e4yt\u00f6ss\u00e4si pysyv\u00e4sti \u2013 voit tehd\u00e4 sen milloin haluat ja niin monta kertaa kuin haluat.<\/p>\n<p>StoryTourist-sovelluksen kautta kuulet tarinan Tove Janssonin el\u00e4m\u00e4st\u00e4 ja taiteesta Helsingiss\u00e4. Tarvitset vain \u00e4lypuhelimen ja kuulokkeet, ja olet valmis tutkimaan kaupunkia Toven jalanj\u00e4ljiss\u00e4.<\/p>\n","protected":false},"excerpt":{"rendered":"<p><span style=\"font-weight: 400;\">Tutustu Helsinkiin Tove Janssonin kanssa: taiteilija, kirjailija ja muumien luoja<\/span><\/p>\n","protected":false},"featured_media":13327,"template":"","meta":{"_acf_changed":true},"product_brand":[],"product_cat":[225,226,16],"product_tag":[194],"class_list":{"0":"post-13325","1":"product","2":"type-product","3":"status-publish","4":"has-post-thumbnail","6":"product_cat-finland","7":"product_cat-helsinki","8":"product_cat-uncategorized","9":"product_tag-history","11":"first","12":"instock","13":"virtual","14":"taxable","15":"purchasable","16":"product-type-simple"},"acf":[],"_links":{"self":[{"href":"https:\/\/www.storytourist.com\/fi\/wp-json\/wp\/v2\/product\/13325","targetHints":{"allow":["GET"]}}],"collection":[{"href":"https:\/\/www.storytourist.com\/fi\/wp-json\/wp\/v2\/product"}],"about":[{"href":"https:\/\/www.storytourist.com\/fi\/wp-json\/wp\/v2\/types\/product"}],"wp:featuredmedia":[{"embeddable":true,"href":"https:\/\/www.storytourist.com\/fi\/wp-json\/wp\/v2\/media\/13327"}],"wp:attachment":[{"href":"https:\/\/www.storytourist.com\/fi\/wp-json\/wp\/v2\/media?parent=13325"}],"wp:term":[{"taxonomy":"product_brand","embeddable":true,"href":"https:\/\/www.storytourist.com\/fi\/wp-json\/wp\/v2\/product_brand?post=13325"},{"taxonomy":"product_cat","embeddable":true,"href":"https:\/\/www.storytourist.com\/fi\/wp-json\/wp\/v2\/product_cat?post=13325"},{"taxonomy":"product_tag","embeddable":true,"href":"https:\/\/www.storytourist.com\/fi\/wp-json\/wp\/v2\/product_tag?post=13325"}],"curies":[{"name":"wp","href":"https:\/\/api.w.org\/{rel}","templated":true}]}}