{"id":9928,"date":"2022-04-29T07:38:58","date_gmt":"2022-04-29T06:38:58","guid":{"rendered":"https:\/\/www.storytourist.com\/sv\/?page_id=9928"},"modified":"2023-05-11T15:04:40","modified_gmt":"2023-05-11T14:04:40","slug":"frilansa-for-storytourist","status":"publish","type":"page","link":"https:\/\/www.storytourist.com\/fi\/frilansa-for-storytourist\/","title":{"rendered":"Frilansa f\u00f6r StoryTourist"},"content":{"rendered":"\t\t<div data-elementor-type=\"wp-page\" data-elementor-id=\"9928\" class=\"elementor elementor-9928\" data-elementor-post-type=\"page\">\n\t\t\t\t\t\t<section class=\"elementor-section elementor-top-section elementor-element elementor-element-542157cb elementor-section-boxed elementor-section-height-default elementor-section-height-default\" data-id=\"542157cb\" data-element_type=\"section\" data-e-type=\"section\">\n\t\t\t\t\t\t<div class=\"elementor-container elementor-column-gap-default\">\n\t\t\t\t\t<div class=\"elementor-column elementor-col-100 elementor-top-column elementor-element elementor-element-788877b\" data-id=\"788877b\" data-element_type=\"column\" data-e-type=\"column\">\n\t\t\t<div class=\"elementor-widget-wrap\">\n\t\t\t\t\t\t\t<\/div>\n\t\t<\/div>\n\t\t\t\t\t<\/div>\n\t\t<\/section>\n\t\t\t\t<section data-dce-background-overlay-image-url=\"https:\/\/mllm7nfkytow.i.optimole.com\/w:auto\/h:auto\/q:mauto\/f:best\/https:\/\/www.storytourist.com\/wp-content\/uploads\/2020\/11\/alternative-1-View-3.jpg\" class=\"elementor-section elementor-top-section elementor-element elementor-element-62e50621 elementor-section-height-min-height elementor-section-content-middle elementor-reverse-mobile elementor-section-items-stretch elementor-section-boxed elementor-section-height-default\" data-id=\"62e50621\" data-element_type=\"section\" data-e-type=\"section\">\n\t\t\t\t\t\t\t<div class=\"elementor-background-overlay\"><\/div>\n\t\t\t\t\t\t\t<div class=\"elementor-container elementor-column-gap-no\">\n\t\t\t\t\t<div class=\"elementor-column elementor-col-100 elementor-top-column elementor-element elementor-element-50c11aa2\" data-id=\"50c11aa2\" data-element_type=\"column\" data-e-type=\"column\">\n\t\t\t<div class=\"elementor-widget-wrap elementor-element-populated\">\n\t\t\t\t\t\t<div class=\"elementor-element elementor-element-6ecf6d12 elementor-widget elementor-widget-heading\" data-id=\"6ecf6d12\" data-element_type=\"widget\" data-e-type=\"widget\" data-widget_type=\"heading.default\">\n\t\t\t\t<div class=\"elementor-widget-container\">\n\t\t\t\t\t<div class=\"elementor-heading-title elementor-size-default\">Bli skribent f\u00f6r storytourist<\/div>\t\t\t\t<\/div>\n\t\t\t\t<\/div>\n\t\t\t\t<div class=\"elementor-element elementor-element-542ad1ce elementor-widget elementor-widget-text-editor\" data-id=\"542ad1ce\" data-element_type=\"widget\" data-e-type=\"widget\" data-widget_type=\"text-editor.default\">\n\t\t\t\t<div class=\"elementor-widget-container\">\n\t\t\t\t\t\t\t\t\t<p><span style=\"font-weight: 400;\">Hej,<\/span><\/p><p><span style=\"font-weight: 400;\">Vad kul att du \u00e4r intresserad av att skapa StoryTours tillsammans med oss!<\/span><\/p><p><span style=\"font-weight: 400;\">H\u00e4r kan du l\u00e4sa mer om det inneb\u00e4r att bli frilansskribent f\u00f6r oss p\u00e5 StoryTourist, och hur urvalsprocessen kommer att g\u00e5 till.\u00a0<\/span><\/p><p>Scrolla ned f\u00f6r att l\u00e4sa mer!<\/p>\t\t\t\t\t\t\t\t<\/div>\n\t\t\t\t<\/div>\n\t\t\t\t<div class=\"elementor-element elementor-element-3b986395 elementor-widget elementor-widget-spacer\" data-id=\"3b986395\" data-element_type=\"widget\" data-e-type=\"widget\" data-widget_type=\"spacer.default\">\n\t\t\t\t<div class=\"elementor-widget-container\">\n\t\t\t\t\t\t\t<div class=\"elementor-spacer\">\n\t\t\t<div class=\"elementor-spacer-inner\"><\/div>\n\t\t<\/div>\n\t\t\t\t\t\t<\/div>\n\t\t\t\t<\/div>\n\t\t\t\t\t<\/div>\n\t\t<\/div>\n\t\t\t\t\t<\/div>\n\t\t<\/section>\n\t\t\t\t<section class=\"elementor-section elementor-top-section elementor-element elementor-element-8ee7557 elementor-section-boxed elementor-section-height-default elementor-section-height-default\" data-id=\"8ee7557\" data-element_type=\"section\" data-e-type=\"section\">\n\t\t\t\t\t\t<div class=\"elementor-container elementor-column-gap-default\">\n\t\t\t\t\t<div class=\"elementor-column elementor-col-100 elementor-top-column elementor-element elementor-element-044f66a\" data-id=\"044f66a\" data-element_type=\"column\" data-e-type=\"column\">\n\t\t\t<div class=\"elementor-widget-wrap elementor-element-populated\">\n\t\t\t\t\t\t<div class=\"elementor-element elementor-element-9487dbf elementor-widget elementor-widget-heading\" data-id=\"9487dbf\" data-element_type=\"widget\" data-e-type=\"widget\" data-widget_type=\"heading.default\">\n\t\t\t\t<div class=\"elementor-widget-container\">\n\t\t\t\t\t<h2 class=\"elementor-heading-title elementor-size-default\">Om Urvalsprocessen<\/h2>\t\t\t\t<\/div>\n\t\t\t\t<\/div>\n\t\t\t\t<div class=\"elementor-element elementor-element-036688a elementor-widget elementor-widget-text-editor\" data-id=\"036688a\" data-element_type=\"widget\" data-e-type=\"widget\" data-widget_type=\"text-editor.default\">\n\t\t\t\t<div class=\"elementor-widget-container\">\n\t\t\t\t\t\t\t\t\t<p><span style=\"font-weight: 400;\">Du b\u00f6rjar med att registrera din mailadress p\u00e5 intresselistan nedan.\u00a0<\/span><\/p><p><span style=\"font-weight: 400;\">S\u00e5 fort vi \u00e4r redo att b\u00f6rja rekryteringsprocessen kommer vi att ta kontakt med dig per mail med mer specifik information om uppdraget. Du f\u00e5r d\u00e5 \u00e4ven en l\u00e4nk till ett formul\u00e4r d\u00e4r du kan ber\u00e4tta kort om vem du \u00e4r och din tidigare erfarenhet av skrivande. Om vi sedan inleder ett samarbete kommer vi se till att du f\u00e5r n\u00f6dv\u00e4ndig uppl\u00e4rning i hur man skriver f\u00f6r v\u00e5r typ av spel. Vi ser g\u00e4rna att de samarbeten vi inleder blir l\u00e5ngsiktiga, d\u00e4r vi skapar flera StoryTours tillsammans.<\/span><\/p>\t\t\t\t\t\t\t\t<\/div>\n\t\t\t\t<\/div>\n\t\t\t\t<div class=\"elementor-element elementor-element-024ee98 elementor-widget elementor-widget-spacer\" data-id=\"024ee98\" data-element_type=\"widget\" data-e-type=\"widget\" data-widget_type=\"spacer.default\">\n\t\t\t\t<div class=\"elementor-widget-container\">\n\t\t\t\t\t\t\t<div class=\"elementor-spacer\">\n\t\t\t<div class=\"elementor-spacer-inner\"><\/div>\n\t\t<\/div>\n\t\t\t\t\t\t<\/div>\n\t\t\t\t<\/div>\n\t\t\t\t\t<\/div>\n\t\t<\/div>\n\t\t\t\t\t<\/div>\n\t\t<\/section>\n\t\t\t\t<section class=\"elementor-section elementor-top-section elementor-element elementor-element-692b1ad elementor-section-boxed elementor-section-height-default elementor-section-height-default\" data-id=\"692b1ad\" data-element_type=\"section\" data-e-type=\"section\">\n\t\t\t\t\t\t<div class=\"elementor-container elementor-column-gap-default\">\n\t\t\t\t\t<div class=\"elementor-column elementor-col-50 elementor-top-column elementor-element elementor-element-e4e1f41\" data-id=\"e4e1f41\" data-element_type=\"column\" data-e-type=\"column\">\n\t\t\t<div class=\"elementor-widget-wrap elementor-element-populated\">\n\t\t\t\t\t\t<div class=\"elementor-element elementor-element-c59033b elementor-widget elementor-widget-heading\" data-id=\"c59033b\" data-element_type=\"widget\" data-e-type=\"widget\" data-widget_type=\"heading.default\">\n\t\t\t\t<div class=\"elementor-widget-container\">\n\t\t\t\t\t<h2 class=\"elementor-heading-title elementor-size-default\">Om Storytourist<\/h2>\t\t\t\t<\/div>\n\t\t\t\t<\/div>\n\t\t\t\t<div class=\"elementor-element elementor-element-6dbe1d4 elementor-widget elementor-widget-text-editor\" data-id=\"6dbe1d4\" data-element_type=\"widget\" data-e-type=\"widget\" data-widget_type=\"text-editor.default\">\n\t\t\t\t<div class=\"elementor-widget-container\">\n\t\t\t\t\t\t\t\t\t<p><span style=\"font-weight: 400;\">StoryTourist \u00e4r en Malm\u00f6baserad startup med ett team p\u00e5 sex personer som skapar sj\u00e4lvguidade, spelifierade ljudvandringar baserade p\u00e5 v\u00e4lk\u00e4nda ber\u00e4ttelser. <\/span><\/p><p><span style=\"font-weight: 400;\">Via StoryTourist-appen kliver man in i en ber\u00e4ttelse och upplever den p\u00e5 de platser ute i verkligheten d\u00e4r handlingen utspelar sig. Stadsspelen s\u00e4ljs till turister och lokalbefolkning via v\u00e5r app, v\u00e5r hemsida och utvalda \u00e5terf\u00f6rs\u00e4ljare. <\/span><\/p><p><span style=\"font-weight: 400;\">Tanken med en StoryTour \u00e4r att man ska kunna ta del av en sp\u00e4nnande ber\u00e4ttelse, samtidigt som man f\u00e5r m\u00f6jligheten att utforska nya platser p\u00e5 ett flexibelt och sj\u00e4lvst\u00e4ndigt s\u00e4tt.<\/span><\/p><p><span style=\"font-weight: 400;\">F\u00f6r att skapa en s\u00e5 interaktiv upplevelse som m\u00f6jligt anv\u00e4nder vi oss av ljud, r\u00f6stsk\u00e5despelare, fotografier, animationer och gamification. Vi har exempelvis en Sherlock Holmes-tur i London d\u00e4r man letar efter tjuven som stulit en unik juvel, en Wallander-tur i Ystad d\u00e4r man hj\u00e4lper till att f\u00e5nga en m\u00f6rdare och en historisk ber\u00e4ttelse om h\u00e4xprocesserna i Visby d\u00e4r man tillsammans med ett sp\u00f6ke ger sig ut i en jakt p\u00e5 sanningen om vad som egentligen h\u00e4nde med de anklagade kvinnorna. <\/span><\/p><p><span style=\"font-weight: 400;\">Du kan l\u00e4sa mer om hur vi omtalats i media p\u00e5 <a href=\"https:\/\/www.storytourist.com\/sv\/press\/\">v\u00e5r press-sida<\/a>.<\/span><\/p>\t\t\t\t\t\t\t\t<\/div>\n\t\t\t\t<\/div>\n\t\t\t\t<div class=\"elementor-element elementor-element-6a2df5f elementor-align-center elementor-widget elementor-widget-button\" data-id=\"6a2df5f\" data-element_type=\"widget\" data-e-type=\"widget\" data-widget_type=\"button.default\">\n\t\t\t\t<div class=\"elementor-widget-container\">\n\t\t\t\t\t\t\t\t\t<div class=\"elementor-button-wrapper\">\n\t\t\t\t\t<a class=\"elementor-button elementor-button-link elementor-size-sm\" href=\"https:\/\/www.storytourist.com\/sv\/press\/\" target=\"_blank\">\n\t\t\t\t\t\t<span class=\"elementor-button-content-wrapper\">\n\t\t\t\t\t\t\t\t\t<span class=\"elementor-button-text\">Storytourist i media<\/span>\n\t\t\t\t\t<\/span>\n\t\t\t\t\t<\/a>\n\t\t\t\t<\/div>\n\t\t\t\t\t\t\t\t<\/div>\n\t\t\t\t<\/div>\n\t\t\t\t\t<\/div>\n\t\t<\/div>\n\t\t\t\t<div class=\"elementor-column elementor-col-50 elementor-top-column elementor-element elementor-element-314d2ee\" data-id=\"314d2ee\" data-element_type=\"column\" data-e-type=\"column\">\n\t\t\t<div class=\"elementor-widget-wrap elementor-element-populated\">\n\t\t\t\t\t\t<div class=\"elementor-element elementor-element-ee3be8a elementor-widget elementor-widget-spacer\" data-id=\"ee3be8a\" data-element_type=\"widget\" data-e-type=\"widget\" data-widget_type=\"spacer.default\">\n\t\t\t\t<div class=\"elementor-widget-container\">\n\t\t\t\t\t\t\t<div class=\"elementor-spacer\">\n\t\t\t<div class=\"elementor-spacer-inner\"><\/div>\n\t\t<\/div>\n\t\t\t\t\t\t<\/div>\n\t\t\t\t<\/div>\n\t\t\t\t<div class=\"elementor-element elementor-element-742088b dce_masking-none elementor-widget elementor-widget-image\" data-id=\"742088b\" data-element_type=\"widget\" data-e-type=\"widget\" data-widget_type=\"image.default\">\n\t\t\t\t<div class=\"elementor-widget-container\">\n\t\t\t\t\t\t\t\t\t\t\t\t\t\t\t<img data-opt-id=713659239  fetchpriority=\"high\" decoding=\"async\" width=\"1500\" height=\"1967\" src=\"https:\/\/mllm7nfkytow.i.optimole.com\/w:823\/h:1080\/q:mauto\/f:best\/https:\/\/www.storytourist.com\/wp-content\/uploads\/2023\/03\/13_Phone-guide-1080x1350-1.png\" class=\"attachment-medium_large size-medium_large wp-image-11210\" alt=\"\" srcset=\"https:\/\/mllm7nfkytow.i.optimole.com\/w:823\/h:1080\/q:mauto\/f:best\/https:\/\/www.storytourist.com\/wp-content\/uploads\/2023\/03\/13_Phone-guide-1080x1350-1.png 1500w, https:\/\/mllm7nfkytow.i.optimole.com\/w:229\/h:300\/q:mauto\/f:best\/https:\/\/www.storytourist.com\/wp-content\/uploads\/2023\/03\/13_Phone-guide-1080x1350-1.png 229w, https:\/\/mllm7nfkytow.i.optimole.com\/w:781\/h:1024\/q:mauto\/f:best\/https:\/\/www.storytourist.com\/wp-content\/uploads\/2023\/03\/13_Phone-guide-1080x1350-1.png 781w, https:\/\/mllm7nfkytow.i.optimole.com\/w:768\/h:1007\/q:mauto\/f:best\/https:\/\/www.storytourist.com\/wp-content\/uploads\/2023\/03\/13_Phone-guide-1080x1350-1.png 768w, https:\/\/mllm7nfkytow.i.optimole.com\/w:823\/h:1080\/q:mauto\/f:best\/https:\/\/www.storytourist.com\/wp-content\/uploads\/2023\/03\/13_Phone-guide-1080x1350-1.png 1171w, https:\/\/mllm7nfkytow.i.optimole.com\/w:600\/h:787\/q:mauto\/f:best\/https:\/\/www.storytourist.com\/wp-content\/uploads\/2023\/03\/13_Phone-guide-1080x1350-1.png 600w\" sizes=\"(max-width: 800px) 100vw, 800px\" \/>\t\t\t\t\t\t\t\t\t\t\t\t\t\t\t<\/div>\n\t\t\t\t<\/div>\n\t\t\t\t\t<\/div>\n\t\t<\/div>\n\t\t\t\t\t<\/div>\n\t\t<\/section>\n\t\t\t\t<section class=\"elementor-section elementor-top-section elementor-element elementor-element-8e7f618 elementor-section-boxed elementor-section-height-default elementor-section-height-default\" data-id=\"8e7f618\" data-element_type=\"section\" data-e-type=\"section\">\n\t\t\t\t\t\t<div class=\"elementor-container elementor-column-gap-default\">\n\t\t\t\t\t<div class=\"elementor-column elementor-col-100 elementor-top-column elementor-element elementor-element-be40fd5\" data-id=\"be40fd5\" data-element_type=\"column\" data-e-type=\"column\">\n\t\t\t<div class=\"elementor-widget-wrap elementor-element-populated\">\n\t\t\t\t\t\t<div class=\"elementor-element elementor-element-eca297f elementor-widget elementor-widget-spacer\" data-id=\"eca297f\" data-element_type=\"widget\" data-e-type=\"widget\" data-widget_type=\"spacer.default\">\n\t\t\t\t<div class=\"elementor-widget-container\">\n\t\t\t\t\t\t\t<div class=\"elementor-spacer\">\n\t\t\t<div class=\"elementor-spacer-inner\"><\/div>\n\t\t<\/div>\n\t\t\t\t\t\t<\/div>\n\t\t\t\t<\/div>\n\t\t\t\t<div class=\"elementor-element elementor-element-5020f04 elementor-widget elementor-widget-heading\" data-id=\"5020f04\" data-element_type=\"widget\" data-e-type=\"widget\" data-widget_type=\"heading.default\">\n\t\t\t\t<div class=\"elementor-widget-container\">\n\t\t\t\t\t<h2 class=\"elementor-heading-title elementor-size-default\">Om Uppdraget<\/h2>\t\t\t\t<\/div>\n\t\t\t\t<\/div>\n\t\t\t\t<div class=\"elementor-element elementor-element-b48f2ef elementor-widget elementor-widget-text-editor\" data-id=\"b48f2ef\" data-element_type=\"widget\" data-e-type=\"widget\" data-widget_type=\"text-editor.default\">\n\t\t\t\t<div class=\"elementor-widget-container\">\n\t\t\t\t\t\t\t\t\t<p><span style=\"font-weight: 400;\">N\u00e4r vi f\u00f6rst startade StoryTourist jobbade vi fr\u00e4mst med adaptioner av sk\u00f6nlitter\u00e4ra verk, men under 2022 inledde vi v\u00e5ra f\u00f6rsta samarbeten med frilansande skribenter d\u00e4r vi tog fram stadsspel baserade p\u00e5 historier fr\u00e5n verkligheten. Du kan l\u00e4sa mer om de <a href=\"https:\/\/www.storytourist.com\/sv\/storytour-creators\/\">skribenterna h\u00e4r<\/a>.<\/span><\/p><p><span style=\"font-weight: 400;\">Om du \u00e4r en duktig historieber\u00e4ttare som \u00e4r intresserad av historiska och samtida personer och h\u00e4ndelser i Norden s\u00e5 kan det h\u00e4r vara uppdraget f\u00f6r dig!<\/span><\/p>\t\t\t\t\t\t\t\t<\/div>\n\t\t\t\t<\/div>\n\t\t\t\t<div class=\"elementor-element elementor-element-4c1a470 elementor-widget elementor-widget-spacer\" data-id=\"4c1a470\" data-element_type=\"widget\" data-e-type=\"widget\" data-widget_type=\"spacer.default\">\n\t\t\t\t<div class=\"elementor-widget-container\">\n\t\t\t\t\t\t\t<div class=\"elementor-spacer\">\n\t\t\t<div class=\"elementor-spacer-inner\"><\/div>\n\t\t<\/div>\n\t\t\t\t\t\t<\/div>\n\t\t\t\t<\/div>\n\t\t\t\t<div class=\"elementor-element elementor-element-8fe6a91 elementor-widget elementor-widget-heading\" data-id=\"8fe6a91\" data-element_type=\"widget\" data-e-type=\"widget\" data-widget_type=\"heading.default\">\n\t\t\t\t<div class=\"elementor-widget-container\">\n\t\t\t\t\t<h2 class=\"elementor-heading-title elementor-size-default\">Om Ers\u00e4ttningen<\/h2>\t\t\t\t<\/div>\n\t\t\t\t<\/div>\n\t\t\t\t<div class=\"elementor-element elementor-element-eb7b003 elementor-widget elementor-widget-text-editor\" data-id=\"eb7b003\" data-element_type=\"widget\" data-e-type=\"widget\" data-widget_type=\"text-editor.default\">\n\t\t\t\t<div class=\"elementor-widget-container\">\n\t\t\t\t\t\t\t\t\t<p><span style=\"font-weight: 400;\">Alla frilansskribenter som skapar en StoryTour med oss ers\u00e4tts med 20% av nettof\u00f6rtj\u00e4nsten f\u00f6r varje s\u00e5ld tur. En StoryTour \u00e4r i grund och botten ett mobilspel och f\u00f6rutom manus inneh\u00e5ller produktionen ocks\u00e5 spelprogrammering (d\u00e5 den inkluderar 8-12 spelmoment), grafik, illustrationer, musik, voice over och ljudbearbetning. StoryTourist \u00e4r inte en prenumerationstj\u00e4nst d\u00e4r ers\u00e4ttningen baseras p\u00e5 hur mycket n\u00e5got str\u00f6mmas i proportion till andra verk. Ist\u00e4llet s\u00e4ljer vi v\u00e5ra StoryTours som separata produkter, d\u00e4r varje frilansares avtal \u00e4r kopplat till f\u00f6rs\u00e4ljningen av just dennes StoryTour.<\/span><\/p>\t\t\t\t\t\t\t\t<\/div>\n\t\t\t\t<\/div>\n\t\t\t\t<div class=\"elementor-element elementor-element-ad8de17 elementor-widget elementor-widget-spacer\" data-id=\"ad8de17\" data-element_type=\"widget\" data-e-type=\"widget\" data-widget_type=\"spacer.default\">\n\t\t\t\t<div class=\"elementor-widget-container\">\n\t\t\t\t\t\t\t<div class=\"elementor-spacer\">\n\t\t\t<div class=\"elementor-spacer-inner\"><\/div>\n\t\t<\/div>\n\t\t\t\t\t\t<\/div>\n\t\t\t\t<\/div>\n\t\t\t\t\t<\/div>\n\t\t<\/div>\n\t\t\t\t\t<\/div>\n\t\t<\/section>\n\t\t\t\t<section class=\"elementor-section elementor-top-section elementor-element elementor-element-23b83c9 elementor-section-boxed elementor-section-height-default elementor-section-height-default\" data-id=\"23b83c9\" data-element_type=\"section\" data-e-type=\"section\">\n\t\t\t\t\t\t<div class=\"elementor-container elementor-column-gap-default\">\n\t\t\t\t\t<div class=\"elementor-column elementor-col-100 elementor-top-column elementor-element elementor-element-ae68c86\" data-id=\"ae68c86\" data-element_type=\"column\" data-e-type=\"column\">\n\t\t\t<div class=\"elementor-widget-wrap elementor-element-populated\">\n\t\t\t\t\t\t<div class=\"elementor-element elementor-element-88b668f elementor-widget elementor-widget-shortcode\" data-id=\"88b668f\" data-element_type=\"widget\" data-e-type=\"widget\" data-widget_type=\"shortcode.default\">\n\t\t\t\t<div class=\"elementor-widget-container\">\n\t\t\t\t\t\t\t<div class=\"elementor-shortcode\"><div class=\"ml-form-embed\"\n  data-account=\"998218:i3n1h2m8n6\"\n  data-form=\"5661561:a5d9f3\">\n<\/div><\/div>\n\t\t\t\t\t\t<\/div>\n\t\t\t\t<\/div>\n\t\t\t\t\t<\/div>\n\t\t<\/div>\n\t\t\t\t\t<\/div>\n\t\t<\/section>\n\t\t\t\t<section class=\"elementor-section elementor-top-section elementor-element elementor-element-8408579 elementor-section-boxed elementor-section-height-default elementor-section-height-default\" data-id=\"8408579\" data-element_type=\"section\" data-e-type=\"section\">\n\t\t\t\t\t\t<div class=\"elementor-container elementor-column-gap-default\">\n\t\t\t\t\t<div class=\"elementor-column elementor-col-100 elementor-top-column elementor-element elementor-element-f549136\" data-id=\"f549136\" data-element_type=\"column\" data-e-type=\"column\">\n\t\t\t<div class=\"elementor-widget-wrap elementor-element-populated\">\n\t\t\t\t\t\t<div class=\"elementor-element elementor-element-fe5afd8 elementor-widget elementor-widget-text-editor\" data-id=\"fe5afd8\" data-element_type=\"widget\" data-e-type=\"widget\" data-widget_type=\"text-editor.default\">\n\t\t\t\t<div class=\"elementor-widget-container\">\n\t\t\t\t\t\t\t\t\t<p>Kom ih\u00e5g att kolla din mejl och bekr\u00e4fta din mejladress efter att du skickat in intresseanm\u00e4lan!<\/p>\n<p>F\u00f6r fr\u00e5gor, ta kontakt med maria.lundin@storytourist.com<\/p>\t\t\t\t\t\t\t\t<\/div>\n\t\t\t\t<\/div>\n\t\t\t\t\t<\/div>\n\t\t<\/div>\n\t\t\t\t\t<\/div>\n\t\t<\/section>\n\t\t\t\t<\/div>\n\t\t","protected":false},"excerpt":{"rendered":"<p>Bli skribent f\u00f6r storytourist Hej, Vad kul att du \u00e4r intresserad av att skapa StoryTours tillsammans med oss! H\u00e4r kan du l\u00e4sa mer om det inneb\u00e4r att bli frilansskribent f\u00f6r oss p\u00e5 StoryTourist, och hur urvalsprocessen kommer att g\u00e5 till.\u00a0 Scrolla ned f\u00f6r att l\u00e4sa mer! Om Urvalsprocessen Du b\u00f6rjar med att registrera din mailadress [&hellip;]<\/p>\n","protected":false},"author":27,"featured_media":0,"parent":0,"menu_order":0,"comment_status":"closed","ping_status":"closed","template":"","meta":{"_acf_changed":false,"footnotes":""},"class_list":["post-9928","page","type-page","status-publish","hentry"],"acf":[],"_links":{"self":[{"href":"https:\/\/www.storytourist.com\/fi\/wp-json\/wp\/v2\/pages\/9928","targetHints":{"allow":["GET"]}}],"collection":[{"href":"https:\/\/www.storytourist.com\/fi\/wp-json\/wp\/v2\/pages"}],"about":[{"href":"https:\/\/www.storytourist.com\/fi\/wp-json\/wp\/v2\/types\/page"}],"author":[{"embeddable":true,"href":"https:\/\/www.storytourist.com\/fi\/wp-json\/wp\/v2\/users\/27"}],"replies":[{"embeddable":true,"href":"https:\/\/www.storytourist.com\/fi\/wp-json\/wp\/v2\/comments?post=9928"}],"version-history":[{"count":0,"href":"https:\/\/www.storytourist.com\/fi\/wp-json\/wp\/v2\/pages\/9928\/revisions"}],"wp:attachment":[{"href":"https:\/\/www.storytourist.com\/fi\/wp-json\/wp\/v2\/media?parent=9928"}],"curies":[{"name":"wp","href":"https:\/\/api.w.org\/{rel}","templated":true}]}}