{"id":9470,"date":"2021-10-18T09:20:48","date_gmt":"2021-10-18T08:20:48","guid":{"rendered":"https:\/\/www.storytourist.com\/?page_id=9470"},"modified":"2021-11-22T10:04:24","modified_gmt":"2021-11-22T09:04:24","slug":"pressmeddelande-samarbete-med-jens-lapidus","status":"publish","type":"page","link":"https:\/\/www.storytourist.com\/fi\/pressmeddelande-samarbete-med-jens-lapidus\/","title":{"rendered":"Pressmeddelande &#8211; Samarbete med Jens Lapidus"},"content":{"rendered":"\t\t<div data-elementor-type=\"wp-page\" data-elementor-id=\"9470\" class=\"elementor elementor-9470\" data-elementor-post-type=\"page\">\n\t\t\t\t\t\t<section class=\"elementor-section elementor-top-section elementor-element elementor-element-26a59e76 elementor-section-boxed elementor-section-height-default elementor-section-height-default\" data-id=\"26a59e76\" data-element_type=\"section\" data-e-type=\"section\">\n\t\t\t\t\t\t<div class=\"elementor-container elementor-column-gap-default\">\n\t\t\t\t\t<div class=\"elementor-column elementor-col-100 elementor-top-column elementor-element elementor-element-4ea0bfd9\" data-id=\"4ea0bfd9\" data-element_type=\"column\" data-e-type=\"column\">\n\t\t\t<div class=\"elementor-widget-wrap elementor-element-populated\">\n\t\t\t\t\t\t<div class=\"elementor-element elementor-element-1e80de79 elementor-widget elementor-widget-text-editor\" data-id=\"1e80de79\" data-element_type=\"widget\" data-e-type=\"widget\" data-widget_type=\"text-editor.default\">\n\t\t\t\t<div class=\"elementor-widget-container\">\n\t\t\t\t\t\t\t\t\t\n<div class=\"wp-block-themeisle-blocks-advanced-columns has-undefined-columns has-desktop-undefined-layout has-tablet-equal-layout has-mobile-equal-layout has-default-gap has-vertical-unset\" id=\"wp-block-themeisle-blocks-advanced-columns-f7278050\"><div class=\"wp-block-themeisle-blocks-advanced-columns-overlay\"><\/div><div class=\"innerblocks-wrap\"><\/div><\/div>\n\t\t\t\t\t\t\t\t<\/div>\n\t\t\t\t<\/div>\n\t\t\t\t\t<\/div>\n\t\t<\/div>\n\t\t\t\t\t<\/div>\n\t\t<\/section>\n\t\t\t\t<section class=\"elementor-section elementor-top-section elementor-element elementor-element-2c138e0 elementor-section-boxed elementor-section-height-default elementor-section-height-default\" data-id=\"2c138e0\" data-element_type=\"section\" data-e-type=\"section\">\n\t\t\t\t\t\t<div class=\"elementor-container elementor-column-gap-default\">\n\t\t\t\t\t<div class=\"elementor-column elementor-col-100 elementor-top-column elementor-element elementor-element-c03fd63\" data-id=\"c03fd63\" data-element_type=\"column\" data-e-type=\"column\">\n\t\t\t<div class=\"elementor-widget-wrap elementor-element-populated\">\n\t\t\t\t\t\t<div class=\"elementor-element elementor-element-00c4c09 elementor-widget elementor-widget-heading\" data-id=\"00c4c09\" data-element_type=\"widget\" data-e-type=\"widget\" data-widget_type=\"heading.default\">\n\t\t\t\t<div class=\"elementor-widget-container\">\n\t\t\t\t\t<h2 class=\"elementor-heading-title elementor-size-default\">StoryTourist och Jens Lapidus inleder samarbete \u2013 skapar \ninteraktiv upplevelse av b\u00e4sts\u00e4ljaren Snabba cash i Stockholm<\/h2>\t\t\t\t<\/div>\n\t\t\t\t<\/div>\n\t\t\t\t<div class=\"elementor-element elementor-element-ddd2690 dce_masking-none elementor-widget elementor-widget-image\" data-id=\"ddd2690\" data-element_type=\"widget\" data-e-type=\"widget\" data-widget_type=\"image.default\">\n\t\t\t\t<div class=\"elementor-widget-container\">\n\t\t\t\t\t\t\t\t\t\t\t\t\t\t\t<img data-opt-id=1094039410  fetchpriority=\"high\" decoding=\"async\" width=\"768\" height=\"529\" src=\"https:\/\/mllm7nfkytow.i.optimole.com\/w:768\/h:529\/q:mauto\/f:best\/https:\/\/www.storytourist.com\/wp-content\/uploads\/2021\/07\/Johanna-och-Jens.jpg\" class=\"attachment-medium_large size-medium_large wp-image-8664\" alt=\"Portr\u00e4ttfoton av f\u00f6rfattaren Jens Lapidus och StoryTourists grundare Johanna Forsman\" srcset=\"https:\/\/mllm7nfkytow.i.optimole.com\/w:768\/h:529\/q:mauto\/f:best\/https:\/\/www.storytourist.com\/wp-content\/uploads\/2021\/07\/Johanna-och-Jens.jpg 768w, https:\/\/mllm7nfkytow.i.optimole.com\/w:600\/h:413\/q:mauto\/f:best\/https:\/\/www.storytourist.com\/wp-content\/uploads\/2021\/07\/Johanna-och-Jens.jpg 600w, https:\/\/mllm7nfkytow.i.optimole.com\/w:300\/h:207\/q:mauto\/f:best\/https:\/\/www.storytourist.com\/wp-content\/uploads\/2021\/07\/Johanna-och-Jens.jpg 300w, https:\/\/mllm7nfkytow.i.optimole.com\/w:1024\/h:705\/q:mauto\/f:best\/https:\/\/www.storytourist.com\/wp-content\/uploads\/2021\/07\/Johanna-och-Jens.jpg 1024w, https:\/\/mllm7nfkytow.i.optimole.com\/w:1411\/h:972\/q:mauto\/f:best\/https:\/\/www.storytourist.com\/wp-content\/uploads\/2021\/07\/Johanna-och-Jens.jpg 1411w\" sizes=\"(max-width: 768px) 100vw, 768px\" \/>\t\t\t\t\t\t\t\t\t\t\t\t\t\t\t<\/div>\n\t\t\t\t<\/div>\n\t\t\t\t<div class=\"elementor-element elementor-element-7fc7462 elementor-widget elementor-widget-text-editor\" data-id=\"7fc7462\" data-element_type=\"widget\" data-e-type=\"widget\" data-widget_type=\"text-editor.default\">\n\t\t\t\t<div class=\"elementor-widget-container\">\n\t\t\t\t\t\t\t\t\t<p><strong>Startupen StoryTourist l\u00e5ter l\u00e4sare och ljudbokslyssnare kliva in i sina favoritber\u00e4ttelser. Nu har <\/strong><strong>turen kommit till Jens Lapidus succ\u00e9roman Snabba cash. \u201dVi kombinerar klassiskt <\/strong><strong>historieber\u00e4ttande med sj\u00e4lvguidade stadsvandringar och mobilspel\u201d ber\u00e4ttar StoryTourists VD och <\/strong><strong>medgrundare Johanna Forsman. \u201dStoryTourist-appen kommer guida bokens m\u00e5nga fans till n\u00e5gra <\/strong><strong>av de adresser d\u00e4r Snabba cash utspelar sig, s\u00e5 att de kan uppleva ber\u00e4ttelsen p\u00e5 plats\u201d.<\/strong><\/p>\t\t\t\t\t\t\t\t<\/div>\n\t\t\t\t<\/div>\n\t\t\t\t<div class=\"elementor-element elementor-element-bde79a0 elementor-widget elementor-widget-text-editor\" data-id=\"bde79a0\" data-element_type=\"widget\" data-e-type=\"widget\" data-widget_type=\"text-editor.default\">\n\t\t\t\t<div class=\"elementor-widget-container\">\n\t\t\t\t\t\t\t\t\t<p>StoryTourist skapar nya m\u00f6jligheter f\u00f6r mediebranschen att tj\u00e4na p\u00e5 den v\u00e4xande fiktionsturismen. Under h\u00f6sten 2020 sl\u00e4ppte den prisbel\u00f6nta startupen en v\u00e4lbes\u00f6kt interaktiv stadsvandring baserad p\u00e5 Henning Mankells Wallander-novell Fotografens d\u00f6d, i samarbete med Leopard f\u00f6rlag. Nu f\u00f6rbereder sig StoryTourist p\u00e5 att skapa en sj\u00e4lvguidad stadsvandring i Stockholm som bygger p\u00e5 Snabba cash. \u201dJag tycker det \u00e4r sp\u00e4nnande att utforska litteratur i ett nytt format\u201d s\u00e4ger Jens Lapidus. \u201dAtt l\u00e4sarna nu kommer kunna uppleva det bokens karakt\u00e4rer ser och h\u00f6r tillf\u00f6r n\u00e5got nytt till ber\u00e4ttelsen\u201d.<\/p>\n<p>StoryTourist-appens anv\u00e4ndare kan f\u00f6rv\u00e4nta sig en actionfylld stadsupplevelse d\u00e4r man f\u00f6ljer romanens huvudkarakt\u00e4r Johan \u201dJW\u201d Westlund hack i h\u00e4l medan han f\u00f6rs\u00f6ker kl\u00e4ttra upp\u00e5t i Stockholms undre v\u00e4rld. \u201dEn StoryTour \u00e4r en ljudvandring med spelifierade element\u201d s\u00e4ger Johanna Forsman. \u201dVi planerar just nu de olika digitala interaktioner som knyter ihop historien med omgivningen man befinner sig i. Snart hoppas vi se folk utforska det Stockholm Jens Lapidus skildrat i sin b\u00e4sts\u00e4ljande sp\u00e4nningsroman\u201d.<\/p>\t\t\t\t\t\t\t\t<\/div>\n\t\t\t\t<\/div>\n\t\t\t\t<div class=\"elementor-element elementor-element-a9efcfd dce_masking-none elementor-widget elementor-widget-image\" data-id=\"a9efcfd\" data-element_type=\"widget\" data-e-type=\"widget\" data-widget_type=\"image.default\">\n\t\t\t\t<div class=\"elementor-widget-container\">\n\t\t\t\t\t\t\t\t\t\t\t\t\t\t\t<img data-opt-id=1479761471  fetchpriority=\"high\" decoding=\"async\" width=\"768\" height=\"287\" src=\"https:\/\/mllm7nfkytow.i.optimole.com\/w:768\/h:287\/q:mauto\/f:best\/https:\/\/www.storytourist.com\/wp-content\/uploads\/2021\/07\/Banner_Youtube2.png\" class=\"attachment-medium_large size-medium_large wp-image-8570\" alt=\"\" srcset=\"https:\/\/mllm7nfkytow.i.optimole.com\/w:768\/h:287\/q:mauto\/f:best\/https:\/\/www.storytourist.com\/wp-content\/uploads\/2021\/07\/Banner_Youtube2.png 768w, https:\/\/mllm7nfkytow.i.optimole.com\/w:600\/h:224\/q:mauto\/f:best\/https:\/\/www.storytourist.com\/wp-content\/uploads\/2021\/07\/Banner_Youtube2.png 600w, https:\/\/mllm7nfkytow.i.optimole.com\/w:300\/h:112\/q:mauto\/f:best\/https:\/\/www.storytourist.com\/wp-content\/uploads\/2021\/07\/Banner_Youtube2.png 300w, https:\/\/mllm7nfkytow.i.optimole.com\/w:1024\/h:383\/q:mauto\/f:best\/https:\/\/www.storytourist.com\/wp-content\/uploads\/2021\/07\/Banner_Youtube2.png 1024w, https:\/\/mllm7nfkytow.i.optimole.com\/w:1536\/h:574\/q:mauto\/f:best\/https:\/\/www.storytourist.com\/wp-content\/uploads\/2021\/07\/Banner_Youtube2.png 1536w, https:\/\/mllm7nfkytow.i.optimole.com\/w:1541\/h:576\/q:mauto\/f:best\/https:\/\/www.storytourist.com\/wp-content\/uploads\/2021\/07\/Banner_Youtube2.png 1541w\" sizes=\"(max-width: 768px) 100vw, 768px\" \/>\t\t\t\t\t\t\t\t\t\t\t\t\t\t\t<\/div>\n\t\t\t\t<\/div>\n\t\t\t\t<div class=\"elementor-element elementor-element-c3aa15d elementor-widget elementor-widget-text-editor\" data-id=\"c3aa15d\" data-element_type=\"widget\" data-e-type=\"widget\" data-widget_type=\"text-editor.default\">\n\t\t\t\t<div class=\"elementor-widget-container\">\n\t\t\t\t\t\t\t\t\t<p><em>StoryTourist \u00e4r ett nytt, h\u00e5llbart s\u00e4tt att resa och uppleva b\u00f6cker, filmer och andra ber\u00e4ttelser p\u00e5 de platser d\u00e4r sj\u00e4lva handlingen utspelar sig \u2013 exempelvis genom att l\u00f6sa brott med Sherlock Holmes i London eller l\u00e4sa Doktor Glas dagbok i Stockholm. Med StoryTourist-appen kliver man in i en ber\u00e4ttelse, f\u00f6ljer i karakt\u00e4rernas fotsp\u00e5r och delar deras \u00e4ventyr med hj\u00e4lp av text, ljud, bild, film och interaktiva pussel. Appen fungerar som en digitalt guidad tur d\u00e4r anv\u00e4ndaren f\u00e5r uppleva sin favoritber\u00e4ttelse p\u00e5 ett nytt s\u00e4tt, samt bes\u00f6ka olika popul\u00e4ra turistm\u00e5l och en del g\u00f6mda p\u00e4rlor.<\/em><\/p>\n<p>F\u00f6r presskit eller mer information, mejla PR- och marknadsf\u00f6ringsansvarig Maria Lundin: maria.lundin@storytourist.com. F\u00f6r intervjuer, ta kontakt med johanna.forsman@storytourist.com<\/p>\t\t\t\t\t\t\t\t<\/div>\n\t\t\t\t<\/div>\n\t\t\t\t\t<\/div>\n\t\t<\/div>\n\t\t\t\t\t<\/div>\n\t\t<\/section>\n\t\t\t\t<\/div>\n\t\t","protected":false},"excerpt":{"rendered":"<p>StoryTourist och Jens Lapidus inleder samarbete \u2013 skapar interaktiv upplevelse av b\u00e4sts\u00e4ljaren Snabba cash i Stockholm Startupen StoryTourist l\u00e5ter l\u00e4sare och ljudbokslyssnare kliva in i sina favoritber\u00e4ttelser. Nu har turen kommit till Jens Lapidus succ\u00e9roman Snabba cash. \u201dVi kombinerar klassiskt historieber\u00e4ttande med sj\u00e4lvguidade stadsvandringar och mobilspel\u201d ber\u00e4ttar StoryTourists VD och medgrundare Johanna Forsman. \u201dStoryTourist-appen kommer [&hellip;]<\/p>\n","protected":false},"author":27,"featured_media":0,"parent":0,"menu_order":0,"comment_status":"closed","ping_status":"closed","template":"","meta":{"_acf_changed":false,"footnotes":""},"class_list":["post-9470","page","type-page","status-publish","hentry"],"acf":[],"_links":{"self":[{"href":"https:\/\/www.storytourist.com\/fi\/wp-json\/wp\/v2\/pages\/9470","targetHints":{"allow":["GET"]}}],"collection":[{"href":"https:\/\/www.storytourist.com\/fi\/wp-json\/wp\/v2\/pages"}],"about":[{"href":"https:\/\/www.storytourist.com\/fi\/wp-json\/wp\/v2\/types\/page"}],"author":[{"embeddable":true,"href":"https:\/\/www.storytourist.com\/fi\/wp-json\/wp\/v2\/users\/27"}],"replies":[{"embeddable":true,"href":"https:\/\/www.storytourist.com\/fi\/wp-json\/wp\/v2\/comments?post=9470"}],"version-history":[{"count":0,"href":"https:\/\/www.storytourist.com\/fi\/wp-json\/wp\/v2\/pages\/9470\/revisions"}],"wp:attachment":[{"href":"https:\/\/www.storytourist.com\/fi\/wp-json\/wp\/v2\/media?parent=9470"}],"curies":[{"name":"wp","href":"https:\/\/api.w.org\/{rel}","templated":true}]}}