{"id":6464,"date":"2021-03-10T09:33:55","date_gmt":"2021-03-10T09:33:55","guid":{"rendered":"https:\/\/www.storytourist.com\/?page_id=6464"},"modified":"2021-03-18T10:24:28","modified_gmt":"2021-03-18T10:24:28","slug":"pressmeddelande-locus-peccatorum-syndernas-hus","status":"publish","type":"page","link":"https:\/\/www.storytourist.com\/fi\/pressmeddelande-locus-peccatorum-syndernas-hus\/","title":{"rendered":"Pressmeddelande &#8211; Locus Peccatorum: Syndernas hus"},"content":{"rendered":"\t\t<div data-elementor-type=\"wp-page\" data-elementor-id=\"6464\" class=\"elementor elementor-6464\" data-elementor-post-type=\"page\">\n\t\t\t\t\t\t<section class=\"elementor-section elementor-top-section elementor-element elementor-element-1f53200 elementor-section-stretched elementor-section-full_width elementor-section-height-default elementor-section-height-default\" data-id=\"1f53200\" data-element_type=\"section\" data-e-type=\"section\" data-settings=\"{&quot;stretch_section&quot;:&quot;section-stretched&quot;}\">\n\t\t\t\t\t\t<div class=\"elementor-container elementor-column-gap-default\">\n\t\t\t\t\t<div class=\"elementor-column elementor-col-100 elementor-top-column elementor-element elementor-element-b9f2162\" data-id=\"b9f2162\" data-element_type=\"column\" data-e-type=\"column\">\n\t\t\t<div class=\"elementor-widget-wrap elementor-element-populated\">\n\t\t\t\t\t\t<div class=\"elementor-element elementor-element-0e5fad5 dce_masking-none elementor-widget elementor-widget-image\" data-id=\"0e5fad5\" data-element_type=\"widget\" data-e-type=\"widget\" data-widget_type=\"image.default\">\n\t\t\t\t<div class=\"elementor-widget-container\">\n\t\t\t\t\t\t\t\t\t\t\t\t\t\t\t<img data-opt-id=585865608  fetchpriority=\"high\" decoding=\"async\" src=\"https:\/\/mllm7nfkytow.i.optimole.com\/w:auto\/h:auto\/q:mauto\/f:best\/https:\/\/www.storytourist.com\/wp-content\/uploads\/elementor\/thumbs\/Hemsidebanner-Locus-Peccatorum-q79sbxcrc9ep69lxoxjijkvbni0bddca88lkli557k.jpg\" title=\"Hemsidebanner Locus Peccatorum\" alt=\"Hemsidebanner Locus Peccatorum\" loading=\"lazy\" \/>\t\t\t\t\t\t\t\t\t\t\t\t\t\t\t<\/div>\n\t\t\t\t<\/div>\n\t\t\t\t<div class=\"elementor-element elementor-element-521789c elementor-widget elementor-widget-spacer\" data-id=\"521789c\" data-element_type=\"widget\" data-e-type=\"widget\" data-widget_type=\"spacer.default\">\n\t\t\t\t<div class=\"elementor-widget-container\">\n\t\t\t\t\t\t\t<div class=\"elementor-spacer\">\n\t\t\t<div class=\"elementor-spacer-inner\"><\/div>\n\t\t<\/div>\n\t\t\t\t\t\t<\/div>\n\t\t\t\t<\/div>\n\t\t\t\t\t<\/div>\n\t\t<\/div>\n\t\t\t\t\t<\/div>\n\t\t<\/section>\n\t\t\t\t<section class=\"elementor-section elementor-top-section elementor-element elementor-element-e1a78f4 elementor-section-boxed elementor-section-height-default elementor-section-height-default\" data-id=\"e1a78f4\" data-element_type=\"section\" data-e-type=\"section\">\n\t\t\t\t\t\t<div class=\"elementor-container elementor-column-gap-default\">\n\t\t\t\t\t<div data-dce-background-color=\"rgba(127,103,77,0)\" class=\"elementor-column elementor-col-100 elementor-top-column elementor-element elementor-element-fb0d71f\" data-id=\"fb0d71f\" data-element_type=\"column\" data-e-type=\"column\" data-settings=\"{&quot;background_background&quot;:&quot;classic&quot;}\">\n\t\t\t<div class=\"elementor-widget-wrap elementor-element-populated\">\n\t\t\t\t\t\t<div class=\"elementor-element elementor-element-b5482f5 dce_masking-none elementor-widget elementor-widget-image\" data-id=\"b5482f5\" data-element_type=\"widget\" data-e-type=\"widget\" data-widget_type=\"image.default\">\n\t\t\t\t<div class=\"elementor-widget-container\">\n\t\t\t\t\t\t\t\t\t\t\t\t\t\t\t<img data-opt-id=709496691  fetchpriority=\"high\" decoding=\"async\" src=\"https:\/\/mllm7nfkytow.i.optimole.com\/w:auto\/h:auto\/q:mauto\/f:best\/https:\/\/www.storytourist.com\/wp-content\/uploads\/elementor\/thumbs\/ToursPage_LocusPeccatorum-q79s769r58kjr1zh7se0ouzuov3in6plpq1oyqttom.jpg\" title=\"ToursPage_LocusPeccatorum\" alt=\"ToursPage_LocusPeccatorum\" loading=\"lazy\" \/>\t\t\t\t\t\t\t\t\t\t\t\t\t\t\t<\/div>\n\t\t\t\t<\/div>\n\t\t\t\t\t<\/div>\n\t\t<\/div>\n\t\t\t\t\t<\/div>\n\t\t<\/section>\n\t\t\t\t<section class=\"elementor-section elementor-top-section elementor-element elementor-element-a4f16f1 elementor-section-boxed elementor-section-height-default elementor-section-height-default\" data-id=\"a4f16f1\" data-element_type=\"section\" data-e-type=\"section\">\n\t\t\t\t\t\t<div class=\"elementor-container elementor-column-gap-default\">\n\t\t\t\t\t<div class=\"elementor-column elementor-col-100 elementor-top-column elementor-element elementor-element-6da5827\" data-id=\"6da5827\" data-element_type=\"column\" data-e-type=\"column\">\n\t\t\t<div class=\"elementor-widget-wrap elementor-element-populated\">\n\t\t\t\t\t\t<div class=\"elementor-element elementor-element-a827502 elementor-widget elementor-widget-post-info\" data-id=\"a827502\" data-element_type=\"widget\" data-e-type=\"widget\" data-widget_type=\"post-info.default\">\n\t\t\t\t<div class=\"elementor-widget-container\">\n\t\t\t\t\t\t\t<ul class=\"elementor-inline-items elementor-icon-list-items elementor-post-info\">\n\t\t\t\t\t\t\t\t<li class=\"elementor-icon-list-item elementor-repeater-item-905c75e elementor-inline-item\" itemprop=\"datePublished\">\n\t\t\t\t\t\t<a href=\"https:\/\/www.storytourist.com\/fi\/2021\/03\/10\/\">\n\t\t\t\t\t\t\t\t\t\t\t<span class=\"elementor-icon-list-icon\">\n\t\t\t\t\t\t\t\t<i aria-hidden=\"true\" class=\"fas fa-calendar\"><\/i>\t\t\t\t\t\t\t<\/span>\n\t\t\t\t\t\t\t\t\t<span class=\"elementor-icon-list-text elementor-post-info__item elementor-post-info__item--type-date\">\n\t\t\t\t\t\t\t\t\t\t<time>10 maaliskuun, 2021<\/time>\t\t\t\t\t<\/span>\n\t\t\t\t\t\t\t\t\t<\/a>\n\t\t\t\t<\/li>\n\t\t\t\t<\/ul>\n\t\t\t\t\t\t<\/div>\n\t\t\t\t<\/div>\n\t\t\t\t<div class=\"elementor-element elementor-element-6310c3d elementor-widget elementor-widget-heading\" data-id=\"6310c3d\" data-element_type=\"widget\" data-e-type=\"widget\" data-widget_type=\"heading.default\">\n\t\t\t\t<div class=\"elementor-widget-container\">\n\t\t\t\t\t<h2 class=\"elementor-heading-title elementor-size-default\">Utforska Lund och ett 200 \u00e5r gammalt mord med app-baserad stadsvandring<\/h2>\t\t\t\t<\/div>\n\t\t\t\t<\/div>\n\t\t\t\t<div class=\"elementor-element elementor-element-f47a2e7 elementor-widget elementor-widget-text-editor\" data-id=\"f47a2e7\" data-element_type=\"widget\" data-e-type=\"widget\" data-widget_type=\"text-editor.default\">\n\t\t\t\t<div class=\"elementor-widget-container\">\n\t\t\t\t\t\t\t\t\t<p><strong>L\u00e4ngtar du efter en Corona-v\u00e4nlig kulturupplevelse i Lund? Vill du ta del av en sp\u00e4nnande ber\u00e4ttelse i historisk milj\u00f6? StoryTourists senaste stadsvandring <em>Locus Peccatorum &#8211; Syndernas Hus <\/em>utspelar sig i det tidiga 1800-talets Lund och tar dig med p\u00e5 en ber\u00e4ttelse om ett besynnerligt och uppseendev\u00e4ckande mord som skulle komma att s\u00e4tta sin pr\u00e4gel p\u00e5 hela universitetsmilj\u00f6n.<\/strong><\/p><p>H\u00f6sten 1825 reser tv\u00e5 unga m\u00e4n fr\u00e5n G\u00f6teborgstrakten till Lund f\u00f6r att p\u00e5b\u00f6rja sina studier. Vad de inte vet \u00e4r att deras v\u00e4nskap ska f\u00e5 ett brutalt slut. Genom StoryTourists nya stadsvandring f\u00e5r du ta del av den verkliga ber\u00e4ttelsen om Jacob Wilhelm Blomdahl och Andreas Emanuel Land\u00e9n d\u00e4r den utspelade sig och samtidigt uppleva den anrika milj\u00f6n kring ett av landets \u00e4ldsta l\u00e4ros\u00e4ten.<\/p><p>Genom foton och utdrag fr\u00e5n flera hundra \u00e5r gamla arkiv f\u00e5r du se hur staden en g\u00e5ng s\u00e5g ut och hur huvudpersonerna i ber\u00e4ttelsen levde. Du visas runt i staden av din virtuella guide, kriminologistudenten Malin, som ber\u00e4ttar historien f\u00f6r dig.<\/p><p>StoryTourist g\u00f6r sj\u00e4lvguidade stadsvandringar baserade p\u00e5 sk\u00f6nlitter\u00e4ra verk och verkliga h\u00e4ndelser. Under turerna, som du laddar ner och upplever p\u00e5 egen hand eller med v\u00e4nner och familj, f\u00e5r ber\u00e4ttelserna liv genom ljud, bild och interaktiva delar. Upplev verkliga, historiska h\u00e4ndelser d\u00e4r de \u00e4gde rum och fiktiva ber\u00e4ttelser d\u00e4r de utspelar sig.<\/p><p><strong>\u201cF\u00f6rutom en sp\u00e4nnande ber\u00e4ttelse \u00e4r universitetsmordet i Lund en viktig historisk h\u00e4ndelse som fick stor inverkan p\u00e5 studenternas liv. Det \u00e4r v\u00e5r f\u00f6rsta dokument\u00e4ra tur och dessutom en av f\u00e5 Coronav\u00e4nliga kulturupplevelser i Lund just nu, eftersom det \u00e4r enkelt att h\u00e5lla distans till andra\u201d, s\u00e4ger Johanna Forsman, VD och medgrundare av StoryTourist.<\/strong><\/p><p>Bland StoryTourists stadsvandringar finns sedan tidigare en Stockholms-tur baserad p\u00e5 <a href=\"https:\/\/www.storytourist.com\/the-doctor-glas-tour\/\"><em>Doktor Glas<\/em><\/a> och en <a href=\"https:\/\/www.storytourist.com\/little-mermaid-tour\/\"><em>Lilla Sj\u00f6jungfrun<\/em><\/a>-tur genom H C Andersens K\u00f6penhamn. I Ystad kan du uppleva Henning Mankells Wallander-novell <a href=\"https:\/\/www.storytourist.com\/wallander-fotografens-dod\/\"><em>Fotografens d\u00f6d<\/em><\/a>. Den som befinner sig i London v\u00e4ljer mellan en rafflande upplevelse baserad p\u00e5<a href=\"https:\/\/www.storytourist.com\/the-strange-case-of-doctor-jekyll-and-mr-hyde\/\"><em> Strange Case of Dr. Jekyll and Mr. Hyde<\/em><\/a> och en klurig mordg\u00e5ta fr\u00e5n Sherlock Holmes-novellen <a href=\"https:\/\/www.storytourist.com\/the-sherlock-holmes-tour\/\"><em>The Adventure of the Blue Carbuncle<\/em>.<\/a> StoryTourists app-baserade stadsvandringar har uppm\u00e4rksammats i Nordic Startup Awards och Creative Business Cup.<\/p><p>F\u00f6r mer information, bes\u00f6k <a href=\"https:\/\/www.storytourist.com\/locus-peccatorum-syndernas-hus\/\">Locus Peccatorum &#8211; Syndernas Hus.<\/a><\/p><p><em>F\u00f6r presskit, mejla PR- och marknadsf\u00f6ringsansvarig Maria Lundin: maria.lundin@storytourist.com\u00a0<\/em><\/p>\t\t\t\t\t\t\t\t<\/div>\n\t\t\t\t<\/div>\n\t\t\t\t<div class=\"elementor-element elementor-element-7252106 elementor-widget elementor-widget-spacer\" data-id=\"7252106\" data-element_type=\"widget\" data-e-type=\"widget\" data-widget_type=\"spacer.default\">\n\t\t\t\t<div class=\"elementor-widget-container\">\n\t\t\t\t\t\t\t<div class=\"elementor-spacer\">\n\t\t\t<div class=\"elementor-spacer-inner\"><\/div>\n\t\t<\/div>\n\t\t\t\t\t\t<\/div>\n\t\t\t\t<\/div>\n\t\t\t\t<div class=\"elementor-element elementor-element-2bf4b9c elementor-share-buttons--view-icon-text elementor-share-buttons--skin-gradient elementor-share-buttons--shape-square elementor-grid-0 elementor-share-buttons--color-official elementor-widget elementor-widget-share-buttons\" data-id=\"2bf4b9c\" data-element_type=\"widget\" data-e-type=\"widget\" data-widget_type=\"share-buttons.default\">\n\t\t\t\t<div class=\"elementor-widget-container\">\n\t\t\t\t\t\t\t<div class=\"elementor-grid\" role=\"list\">\n\t\t\t\t\t\t\t\t<div class=\"elementor-grid-item\" role=\"listitem\">\n\t\t\t\t\t\t<div class=\"elementor-share-btn elementor-share-btn_facebook\" role=\"button\" tabindex=\"0\" aria-label=\"Share on facebook\">\n\t\t\t\t\t\t\t\t\t\t\t\t\t\t\t<span class=\"elementor-share-btn__icon\">\n\t\t\t\t\t\t\t\t<i class=\"fab fa-facebook\" aria-hidden=\"true\"><\/i>\t\t\t\t\t\t\t<\/span>\n\t\t\t\t\t\t\t\t\t\t\t\t\t\t\t\t\t\t\t\t\t\t<div class=\"elementor-share-btn__text\">\n\t\t\t\t\t\t\t\t\t\t\t\t\t\t\t\t\t\t\t<span class=\"elementor-share-btn__title\">\n\t\t\t\t\t\t\t\t\t\tFacebook\t\t\t\t\t\t\t\t\t<\/span>\n\t\t\t\t\t\t\t\t\t\t\t\t\t\t\t\t\t<\/div>\n\t\t\t\t\t\t\t\t\t\t\t\t\t<\/div>\n\t\t\t\t\t<\/div>\n\t\t\t\t\t\t\t\t\t<div class=\"elementor-grid-item\" role=\"listitem\">\n\t\t\t\t\t\t<div class=\"elementor-share-btn elementor-share-btn_twitter\" role=\"button\" tabindex=\"0\" aria-label=\"Share on twitter\">\n\t\t\t\t\t\t\t\t\t\t\t\t\t\t\t<span class=\"elementor-share-btn__icon\">\n\t\t\t\t\t\t\t\t<i class=\"fab fa-twitter\" aria-hidden=\"true\"><\/i>\t\t\t\t\t\t\t<\/span>\n\t\t\t\t\t\t\t\t\t\t\t\t\t\t\t\t\t\t\t\t\t\t<div class=\"elementor-share-btn__text\">\n\t\t\t\t\t\t\t\t\t\t\t\t\t\t\t\t\t\t\t<span class=\"elementor-share-btn__title\">\n\t\t\t\t\t\t\t\t\t\tTwitter\t\t\t\t\t\t\t\t\t<\/span>\n\t\t\t\t\t\t\t\t\t\t\t\t\t\t\t\t\t<\/div>\n\t\t\t\t\t\t\t\t\t\t\t\t\t<\/div>\n\t\t\t\t\t<\/div>\n\t\t\t\t\t\t\t\t\t<div class=\"elementor-grid-item\" role=\"listitem\">\n\t\t\t\t\t\t<div class=\"elementor-share-btn elementor-share-btn_linkedin\" role=\"button\" tabindex=\"0\" aria-label=\"Share on linkedin\">\n\t\t\t\t\t\t\t\t\t\t\t\t\t\t\t<span class=\"elementor-share-btn__icon\">\n\t\t\t\t\t\t\t\t<i class=\"fab fa-linkedin\" aria-hidden=\"true\"><\/i>\t\t\t\t\t\t\t<\/span>\n\t\t\t\t\t\t\t\t\t\t\t\t\t\t\t\t\t\t\t\t\t\t<div class=\"elementor-share-btn__text\">\n\t\t\t\t\t\t\t\t\t\t\t\t\t\t\t\t\t\t\t<span class=\"elementor-share-btn__title\">\n\t\t\t\t\t\t\t\t\t\tLinkedIn\t\t\t\t\t\t\t\t\t<\/span>\n\t\t\t\t\t\t\t\t\t\t\t\t\t\t\t\t\t<\/div>\n\t\t\t\t\t\t\t\t\t\t\t\t\t<\/div>\n\t\t\t\t\t<\/div>\n\t\t\t\t\t\t<\/div>\n\t\t\t\t\t\t<\/div>\n\t\t\t\t<\/div>\n\t\t\t\t\t<\/div>\n\t\t<\/div>\n\t\t\t\t\t<\/div>\n\t\t<\/section>\n\t\t\t\t<\/div>\n\t\t","protected":false},"excerpt":{"rendered":"<p>Utforska Lund och ett 200 \u00e5r gammalt mord med app-baserad stadsvandring L\u00e4ngtar du efter en Corona-v\u00e4nlig kulturupplevelse i Lund? Vill du ta del av en sp\u00e4nnande ber\u00e4ttelse i historisk milj\u00f6? StoryTourists senaste stadsvandring Locus Peccatorum &#8211; Syndernas Hus utspelar sig i det tidiga 1800-talets Lund och tar dig med p\u00e5 en ber\u00e4ttelse om ett besynnerligt [&hellip;]<\/p>\n","protected":false},"author":1,"featured_media":0,"parent":0,"menu_order":0,"comment_status":"closed","ping_status":"closed","template":"","meta":{"_acf_changed":false,"footnotes":""},"class_list":["post-6464","page","type-page","status-publish","hentry"],"acf":[],"_links":{"self":[{"href":"https:\/\/www.storytourist.com\/fi\/wp-json\/wp\/v2\/pages\/6464","targetHints":{"allow":["GET"]}}],"collection":[{"href":"https:\/\/www.storytourist.com\/fi\/wp-json\/wp\/v2\/pages"}],"about":[{"href":"https:\/\/www.storytourist.com\/fi\/wp-json\/wp\/v2\/types\/page"}],"author":[{"embeddable":true,"href":"https:\/\/www.storytourist.com\/fi\/wp-json\/wp\/v2\/users\/1"}],"replies":[{"embeddable":true,"href":"https:\/\/www.storytourist.com\/fi\/wp-json\/wp\/v2\/comments?post=6464"}],"version-history":[{"count":0,"href":"https:\/\/www.storytourist.com\/fi\/wp-json\/wp\/v2\/pages\/6464\/revisions"}],"wp:attachment":[{"href":"https:\/\/www.storytourist.com\/fi\/wp-json\/wp\/v2\/media?parent=6464"}],"curies":[{"name":"wp","href":"https:\/\/api.w.org\/{rel}","templated":true}]}}