{"id":5271,"date":"2020-11-26T14:51:06","date_gmt":"2020-11-26T14:51:06","guid":{"rendered":"https:\/\/www.storytourist.com\/?page_id=5271"},"modified":"2021-03-29T09:46:02","modified_gmt":"2021-03-29T09:46:02","slug":"pressmeddelande-doktor-glas","status":"publish","type":"page","link":"https:\/\/www.storytourist.com\/fi\/pressmeddelande-doktor-glas\/","title":{"rendered":"Pressmeddelande &#8211; Doktor Glas"},"content":{"rendered":"\t\t<div data-elementor-type=\"wp-page\" data-elementor-id=\"5271\" class=\"elementor elementor-5271\" data-elementor-post-type=\"page\">\n\t\t\t\t\t\t<section class=\"elementor-section elementor-top-section elementor-element elementor-element-1f53200 elementor-section-stretched elementor-section-full_width elementor-section-height-default elementor-section-height-default\" data-id=\"1f53200\" data-element_type=\"section\" data-e-type=\"section\" data-settings=\"{&quot;stretch_section&quot;:&quot;section-stretched&quot;}\">\n\t\t\t\t\t\t<div class=\"elementor-container elementor-column-gap-default\">\n\t\t\t\t\t<div class=\"elementor-column elementor-col-100 elementor-top-column elementor-element elementor-element-b9f2162\" data-id=\"b9f2162\" data-element_type=\"column\" data-e-type=\"column\">\n\t\t\t<div class=\"elementor-widget-wrap elementor-element-populated\">\n\t\t\t\t\t\t<div class=\"elementor-element elementor-element-0e5fad5 dce_masking-none elementor-widget elementor-widget-image\" data-id=\"0e5fad5\" data-element_type=\"widget\" data-e-type=\"widget\" data-widget_type=\"image.default\">\n\t\t\t\t<div class=\"elementor-widget-container\">\n\t\t\t\t\t\t\t\t\t\t\t\t\t\t\t<img data-opt-id=1814072746  fetchpriority=\"high\" decoding=\"async\" src=\"https:\/\/mllm7nfkytow.i.optimole.com\/w:1920\/h:400\/q:mauto\/f:best\/https:\/\/www.storytourist.com\/wp-content\/uploads\/2019\/10\/DrGlasBanner.png\" title=\"DrGlasBanner\" alt=\"DrGlasBanner\" loading=\"lazy\" \/>\t\t\t\t\t\t\t\t\t\t\t\t\t\t\t<\/div>\n\t\t\t\t<\/div>\n\t\t\t\t<div class=\"elementor-element elementor-element-521789c elementor-widget elementor-widget-spacer\" data-id=\"521789c\" data-element_type=\"widget\" data-e-type=\"widget\" data-widget_type=\"spacer.default\">\n\t\t\t\t<div class=\"elementor-widget-container\">\n\t\t\t\t\t\t\t<div class=\"elementor-spacer\">\n\t\t\t<div class=\"elementor-spacer-inner\"><\/div>\n\t\t<\/div>\n\t\t\t\t\t\t<\/div>\n\t\t\t\t<\/div>\n\t\t\t\t\t<\/div>\n\t\t<\/div>\n\t\t\t\t\t<\/div>\n\t\t<\/section>\n\t\t\t\t<section class=\"elementor-section elementor-top-section elementor-element elementor-element-e1a78f4 elementor-section-boxed elementor-section-height-default elementor-section-height-default\" data-id=\"e1a78f4\" data-element_type=\"section\" data-e-type=\"section\">\n\t\t\t\t\t\t<div class=\"elementor-container elementor-column-gap-default\">\n\t\t\t\t\t<div data-dce-background-color=\"rgba(127,103,77,0)\" class=\"elementor-column elementor-col-100 elementor-top-column elementor-element elementor-element-fb0d71f\" data-id=\"fb0d71f\" data-element_type=\"column\" data-e-type=\"column\" data-settings=\"{&quot;background_background&quot;:&quot;classic&quot;}\">\n\t\t\t<div class=\"elementor-widget-wrap elementor-element-populated\">\n\t\t\t\t\t\t<div class=\"elementor-element elementor-element-b5482f5 dce_masking-none elementor-widget elementor-widget-image\" data-id=\"b5482f5\" data-element_type=\"widget\" data-e-type=\"widget\" data-widget_type=\"image.default\">\n\t\t\t\t<div class=\"elementor-widget-container\">\n\t\t\t\t\t\t\t\t\t\t\t\t\t\t\t<img data-opt-id=448321567  fetchpriority=\"high\" decoding=\"async\" src=\"https:\/\/mllm7nfkytow.i.optimole.com\/w:1920\/h:625\/q:mauto\/f:best\/https:\/\/www.storytourist.com\/wp-content\/uploads\/2020\/11\/Doktor-Glas-instruktionsbanner.jpg\" title=\"Doktor Glas instruktionsbanner\" alt=\"Doktor Glas instruktionsbanner\" loading=\"lazy\" \/>\t\t\t\t\t\t\t\t\t\t\t\t\t\t\t<\/div>\n\t\t\t\t<\/div>\n\t\t\t\t\t<\/div>\n\t\t<\/div>\n\t\t\t\t\t<\/div>\n\t\t<\/section>\n\t\t\t\t<section class=\"elementor-section elementor-top-section elementor-element elementor-element-a4f16f1 elementor-section-boxed elementor-section-height-default elementor-section-height-default\" data-id=\"a4f16f1\" data-element_type=\"section\" data-e-type=\"section\">\n\t\t\t\t\t\t<div class=\"elementor-container elementor-column-gap-default\">\n\t\t\t\t\t<div class=\"elementor-column elementor-col-100 elementor-top-column elementor-element elementor-element-6da5827\" data-id=\"6da5827\" data-element_type=\"column\" data-e-type=\"column\">\n\t\t\t<div class=\"elementor-widget-wrap elementor-element-populated\">\n\t\t\t\t\t\t<div class=\"elementor-element elementor-element-a827502 elementor-widget elementor-widget-post-info\" data-id=\"a827502\" data-element_type=\"widget\" data-e-type=\"widget\" data-widget_type=\"post-info.default\">\n\t\t\t\t<div class=\"elementor-widget-container\">\n\t\t\t\t\t\t\t<ul class=\"elementor-inline-items elementor-icon-list-items elementor-post-info\">\n\t\t\t\t\t\t\t\t<li class=\"elementor-icon-list-item elementor-repeater-item-905c75e elementor-inline-item\" itemprop=\"datePublished\">\n\t\t\t\t\t\t<a href=\"https:\/\/www.storytourist.com\/fi\/2020\/11\/26\/\">\n\t\t\t\t\t\t\t\t\t\t\t<span class=\"elementor-icon-list-icon\">\n\t\t\t\t\t\t\t\t<i aria-hidden=\"true\" class=\"fas fa-calendar\"><\/i>\t\t\t\t\t\t\t<\/span>\n\t\t\t\t\t\t\t\t\t<span class=\"elementor-icon-list-text elementor-post-info__item elementor-post-info__item--type-date\">\n\t\t\t\t\t\t\t\t\t\t<time>26 marraskuun, 2020<\/time>\t\t\t\t\t<\/span>\n\t\t\t\t\t\t\t\t\t<\/a>\n\t\t\t\t<\/li>\n\t\t\t\t<\/ul>\n\t\t\t\t\t\t<\/div>\n\t\t\t\t<\/div>\n\t\t\t\t<div class=\"elementor-element elementor-element-6310c3d elementor-widget elementor-widget-heading\" data-id=\"6310c3d\" data-element_type=\"widget\" data-e-type=\"widget\" data-widget_type=\"heading.default\">\n\t\t\t\t<div class=\"elementor-widget-container\">\n\t\t\t\t\t<h2 class=\"elementor-heading-title elementor-size-default\">F\u00f6lj Doktor Glas fotsp\u00e5r genom Stockholm med unik app<\/h2>\t\t\t\t<\/div>\n\t\t\t\t<\/div>\n\t\t\t\t<div class=\"elementor-element elementor-element-f47a2e7 elementor-widget elementor-widget-text-editor\" data-id=\"f47a2e7\" data-element_type=\"widget\" data-e-type=\"widget\" data-widget_type=\"text-editor.default\">\n\t\t\t\t<div class=\"elementor-widget-container\">\n\t\t\t\t\t\t\t\t\t<p><strong>Den prisvinnande startupen StoryTourist lanserar denna vecka en helt ny sorts turism-upplevelse i<\/strong><br \/><strong>Stockholm. \u201dVi har tidigare sl\u00e4ppt StoryTours baserade p\u00e5 Sherlock Holmes och den lilla<\/strong><br \/><strong>sj\u00f6jungfrun i London och K\u00f6penhamn. I \u00e5r \u00e4r det Hjalmar S\u00f6derbergs 150-\u00e5rsjubileum, d\u00e4rf\u00f6r<\/strong><br \/><strong>k\u00e4ndes det r\u00e4tt att skapa en litter\u00e4r guidad tur i S\u00f6derbergs hemstad f\u00f6r att fira det\u201d ber\u00e4ttar<\/strong><br \/><strong>Johanna Forsman, StoryTourists VD och medgrundare.<\/strong><\/p><p>Det \u00e4r en ovanligt varm sommar i Stockholm n\u00e4r Doktor Glas antecknar sina sv\u00e5rmodiga reflektioner<br \/>\u00f6ver livets meningsl\u00f6shet i sin dagbok. Han \u00e4r f\u00e5ngad i ett moraliskt dilemma och den enda v\u00e4gen ut<br \/>verkar vara\u2026mord?<\/p><p><br \/>\u201dGenom v\u00e5r app tar man del av Doktor Glas historia p\u00e5 de platser i Stockholm d\u00e4r den utspelar sig. Vi<br \/>har ocks\u00e5 skapat interaktiva upplevelser p\u00e5 ett tiotal olika st\u00e4llen, d\u00e4r verklighet och ber\u00e4ttelse knyts<br \/>ihop med hj\u00e4lp av ljud, bild, film och animationer\u201d ber\u00e4ttar Johanna Forsman.<br \/>F\u00f6r att v\u00e4cka Doktor Glas dagbok till liv har StoryTourist tagit hj\u00e4lp av Sofia Westerlund, som \u00e4r<br \/>dramaturg f\u00f6r Malm\u00f6 opera och Regionteatern i Blekinge och Kronoberg. I till\u00e4gg h\u00f6rs tv\u00e5 v\u00e4lbekanta<br \/>sk\u00e5despelares r\u00f6ster i appen &#8211; Anna Asp, k\u00e4nd f\u00f6r sin \u00e5terkommande roll som Jenny i Martin Beck-<br \/>filmerna, \u00e4r guiden som har hittat Doktor Glas dagbok och vill visa dig vad hon uppt\u00e4ckt i den. Som<br \/>Doktor Glas h\u00f6r du Fredrik Gunnarsson, som spelade polisen Johan Svartman i Wallander-serien.<br \/>\u201dDet h\u00e4nder mycket runt StoryTourist f\u00f6r tillf\u00e4llet. Nu i oktober deltog vi som svensk finalist i Nordic<br \/>Startup Awards. I somras vann vi turism-segmentet i den internationella finalen av Creative Business<br \/>Cup, vilket bekr\u00e4ftar v\u00e5r tes; att det beh\u00f6vs fler alternativ inom den upplevelsebaserade turismen\u201d<br \/>s\u00e4ger Forsman.<\/p><p><br \/>Appen \u201dStoryTourist: Doktor Glas\u201d finns tillg\u00e4nglig f\u00f6r iPhone och Android, d\u00e4r b\u00e5da versionerna \u00e4r<br \/>gratis fram till \u00e5rsskiftet. F\u00f6r de som bes\u00f6ker Thielska Galleriets Hjalmar S\u00f6derberg-utst\u00e4llning<br \/>kommer turen forts\u00e4tta att vara gratis s\u00e5 l\u00e4nge utst\u00e4llningen p\u00e5g\u00e5r under n\u00e4sta \u00e5r. F\u00f6r mer<br \/>information om StoryTourist och Doktor Glas-turen, klicka dig g\u00e4rna vidare till v\u00e5ra sociala medier,<br \/>YouTube-kanal och hemsida via ikonerna nedan.<\/p><p><em>F\u00f6r presskit, mejla PR- och marknadsf\u00f6ringsansvarig Maria Lundin: maria.lundin@storytourist.com\u00a0<\/em><\/p>\t\t\t\t\t\t\t\t<\/div>\n\t\t\t\t<\/div>\n\t\t\t\t<div class=\"elementor-element elementor-element-7252106 elementor-widget elementor-widget-spacer\" data-id=\"7252106\" data-element_type=\"widget\" data-e-type=\"widget\" data-widget_type=\"spacer.default\">\n\t\t\t\t<div class=\"elementor-widget-container\">\n\t\t\t\t\t\t\t<div class=\"elementor-spacer\">\n\t\t\t<div class=\"elementor-spacer-inner\"><\/div>\n\t\t<\/div>\n\t\t\t\t\t\t<\/div>\n\t\t\t\t<\/div>\n\t\t\t\t<div class=\"elementor-element elementor-element-2bf4b9c elementor-share-buttons--view-icon-text elementor-share-buttons--skin-gradient elementor-share-buttons--shape-square elementor-grid-0 elementor-share-buttons--color-official elementor-widget elementor-widget-share-buttons\" data-id=\"2bf4b9c\" data-element_type=\"widget\" data-e-type=\"widget\" data-widget_type=\"share-buttons.default\">\n\t\t\t\t<div class=\"elementor-widget-container\">\n\t\t\t\t\t\t\t<div class=\"elementor-grid\" role=\"list\">\n\t\t\t\t\t\t\t\t<div class=\"elementor-grid-item\" role=\"listitem\">\n\t\t\t\t\t\t<div class=\"elementor-share-btn elementor-share-btn_facebook\" role=\"button\" tabindex=\"0\" aria-label=\"Share on facebook\">\n\t\t\t\t\t\t\t\t\t\t\t\t\t\t\t<span class=\"elementor-share-btn__icon\">\n\t\t\t\t\t\t\t\t<i class=\"fab fa-facebook\" aria-hidden=\"true\"><\/i>\t\t\t\t\t\t\t<\/span>\n\t\t\t\t\t\t\t\t\t\t\t\t\t\t\t\t\t\t\t\t\t\t<div class=\"elementor-share-btn__text\">\n\t\t\t\t\t\t\t\t\t\t\t\t\t\t\t\t\t\t\t<span class=\"elementor-share-btn__title\">\n\t\t\t\t\t\t\t\t\t\tFacebook\t\t\t\t\t\t\t\t\t<\/span>\n\t\t\t\t\t\t\t\t\t\t\t\t\t\t\t\t\t<\/div>\n\t\t\t\t\t\t\t\t\t\t\t\t\t<\/div>\n\t\t\t\t\t<\/div>\n\t\t\t\t\t\t\t\t\t<div class=\"elementor-grid-item\" role=\"listitem\">\n\t\t\t\t\t\t<div class=\"elementor-share-btn elementor-share-btn_twitter\" role=\"button\" tabindex=\"0\" aria-label=\"Share on twitter\">\n\t\t\t\t\t\t\t\t\t\t\t\t\t\t\t<span class=\"elementor-share-btn__icon\">\n\t\t\t\t\t\t\t\t<i class=\"fab fa-twitter\" aria-hidden=\"true\"><\/i>\t\t\t\t\t\t\t<\/span>\n\t\t\t\t\t\t\t\t\t\t\t\t\t\t\t\t\t\t\t\t\t\t<div class=\"elementor-share-btn__text\">\n\t\t\t\t\t\t\t\t\t\t\t\t\t\t\t\t\t\t\t<span class=\"elementor-share-btn__title\">\n\t\t\t\t\t\t\t\t\t\tTwitter\t\t\t\t\t\t\t\t\t<\/span>\n\t\t\t\t\t\t\t\t\t\t\t\t\t\t\t\t\t<\/div>\n\t\t\t\t\t\t\t\t\t\t\t\t\t<\/div>\n\t\t\t\t\t<\/div>\n\t\t\t\t\t\t\t\t\t<div class=\"elementor-grid-item\" role=\"listitem\">\n\t\t\t\t\t\t<div class=\"elementor-share-btn elementor-share-btn_linkedin\" role=\"button\" tabindex=\"0\" aria-label=\"Share on linkedin\">\n\t\t\t\t\t\t\t\t\t\t\t\t\t\t\t<span class=\"elementor-share-btn__icon\">\n\t\t\t\t\t\t\t\t<i class=\"fab fa-linkedin\" aria-hidden=\"true\"><\/i>\t\t\t\t\t\t\t<\/span>\n\t\t\t\t\t\t\t\t\t\t\t\t\t\t\t\t\t\t\t\t\t\t<div class=\"elementor-share-btn__text\">\n\t\t\t\t\t\t\t\t\t\t\t\t\t\t\t\t\t\t\t<span class=\"elementor-share-btn__title\">\n\t\t\t\t\t\t\t\t\t\tLinkedIn\t\t\t\t\t\t\t\t\t<\/span>\n\t\t\t\t\t\t\t\t\t\t\t\t\t\t\t\t\t<\/div>\n\t\t\t\t\t\t\t\t\t\t\t\t\t<\/div>\n\t\t\t\t\t<\/div>\n\t\t\t\t\t\t<\/div>\n\t\t\t\t\t\t<\/div>\n\t\t\t\t<\/div>\n\t\t\t\t\t<\/div>\n\t\t<\/div>\n\t\t\t\t\t<\/div>\n\t\t<\/section>\n\t\t\t\t<\/div>\n\t\t","protected":false},"excerpt":{"rendered":"<p>F\u00f6lj Doktor Glas fotsp\u00e5r genom Stockholm med unik app Den prisvinnande startupen StoryTourist lanserar denna vecka en helt ny sorts turism-upplevelse i Stockholm. \u201dVi har tidigare sl\u00e4ppt StoryTours baserade p\u00e5 Sherlock Holmes och den lilla sj\u00f6jungfrun i London och K\u00f6penhamn. I \u00e5r \u00e4r det Hjalmar S\u00f6derbergs 150-\u00e5rsjubileum, d\u00e4rf\u00f6r k\u00e4ndes det r\u00e4tt att skapa en litter\u00e4r [&hellip;]<\/p>\n","protected":false},"author":1,"featured_media":0,"parent":0,"menu_order":0,"comment_status":"closed","ping_status":"closed","template":"","meta":{"_acf_changed":false,"footnotes":""},"class_list":["post-5271","page","type-page","status-publish","hentry"],"acf":[],"_links":{"self":[{"href":"https:\/\/www.storytourist.com\/fi\/wp-json\/wp\/v2\/pages\/5271","targetHints":{"allow":["GET"]}}],"collection":[{"href":"https:\/\/www.storytourist.com\/fi\/wp-json\/wp\/v2\/pages"}],"about":[{"href":"https:\/\/www.storytourist.com\/fi\/wp-json\/wp\/v2\/types\/page"}],"author":[{"embeddable":true,"href":"https:\/\/www.storytourist.com\/fi\/wp-json\/wp\/v2\/users\/1"}],"replies":[{"embeddable":true,"href":"https:\/\/www.storytourist.com\/fi\/wp-json\/wp\/v2\/comments?post=5271"}],"version-history":[{"count":0,"href":"https:\/\/www.storytourist.com\/fi\/wp-json\/wp\/v2\/pages\/5271\/revisions"}],"wp:attachment":[{"href":"https:\/\/www.storytourist.com\/fi\/wp-json\/wp\/v2\/media?parent=5271"}],"curies":[{"name":"wp","href":"https:\/\/api.w.org\/{rel}","templated":true}]}}