{"id":2271,"date":"2019-10-23T09:54:56","date_gmt":"2019-10-23T09:54:56","guid":{"rendered":"https:\/\/www.storytourist.com\/?page_id=2271"},"modified":"2022-10-31T12:27:44","modified_gmt":"2022-10-31T11:27:44","slug":"blog","status":"publish","type":"page","link":"https:\/\/www.storytourist.com\/fi\/blog\/","title":{"rendered":"Blog page"},"content":{"rendered":"\t\t<div data-elementor-type=\"wp-page\" data-elementor-id=\"2271\" class=\"elementor elementor-2271\" data-elementor-post-type=\"page\">\n\t\t\t\t\t\t<section data-dce-background-overlay-image-url=\"https:\/\/mllm7nfkytow.i.optimole.com\/w:auto\/h:auto\/q:mauto\/f:best\/https:\/\/www.storytourist.com\/wp-content\/uploads\/2020\/11\/alternative-1-View-3.jpg\" class=\"elementor-section elementor-top-section elementor-element elementor-element-4e0ae8c1 elementor-section-height-min-height elementor-section-content-middle elementor-reverse-mobile elementor-section-items-stretch elementor-section-boxed elementor-section-height-default\" data-id=\"4e0ae8c1\" data-element_type=\"section\" data-e-type=\"section\">\n\t\t\t\t\t\t\t<div class=\"elementor-background-overlay\"><\/div>\n\t\t\t\t\t\t\t<div class=\"elementor-container elementor-column-gap-no\">\n\t\t\t\t\t<div class=\"elementor-column elementor-col-100 elementor-top-column elementor-element elementor-element-195391c\" data-id=\"195391c\" data-element_type=\"column\" data-e-type=\"column\">\n\t\t\t<div class=\"elementor-widget-wrap elementor-element-populated\">\n\t\t\t\t\t\t<div class=\"elementor-element elementor-element-287ce146 elementor-widget elementor-widget-heading\" data-id=\"287ce146\" data-element_type=\"widget\" data-e-type=\"widget\" data-widget_type=\"heading.default\">\n\t\t\t\t<div class=\"elementor-widget-container\">\n\t\t\t\t\t<div class=\"elementor-heading-title elementor-size-default\">Blog<\/div>\t\t\t\t<\/div>\n\t\t\t\t<\/div>\n\t\t\t\t<div class=\"elementor-element elementor-element-3fba2a91 elementor-widget elementor-widget-text-editor\" data-id=\"3fba2a91\" data-element_type=\"widget\" data-e-type=\"widget\" data-widget_type=\"text-editor.default\">\n\t\t\t\t<div class=\"elementor-widget-container\">\n\t\t\t\t\t\t\t\t\t<p>Looking for fun activities and sustainable ways to explore the world? Check out the StoryTourist blog for suggestions on how to travel through stories, and how to experience your home town in a brand new way.\u00a0<\/p>\t\t\t\t\t\t\t\t<\/div>\n\t\t\t\t<\/div>\n\t\t\t\t<div class=\"elementor-element elementor-element-e97f581 elementor-widget elementor-widget-spacer\" data-id=\"e97f581\" data-element_type=\"widget\" data-e-type=\"widget\" data-widget_type=\"spacer.default\">\n\t\t\t\t<div class=\"elementor-widget-container\">\n\t\t\t\t\t\t\t<div class=\"elementor-spacer\">\n\t\t\t<div class=\"elementor-spacer-inner\"><\/div>\n\t\t<\/div>\n\t\t\t\t\t\t<\/div>\n\t\t\t\t<\/div>\n\t\t\t\t<div class=\"elementor-element elementor-element-3fd21633 elementor-align-left elementor-mobile-align-left elementor-widget elementor-widget-button\" data-id=\"3fd21633\" data-element_type=\"widget\" data-e-type=\"widget\" data-widget_type=\"button.default\">\n\t\t\t\t<div class=\"elementor-widget-container\">\n\t\t\t\t\t\t\t\t\t<div class=\"elementor-button-wrapper\">\n\t\t\t\t\t<a class=\"elementor-button elementor-button-link elementor-size-md\" href=\"#blog\">\n\t\t\t\t\t\t<span class=\"elementor-button-content-wrapper\">\n\t\t\t\t\t\t\t\t\t<span class=\"elementor-button-text\">Read More<\/span>\n\t\t\t\t\t<\/span>\n\t\t\t\t\t<\/a>\n\t\t\t\t<\/div>\n\t\t\t\t\t\t\t\t<\/div>\n\t\t\t\t<\/div>\n\t\t\t\t\t<\/div>\n\t\t<\/div>\n\t\t\t\t\t<\/div>\n\t\t<\/section>\n\t\t\t\t<section class=\"elementor-section elementor-top-section elementor-element elementor-element-25abbbf elementor-section-boxed elementor-section-height-default elementor-section-height-default\" data-id=\"25abbbf\" data-element_type=\"section\" data-e-type=\"section\">\n\t\t\t\t\t\t<div class=\"elementor-container elementor-column-gap-default\">\n\t\t\t\t\t<div class=\"elementor-column elementor-col-100 elementor-top-column elementor-element elementor-element-052df52\" data-id=\"052df52\" data-element_type=\"column\" data-e-type=\"column\">\n\t\t\t<div class=\"elementor-widget-wrap elementor-element-populated\">\n\t\t\t\t\t\t<div class=\"elementor-element elementor-element-6ee7b53 elementor-widget elementor-widget-menu-anchor\" data-id=\"6ee7b53\" data-element_type=\"widget\" data-e-type=\"widget\" data-widget_type=\"menu-anchor.default\">\n\t\t\t\t<div class=\"elementor-widget-container\">\n\t\t\t\t\t\t\t<div class=\"elementor-menu-anchor\" id=\"blog\"><\/div>\n\t\t\t\t\t\t<\/div>\n\t\t\t\t<\/div>\n\t\t\t\t<div class=\"elementor-element elementor-element-cc3fa6e elementor-grid-3 elementor-grid-tablet-2 elementor-grid-mobile-1 elementor-posts--thumbnail-top elementor-card-shadow-yes elementor-posts__hover-gradient elementor-widget elementor-widget-posts\" data-id=\"cc3fa6e\" data-element_type=\"widget\" data-e-type=\"widget\" data-settings=\"{&quot;pagination_type&quot;:&quot;numbers_and_prev_next&quot;,&quot;cards_columns&quot;:&quot;3&quot;,&quot;cards_columns_tablet&quot;:&quot;2&quot;,&quot;cards_columns_mobile&quot;:&quot;1&quot;,&quot;cards_row_gap&quot;:{&quot;unit&quot;:&quot;px&quot;,&quot;size&quot;:35,&quot;sizes&quot;:[]},&quot;cards_row_gap_tablet&quot;:{&quot;unit&quot;:&quot;px&quot;,&quot;size&quot;:&quot;&quot;,&quot;sizes&quot;:[]},&quot;cards_row_gap_mobile&quot;:{&quot;unit&quot;:&quot;px&quot;,&quot;size&quot;:&quot;&quot;,&quot;sizes&quot;:[]}}\" data-widget_type=\"posts.cards\">\n\t\t\t\t<div class=\"elementor-widget-container\">\n\t\t\t\t\t\t\t<div class=\"elementor-posts-container elementor-posts elementor-posts--skin-cards elementor-grid\" role=\"list\">\n\t\t\t\t<article class=\"elementor-post elementor-grid-item post-12052 post type-post status-publish format-standard has-post-thumbnail hentry category-malmo category-sweden tag-karna-moller\" role=\"listitem\">\n\t\t\t<div class=\"elementor-post__card\">\n\t\t\t\t<a class=\"elementor-post__thumbnail__link\" href=\"https:\/\/www.storytourist.com\/fi\/karna-moller-malmos-mest-kanda-spoke-2\/\" tabindex=\"-1\" ><div class=\"elementor-post__thumbnail\"><img data-opt-id=926577869  fetchpriority=\"high\" decoding=\"async\" width=\"300\" height=\"202\" src=\"https:\/\/mllm7nfkytow.i.optimole.com\/w:300\/h:202\/q:mauto\/f:best\/https:\/\/www.storytourist.com\/wp-content\/uploads\/2023\/08\/blog-banner.jpg\" class=\"attachment-medium size-medium wp-image-12054\" alt=\"An illustration of Karna M\u00f6ller in her ghost form. She is wearing a white cloak and have dark eyes.\" srcset=\"https:\/\/mllm7nfkytow.i.optimole.com\/w:300\/h:202\/q:mauto\/f:best\/https:\/\/www.storytourist.com\/wp-content\/uploads\/2023\/08\/blog-banner.jpg 300w, https:\/\/mllm7nfkytow.i.optimole.com\/w:1024\/h:691\/q:mauto\/f:best\/https:\/\/www.storytourist.com\/wp-content\/uploads\/2023\/08\/blog-banner.jpg 1024w, https:\/\/mllm7nfkytow.i.optimole.com\/w:768\/h:518\/q:mauto\/f:best\/https:\/\/www.storytourist.com\/wp-content\/uploads\/2023\/08\/blog-banner.jpg 768w, https:\/\/mllm7nfkytow.i.optimole.com\/w:1536\/h:1037\/q:mauto\/f:best\/https:\/\/www.storytourist.com\/wp-content\/uploads\/2023\/08\/blog-banner.jpg 1536w, https:\/\/mllm7nfkytow.i.optimole.com\/w:600\/h:405\/q:mauto\/f:best\/https:\/\/www.storytourist.com\/wp-content\/uploads\/2023\/08\/blog-banner.jpg 600w, https:\/\/mllm7nfkytow.i.optimole.com\/w:1600\/h:1080\/q:mauto\/f:best\/https:\/\/www.storytourist.com\/wp-content\/uploads\/2023\/08\/blog-banner.jpg 2048w\" sizes=\"(max-width: 300px) 100vw, 300px\" \/><\/div><\/a>\n\t\t\t\t<div class=\"elementor-post__text\">\n\t\t\t\t<div class=\"elementor-post__title\">\n\t\t\t<a href=\"https:\/\/www.storytourist.com\/fi\/karna-moller-malmos-mest-kanda-spoke-2\/\" >\n\t\t\t\tKarna M\u00f6ller &#8211; Malm\u00f6s mest k\u00e4nda sp\u00f6ke\t\t\t<\/a>\n\t\t<\/div>\n\t\t\t\t<div class=\"elementor-post__excerpt\">\n\t\t\t<p>Vid varje s\u00f6ndagsgudtj\u00e4nst i n\u00e4stan 30 \u00e5rs tid bad man b\u00f6nen \u201cB\u00f6n uti Malm\u00f6 F\u00f6rsamblingar emot Satans Sp\u00f6kerij\u201d i samtliga Malm\u00f6s kyrkor. Syftet var att<\/p>\n\t\t<\/div>\n\t\t\n\t\t<a class=\"elementor-post__read-more\" href=\"https:\/\/www.storytourist.com\/fi\/karna-moller-malmos-mest-kanda-spoke-2\/\" aria-label=\"Read more about Karna M\u00f6ller &#8211; Malm\u00f6s mest k\u00e4nda sp\u00f6ke\" tabindex=\"-1\" >\n\t\t\tRead More \u00bb\t\t<\/a>\n\n\t\t\t\t<\/div>\n\t\t\t\t<div class=\"elementor-post__meta-data\">\n\t\t\t\t\t<span class=\"elementor-post-date\">\n\t\t\t2023-08-10\t\t<\/span>\n\t\t\t\t<\/div>\n\t\t\t\t\t<\/div>\n\t\t<\/article>\n\t\t\t\t<article class=\"elementor-post elementor-grid-item post-11370 post type-post status-publish format-standard has-post-thumbnail hentry category-stockholm category-sweden tag-haxprocesser tag-malin-matsdotter\" role=\"listitem\">\n\t\t\t<div class=\"elementor-post__card\">\n\t\t\t\t<a class=\"elementor-post__thumbnail__link\" href=\"https:\/\/www.storytourist.com\/fi\/malin-matsdotters-grymma-ode\/\" tabindex=\"-1\" ><div class=\"elementor-post__thumbnail\"><img data-opt-id=9302633  fetchpriority=\"high\" decoding=\"async\" width=\"300\" height=\"188\" src=\"https:\/\/mllm7nfkytow.i.optimole.com\/w:300\/h:188\/q:mauto\/f:best\/https:\/\/www.storytourist.com\/wp-content\/uploads\/2023\/04\/Malin-alternativ-bloggbanner.jpg\" class=\"attachment-medium size-medium wp-image-11382\" alt=\"Malin Matsdotter, en illustrerad bild av en kvinna i ett brinnande b\u00e5l\" srcset=\"https:\/\/mllm7nfkytow.i.optimole.com\/w:300\/h:188\/q:mauto\/f:best\/https:\/\/www.storytourist.com\/wp-content\/uploads\/2023\/04\/Malin-alternativ-bloggbanner.jpg 300w, https:\/\/mllm7nfkytow.i.optimole.com\/w:1024\/h:640\/q:mauto\/f:best\/https:\/\/www.storytourist.com\/wp-content\/uploads\/2023\/04\/Malin-alternativ-bloggbanner.jpg 1024w, https:\/\/mllm7nfkytow.i.optimole.com\/w:768\/h:480\/q:mauto\/f:best\/https:\/\/www.storytourist.com\/wp-content\/uploads\/2023\/04\/Malin-alternativ-bloggbanner.jpg 768w, https:\/\/mllm7nfkytow.i.optimole.com\/w:1536\/h:960\/q:mauto\/f:best\/https:\/\/www.storytourist.com\/wp-content\/uploads\/2023\/04\/Malin-alternativ-bloggbanner.jpg 1536w, https:\/\/mllm7nfkytow.i.optimole.com\/w:600\/h:375\/q:mauto\/f:best\/https:\/\/www.storytourist.com\/wp-content\/uploads\/2023\/04\/Malin-alternativ-bloggbanner.jpg 600w, https:\/\/mllm7nfkytow.i.optimole.com\/w:1728\/h:1080\/q:mauto\/f:best\/https:\/\/www.storytourist.com\/wp-content\/uploads\/2023\/04\/Malin-alternativ-bloggbanner.jpg 2048w\" sizes=\"(max-width: 300px) 100vw, 300px\" \/><\/div><\/a>\n\t\t\t\t<div class=\"elementor-post__text\">\n\t\t\t\t<div class=\"elementor-post__title\">\n\t\t\t<a href=\"https:\/\/www.storytourist.com\/fi\/malin-matsdotters-grymma-ode\/\" >\n\t\t\t\tMalin Matsdotters grymma \u00f6de\t\t\t<\/a>\n\t\t<\/div>\n\t\t\t\t<div class=\"elementor-post__excerpt\">\n\t\t\t<p>Har du h\u00f6rt talas om Malin Matsdotter? De svenska h\u00e4xprocesserna, eller &#8221;Det stora ov\u00e4sendet&#8221;, kulminerade i Stockholm \u00e5r 1676. Malin Matsdotter var en av alla<\/p>\n\t\t<\/div>\n\t\t\n\t\t<a class=\"elementor-post__read-more\" href=\"https:\/\/www.storytourist.com\/fi\/malin-matsdotters-grymma-ode\/\" aria-label=\"Read more about Malin Matsdotters grymma \u00f6de\" tabindex=\"-1\" >\n\t\t\tRead More \u00bb\t\t<\/a>\n\n\t\t\t\t<\/div>\n\t\t\t\t<div class=\"elementor-post__meta-data\">\n\t\t\t\t\t<span class=\"elementor-post-date\">\n\t\t\t2023-05-29\t\t<\/span>\n\t\t\t\t<\/div>\n\t\t\t\t\t<\/div>\n\t\t<\/article>\n\t\t\t\t<article class=\"elementor-post elementor-grid-item post-11343 post type-post status-publish format-standard has-post-thumbnail hentry category-stockholm category-sweden category-uncategorized tag-wendela-hebbe tag-gamla-stan\" role=\"listitem\">\n\t\t\t<div class=\"elementor-post__card\">\n\t\t\t\t<a class=\"elementor-post__thumbnail__link\" href=\"https:\/\/www.storytourist.com\/fi\/wendela-hebbe-en-journalistpionjar\/\" tabindex=\"-1\" ><div class=\"elementor-post__thumbnail\"><img data-opt-id=917271518  fetchpriority=\"high\" decoding=\"async\" width=\"300\" height=\"188\" src=\"https:\/\/mllm7nfkytow.i.optimole.com\/w:300\/h:188\/q:mauto\/f:best\/https:\/\/www.storytourist.com\/wp-content\/uploads\/2023\/04\/Wen-blog-banner.png\" class=\"attachment-medium size-medium wp-image-11347\" alt=\"\" srcset=\"https:\/\/mllm7nfkytow.i.optimole.com\/w:300\/h:188\/q:mauto\/f:best\/https:\/\/www.storytourist.com\/wp-content\/uploads\/2023\/04\/Wen-blog-banner.png 300w, https:\/\/mllm7nfkytow.i.optimole.com\/w:1024\/h:640\/q:mauto\/f:best\/https:\/\/www.storytourist.com\/wp-content\/uploads\/2023\/04\/Wen-blog-banner.png 1024w, https:\/\/mllm7nfkytow.i.optimole.com\/w:768\/h:480\/q:mauto\/f:best\/https:\/\/www.storytourist.com\/wp-content\/uploads\/2023\/04\/Wen-blog-banner.png 768w, https:\/\/mllm7nfkytow.i.optimole.com\/w:1536\/h:960\/q:mauto\/f:best\/https:\/\/www.storytourist.com\/wp-content\/uploads\/2023\/04\/Wen-blog-banner.png 1536w, https:\/\/mllm7nfkytow.i.optimole.com\/w:600\/h:375\/q:mauto\/f:best\/https:\/\/www.storytourist.com\/wp-content\/uploads\/2023\/04\/Wen-blog-banner.png 600w, https:\/\/mllm7nfkytow.i.optimole.com\/w:1728\/h:1080\/q:mauto\/f:best\/https:\/\/www.storytourist.com\/wp-content\/uploads\/2023\/04\/Wen-blog-banner.png 2048w\" sizes=\"(max-width: 300px) 100vw, 300px\" \/><\/div><\/a>\n\t\t\t\t<div class=\"elementor-post__text\">\n\t\t\t\t<div class=\"elementor-post__title\">\n\t\t\t<a href=\"https:\/\/www.storytourist.com\/fi\/wendela-hebbe-en-journalistpionjar\/\" >\n\t\t\t\tWendela Hebbe &#8211; en journalistpionj\u00e4r\t\t\t<\/a>\n\t\t<\/div>\n\t\t\t\t<div class=\"elementor-post__excerpt\">\n\t\t\t<p>Hon anses vara Sveriges f\u00f6rsta kvinnliga journalist, men skrev s\u00e4llan under eget namn. Nu kan du kliva in i Wendela Hebbes v\u00e4rld och med hj\u00e4lp<\/p>\n\t\t<\/div>\n\t\t\n\t\t<a class=\"elementor-post__read-more\" href=\"https:\/\/www.storytourist.com\/fi\/wendela-hebbe-en-journalistpionjar\/\" aria-label=\"Read more about Wendela Hebbe &#8211; en journalistpionj\u00e4r\" tabindex=\"-1\" >\n\t\t\tRead More \u00bb\t\t<\/a>\n\n\t\t\t\t<\/div>\n\t\t\t\t<div class=\"elementor-post__meta-data\">\n\t\t\t\t\t<span class=\"elementor-post-date\">\n\t\t\t2023-04-20\t\t<\/span>\n\t\t\t\t<\/div>\n\t\t\t\t\t<\/div>\n\t\t<\/article>\n\t\t\t\t<article class=\"elementor-post elementor-grid-item post-11056 post type-post status-publish format-standard has-post-thumbnail hentry category-malmo category-stockholm category-sweden tag-den-dodas-dans tag-felicia-welander tag-karna-moller tag-marie-metso tag-myrna-mostrom tag-wendela-hebbe tag-wendelas-hemlighet\" role=\"listitem\">\n\t\t\t<div class=\"elementor-post__card\">\n\t\t\t\t<a class=\"elementor-post__thumbnail__link\" href=\"https:\/\/www.storytourist.com\/fi\/kommande-storytours\/\" tabindex=\"-1\" ><div class=\"elementor-post__thumbnail\"><img data-opt-id=2055624840  loading=\"lazy\" decoding=\"async\" width=\"300\" height=\"188\" src=\"https:\/\/mllm7nfkytow.i.optimole.com\/w:300\/h:188\/q:mauto\/f:best\/https:\/\/www.storytourist.com\/wp-content\/uploads\/2022\/12\/Banner-kommande-turer-1.jpg\" class=\"attachment-medium size-medium wp-image-11060\" alt=\"En karta med fotsteg och en orange mark\u00f6r\" srcset=\"https:\/\/mllm7nfkytow.i.optimole.com\/w:300\/h:188\/q:mauto\/f:best\/https:\/\/www.storytourist.com\/wp-content\/uploads\/2022\/12\/Banner-kommande-turer-1.jpg 300w, https:\/\/mllm7nfkytow.i.optimole.com\/w:1024\/h:640\/q:mauto\/f:best\/https:\/\/www.storytourist.com\/wp-content\/uploads\/2022\/12\/Banner-kommande-turer-1.jpg 1024w, https:\/\/mllm7nfkytow.i.optimole.com\/w:768\/h:480\/q:mauto\/f:best\/https:\/\/www.storytourist.com\/wp-content\/uploads\/2022\/12\/Banner-kommande-turer-1.jpg 768w, https:\/\/mllm7nfkytow.i.optimole.com\/w:600\/h:375\/q:mauto\/f:best\/https:\/\/www.storytourist.com\/wp-content\/uploads\/2022\/12\/Banner-kommande-turer-1.jpg 600w, https:\/\/mllm7nfkytow.i.optimole.com\/w:1536\/h:960\/q:mauto\/f:best\/https:\/\/www.storytourist.com\/wp-content\/uploads\/2022\/12\/Banner-kommande-turer-1.jpg 1536w\" sizes=\"(max-width: 300px) 100vw, 300px\" \/><\/div><\/a>\n\t\t\t\t<div class=\"elementor-post__text\">\n\t\t\t\t<div class=\"elementor-post__title\">\n\t\t\t<a href=\"https:\/\/www.storytourist.com\/fi\/kommande-storytours\/\" >\n\t\t\t\tNya StoryTours som kommer 2023\t\t\t<\/a>\n\t\t<\/div>\n\t\t\t\t<div class=\"elementor-post__excerpt\">\n\t\t\t<p>\u00c5ret n\u00e4rmar sig sitt slut, men vi har flera sp\u00e4nnande nya StoryTours planerade f\u00f6r 2023! Malm\u00f6 dyker upp p\u00e5 StoryTourist-kartan f\u00f6r f\u00f6rsta g\u00e5ngen med en<\/p>\n\t\t<\/div>\n\t\t\n\t\t<a class=\"elementor-post__read-more\" href=\"https:\/\/www.storytourist.com\/fi\/kommande-storytours\/\" aria-label=\"Read more about Nya StoryTours som kommer 2023\" tabindex=\"-1\" >\n\t\t\tRead More \u00bb\t\t<\/a>\n\n\t\t\t\t<\/div>\n\t\t\t\t<div class=\"elementor-post__meta-data\">\n\t\t\t\t\t<span class=\"elementor-post-date\">\n\t\t\t2022-12-19\t\t<\/span>\n\t\t\t\t<\/div>\n\t\t\t\t\t<\/div>\n\t\t<\/article>\n\t\t\t\t<article class=\"elementor-post elementor-grid-item post-10623 post type-post status-publish format-standard has-post-thumbnail hentry category-stockholm category-snabba-cash category-sweden\" role=\"listitem\">\n\t\t\t<div class=\"elementor-post__card\">\n\t\t\t\t<a class=\"elementor-post__thumbnail__link\" href=\"https:\/\/www.storytourist.com\/fi\/snabba-cash-forvandlad-till-spannande-stadsspel\/\" tabindex=\"-1\" ><div class=\"elementor-post__thumbnail\"><img data-opt-id=239969546  loading=\"lazy\" decoding=\"async\" width=\"300\" height=\"188\" src=\"https:\/\/mllm7nfkytow.i.optimole.com\/w:300\/h:188\/q:mauto\/f:best\/https:\/\/www.storytourist.com\/wp-content\/uploads\/2022\/09\/snabba-cash-blog-banner.png\" class=\"attachment-medium size-medium wp-image-10637\" alt=\"\" srcset=\"https:\/\/mllm7nfkytow.i.optimole.com\/w:300\/h:188\/q:mauto\/f:best\/https:\/\/www.storytourist.com\/wp-content\/uploads\/2022\/09\/snabba-cash-blog-banner.png 300w, https:\/\/mllm7nfkytow.i.optimole.com\/w:600\/h:375\/q:mauto\/f:best\/https:\/\/www.storytourist.com\/wp-content\/uploads\/2022\/09\/snabba-cash-blog-banner.png 600w, https:\/\/mllm7nfkytow.i.optimole.com\/w:1024\/h:640\/q:mauto\/f:best\/https:\/\/www.storytourist.com\/wp-content\/uploads\/2022\/09\/snabba-cash-blog-banner.png 1024w, https:\/\/mllm7nfkytow.i.optimole.com\/w:768\/h:480\/q:mauto\/f:best\/https:\/\/www.storytourist.com\/wp-content\/uploads\/2022\/09\/snabba-cash-blog-banner.png 768w, https:\/\/mllm7nfkytow.i.optimole.com\/w:1536\/h:960\/q:mauto\/f:best\/https:\/\/www.storytourist.com\/wp-content\/uploads\/2022\/09\/snabba-cash-blog-banner.png 1536w\" sizes=\"(max-width: 300px) 100vw, 300px\" \/><\/div><\/a>\n\t\t\t\t<div class=\"elementor-post__text\">\n\t\t\t\t<div class=\"elementor-post__title\">\n\t\t\t<a href=\"https:\/\/www.storytourist.com\/fi\/snabba-cash-forvandlad-till-spannande-stadsspel\/\" >\n\t\t\t\tSnabba cash f\u00f6rvandlad till sp\u00e4nnande stadsspel\t\t\t<\/a>\n\t\t<\/div>\n\t\t\t\t<div class=\"elementor-post__excerpt\">\n\t\t\t<p>\u00c4r du en av alla de miljontals personer som l\u00e4rt k\u00e4nna Jorge, JW och Mrado genom Jens Lapidus succ\u00e9roman Snabba cash? Nu har du m\u00f6jligheten<\/p>\n\t\t<\/div>\n\t\t\n\t\t<a class=\"elementor-post__read-more\" href=\"https:\/\/www.storytourist.com\/fi\/snabba-cash-forvandlad-till-spannande-stadsspel\/\" aria-label=\"Read more about Snabba cash f\u00f6rvandlad till sp\u00e4nnande stadsspel\" tabindex=\"-1\" >\n\t\t\tRead More \u00bb\t\t<\/a>\n\n\t\t\t\t<\/div>\n\t\t\t\t<div class=\"elementor-post__meta-data\">\n\t\t\t\t\t<span class=\"elementor-post-date\">\n\t\t\t2022-09-19\t\t<\/span>\n\t\t\t\t<\/div>\n\t\t\t\t\t<\/div>\n\t\t<\/article>\n\t\t\t\t<article class=\"elementor-post elementor-grid-item post-10266 post type-post status-publish format-standard has-post-thumbnail hentry category-england category-london tag-suffragettes tag-storytour\" role=\"listitem\">\n\t\t\t<div class=\"elementor-post__card\">\n\t\t\t\t<a class=\"elementor-post__thumbnail__link\" href=\"https:\/\/www.storytourist.com\/fi\/the-london-suffragettes-and-the-violent-fight-for-the-vote\/\" tabindex=\"-1\" ><div class=\"elementor-post__thumbnail\"><img data-opt-id=1215456864  loading=\"lazy\" decoding=\"async\" width=\"300\" height=\"188\" src=\"https:\/\/mllm7nfkytow.i.optimole.com\/w:300\/h:188\/q:mauto\/f:best\/https:\/\/www.storytourist.com\/wp-content\/uploads\/2022\/07\/Suffr_KeyArt_BlogBanner.png\" class=\"attachment-medium size-medium wp-image-10282\" alt=\"A black and white image of a street in Holborn, London. In the foreground is a young girl holding up a sign that says votes for women.\" srcset=\"https:\/\/mllm7nfkytow.i.optimole.com\/w:300\/h:188\/q:mauto\/f:best\/https:\/\/www.storytourist.com\/wp-content\/uploads\/2022\/07\/Suffr_KeyArt_BlogBanner.png 300w, https:\/\/mllm7nfkytow.i.optimole.com\/w:600\/h:375\/q:mauto\/f:best\/https:\/\/www.storytourist.com\/wp-content\/uploads\/2022\/07\/Suffr_KeyArt_BlogBanner.png 600w, https:\/\/mllm7nfkytow.i.optimole.com\/w:1024\/h:640\/q:mauto\/f:best\/https:\/\/www.storytourist.com\/wp-content\/uploads\/2022\/07\/Suffr_KeyArt_BlogBanner.png 1024w, https:\/\/mllm7nfkytow.i.optimole.com\/w:768\/h:480\/q:mauto\/f:best\/https:\/\/www.storytourist.com\/wp-content\/uploads\/2022\/07\/Suffr_KeyArt_BlogBanner.png 768w, https:\/\/mllm7nfkytow.i.optimole.com\/w:1536\/h:960\/q:mauto\/f:best\/https:\/\/www.storytourist.com\/wp-content\/uploads\/2022\/07\/Suffr_KeyArt_BlogBanner.png 1536w, https:\/\/mllm7nfkytow.i.optimole.com\/w:1728\/h:1080\/q:mauto\/f:best\/https:\/\/www.storytourist.com\/wp-content\/uploads\/2022\/07\/Suffr_KeyArt_BlogBanner.png 2048w\" sizes=\"(max-width: 300px) 100vw, 300px\" \/><\/div><\/a>\n\t\t\t\t<div class=\"elementor-post__text\">\n\t\t\t\t<div class=\"elementor-post__title\">\n\t\t\t<a href=\"https:\/\/www.storytourist.com\/fi\/the-london-suffragettes-and-the-violent-fight-for-the-vote\/\" >\n\t\t\t\tThe Suffragettes of London and the Violent Fight for the Vote\t\t\t<\/a>\n\t\t<\/div>\n\t\t\t\t<div class=\"elementor-post__excerpt\">\n\t\t\t<p>Did you know that during the early 1900&#8217;s, a London-based organization smashed windows, set fire to buildings and placed out bombs in public areas? Their<\/p>\n\t\t<\/div>\n\t\t\n\t\t<a class=\"elementor-post__read-more\" href=\"https:\/\/www.storytourist.com\/fi\/the-london-suffragettes-and-the-violent-fight-for-the-vote\/\" aria-label=\"Read more about The Suffragettes of London and the Violent Fight for the Vote\" tabindex=\"-1\" >\n\t\t\tRead More \u00bb\t\t<\/a>\n\n\t\t\t\t<\/div>\n\t\t\t\t<div class=\"elementor-post__meta-data\">\n\t\t\t\t\t<span class=\"elementor-post-date\">\n\t\t\t2022-07-13\t\t<\/span>\n\t\t\t\t<\/div>\n\t\t\t\t\t<\/div>\n\t\t<\/article>\n\t\t\t\t<\/div>\n\t\t\n\t\t\t\t<div class=\"e-load-more-anchor\" data-page=\"1\" data-max-page=\"8\" data-next-page=\"https:\/\/www.storytourist.com\/fi\/wp-json\/wp\/v2\/pages\/2271\/page\/2\/\"><\/div>\n\t\t\t\t<nav class=\"elementor-pagination\" aria-label=\"Pagination\">\n\t\t\t<span class=\"page-numbers prev\">&laquo; Previous<\/span>\n<span aria-current=\"page\" class=\"page-numbers current\"><span class=\"elementor-screen-only\">Page<\/span>1<\/span>\n<a class=\"page-numbers\" href=\"https:\/\/www.storytourist.com\/fi\/wp-json\/wp\/v2\/pages\/2271\/page\/2\/\"><span class=\"elementor-screen-only\">Page<\/span>2<\/a>\n<a class=\"page-numbers\" href=\"https:\/\/www.storytourist.com\/fi\/wp-json\/wp\/v2\/pages\/2271\/page\/3\/\"><span class=\"elementor-screen-only\">Page<\/span>3<\/a>\n<span class=\"page-numbers dots\">&hellip;<\/span>\n<a class=\"page-numbers\" href=\"https:\/\/www.storytourist.com\/fi\/wp-json\/wp\/v2\/pages\/2271\/page\/8\/\"><span class=\"elementor-screen-only\">Page<\/span>8<\/a>\n<a class=\"page-numbers next\" href=\"https:\/\/www.storytourist.com\/fi\/wp-json\/wp\/v2\/pages\/2271\/page\/2\/\">Next &raquo;<\/a>\t\t<\/nav>\n\t\t\t\t\t\t<\/div>\n\t\t\t\t<\/div>\n\t\t\t\t\t<\/div>\n\t\t<\/div>\n\t\t\t\t\t<\/div>\n\t\t<\/section>\n\t\t\t\t<\/div>\n\t\t","protected":false},"excerpt":{"rendered":"<p>Blog Looking for fun activities and sustainable ways to explore the world? Check out the StoryTourist blog for suggestions on how to travel through stories, and how to experience your home town in a brand new way.\u00a0 Read More<\/p>\n","protected":false},"author":1,"featured_media":0,"parent":0,"menu_order":0,"comment_status":"closed","ping_status":"closed","template":"","meta":{"_acf_changed":false,"footnotes":""},"class_list":["post-2271","page","type-page","status-publish","hentry"],"acf":[],"_links":{"self":[{"href":"https:\/\/www.storytourist.com\/fi\/wp-json\/wp\/v2\/pages\/2271","targetHints":{"allow":["GET"]}}],"collection":[{"href":"https:\/\/www.storytourist.com\/fi\/wp-json\/wp\/v2\/pages"}],"about":[{"href":"https:\/\/www.storytourist.com\/fi\/wp-json\/wp\/v2\/types\/page"}],"author":[{"embeddable":true,"href":"https:\/\/www.storytourist.com\/fi\/wp-json\/wp\/v2\/users\/1"}],"replies":[{"embeddable":true,"href":"https:\/\/www.storytourist.com\/fi\/wp-json\/wp\/v2\/comments?post=2271"}],"version-history":[{"count":0,"href":"https:\/\/www.storytourist.com\/fi\/wp-json\/wp\/v2\/pages\/2271\/revisions"}],"wp:attachment":[{"href":"https:\/\/www.storytourist.com\/fi\/wp-json\/wp\/v2\/media?parent=2271"}],"curies":[{"name":"wp","href":"https:\/\/api.w.org\/{rel}","templated":true}]}}