{"id":1806,"date":"2019-06-25T11:14:01","date_gmt":"2019-06-25T11:14:01","guid":{"rendered":"https:\/\/www.storytourist.com\/?page_id=1806"},"modified":"2021-03-29T09:45:28","modified_gmt":"2021-03-29T09:45:28","slug":"swedish-press-release-mermaid","status":"publish","type":"page","link":"https:\/\/www.storytourist.com\/fi\/swedish-press-release-mermaid\/","title":{"rendered":"Pressmeddelande &#8211; Den lilla sj\u00f6jungfrun"},"content":{"rendered":"\t\t<div data-elementor-type=\"wp-page\" data-elementor-id=\"1806\" class=\"elementor elementor-1806\" data-elementor-post-type=\"page\">\n\t\t\t\t\t\t<section class=\"elementor-section elementor-top-section elementor-element elementor-element-c6d32c1 elementor-section-boxed elementor-section-height-default elementor-section-height-default\" data-id=\"c6d32c1\" data-element_type=\"section\" data-e-type=\"section\">\n\t\t\t\t\t\t<div class=\"elementor-container elementor-column-gap-default\">\n\t\t\t\t\t<div class=\"elementor-column elementor-col-50 elementor-top-column elementor-element elementor-element-01aecdf\" data-id=\"01aecdf\" data-element_type=\"column\" data-e-type=\"column\">\n\t\t\t<div class=\"elementor-widget-wrap elementor-element-populated\">\n\t\t\t\t\t\t<div class=\"elementor-element elementor-element-dc89dd6 elementor-widget elementor-widget-spacer\" data-id=\"dc89dd6\" data-element_type=\"widget\" data-e-type=\"widget\" data-widget_type=\"spacer.default\">\n\t\t\t\t<div class=\"elementor-widget-container\">\n\t\t\t\t\t\t\t<div class=\"elementor-spacer\">\n\t\t\t<div class=\"elementor-spacer-inner\"><\/div>\n\t\t<\/div>\n\t\t\t\t\t\t<\/div>\n\t\t\t\t<\/div>\n\t\t\t\t\t<\/div>\n\t\t<\/div>\n\t\t\t\t<div class=\"elementor-column elementor-col-50 elementor-top-column elementor-element elementor-element-c92866d\" data-id=\"c92866d\" data-element_type=\"column\" data-e-type=\"column\">\n\t\t\t<div class=\"elementor-widget-wrap elementor-element-populated\">\n\t\t\t\t\t\t<div class=\"elementor-element elementor-element-f1eaacc elementor-widget elementor-widget-spacer\" data-id=\"f1eaacc\" data-element_type=\"widget\" data-e-type=\"widget\" data-widget_type=\"spacer.default\">\n\t\t\t\t<div class=\"elementor-widget-container\">\n\t\t\t\t\t\t\t<div class=\"elementor-spacer\">\n\t\t\t<div class=\"elementor-spacer-inner\"><\/div>\n\t\t<\/div>\n\t\t\t\t\t\t<\/div>\n\t\t\t\t<\/div>\n\t\t\t\t\t<\/div>\n\t\t<\/div>\n\t\t\t\t\t<\/div>\n\t\t<\/section>\n\t\t\t\t<section class=\"elementor-section elementor-top-section elementor-element elementor-element-1f53200 elementor-section-stretched elementor-section-full_width elementor-section-height-default elementor-section-height-default\" data-id=\"1f53200\" data-element_type=\"section\" data-e-type=\"section\" data-settings=\"{&quot;stretch_section&quot;:&quot;section-stretched&quot;}\">\n\t\t\t\t\t\t<div class=\"elementor-container elementor-column-gap-default\">\n\t\t\t\t\t<div class=\"elementor-column elementor-col-100 elementor-top-column elementor-element elementor-element-b9f2162\" data-id=\"b9f2162\" data-element_type=\"column\" data-e-type=\"column\">\n\t\t\t<div class=\"elementor-widget-wrap elementor-element-populated\">\n\t\t\t\t\t\t<div class=\"elementor-element elementor-element-0e5fad5 dce_masking-none elementor-widget elementor-widget-image\" data-id=\"0e5fad5\" data-element_type=\"widget\" data-e-type=\"widget\" data-widget_type=\"image.default\">\n\t\t\t\t<div class=\"elementor-widget-container\">\n\t\t\t\t\t\t\t\t\t\t\t\t\t\t\t<img data-opt-id=23076008  fetchpriority=\"high\" decoding=\"async\" src=\"https:\/\/mllm7nfkytow.i.optimole.com\/w:602\/h:400\/q:mauto\/f:best\/https:\/\/www.storytourist.com\/wp-content\/uploads\/2019\/03\/architecture-boats-buildings-416024-scaled.jpg\" title=\"architecture-boats-buildings-416024\" alt=\"architecture-boats-buildings-416024\" loading=\"lazy\" \/>\t\t\t\t\t\t\t\t\t\t\t\t\t\t\t<\/div>\n\t\t\t\t<\/div>\n\t\t\t\t<div class=\"elementor-element elementor-element-521789c elementor-widget elementor-widget-spacer\" data-id=\"521789c\" data-element_type=\"widget\" data-e-type=\"widget\" data-widget_type=\"spacer.default\">\n\t\t\t\t<div class=\"elementor-widget-container\">\n\t\t\t\t\t\t\t<div class=\"elementor-spacer\">\n\t\t\t<div class=\"elementor-spacer-inner\"><\/div>\n\t\t<\/div>\n\t\t\t\t\t\t<\/div>\n\t\t\t\t<\/div>\n\t\t\t\t\t<\/div>\n\t\t<\/div>\n\t\t\t\t\t<\/div>\n\t\t<\/section>\n\t\t\t\t<section class=\"elementor-section elementor-top-section elementor-element elementor-element-e1a78f4 elementor-section-boxed elementor-section-height-default elementor-section-height-default\" data-id=\"e1a78f4\" data-element_type=\"section\" data-e-type=\"section\">\n\t\t\t\t\t\t<div class=\"elementor-container elementor-column-gap-default\">\n\t\t\t\t\t<div data-dce-background-color=\"rgba(127,103,77,0)\" class=\"elementor-column elementor-col-100 elementor-top-column elementor-element elementor-element-fb0d71f\" data-id=\"fb0d71f\" data-element_type=\"column\" data-e-type=\"column\" data-settings=\"{&quot;background_background&quot;:&quot;classic&quot;}\">\n\t\t\t<div class=\"elementor-widget-wrap elementor-element-populated\">\n\t\t\t\t\t\t<div class=\"elementor-element elementor-element-b5482f5 dce_masking-none elementor-widget elementor-widget-image\" data-id=\"b5482f5\" data-element_type=\"widget\" data-e-type=\"widget\" data-widget_type=\"image.default\">\n\t\t\t\t<div class=\"elementor-widget-container\">\n\t\t\t\t\t\t\t\t\t\t\t\t\t\t\t<img data-opt-id=830777099  fetchpriority=\"high\" decoding=\"async\" src=\"https:\/\/mllm7nfkytow.i.optimole.com\/w:1920\/h:810\/q:mauto\/f:best\/https:\/\/www.storytourist.com\/wp-content\/uploads\/2019\/06\/Pressmeddelande-banner.jpg\" title=\"Pressmeddelande banner\" alt=\"Pressmeddelande banner\" loading=\"lazy\" \/>\t\t\t\t\t\t\t\t\t\t\t\t\t\t\t<\/div>\n\t\t\t\t<\/div>\n\t\t\t\t\t<\/div>\n\t\t<\/div>\n\t\t\t\t\t<\/div>\n\t\t<\/section>\n\t\t\t\t<section class=\"elementor-section elementor-top-section elementor-element elementor-element-a4f16f1 elementor-section-boxed elementor-section-height-default elementor-section-height-default\" data-id=\"a4f16f1\" data-element_type=\"section\" data-e-type=\"section\">\n\t\t\t\t\t\t<div class=\"elementor-container elementor-column-gap-default\">\n\t\t\t\t\t<div class=\"elementor-column elementor-col-100 elementor-top-column elementor-element elementor-element-6da5827\" data-id=\"6da5827\" data-element_type=\"column\" data-e-type=\"column\">\n\t\t\t<div class=\"elementor-widget-wrap elementor-element-populated\">\n\t\t\t\t\t\t<div class=\"elementor-element elementor-element-a827502 elementor-widget elementor-widget-post-info\" data-id=\"a827502\" data-element_type=\"widget\" data-e-type=\"widget\" data-widget_type=\"post-info.default\">\n\t\t\t\t<div class=\"elementor-widget-container\">\n\t\t\t\t\t\t\t<ul class=\"elementor-inline-items elementor-icon-list-items elementor-post-info\">\n\t\t\t\t\t\t\t\t<li class=\"elementor-icon-list-item elementor-repeater-item-905c75e elementor-inline-item\" itemprop=\"datePublished\">\n\t\t\t\t\t\t<a href=\"https:\/\/www.storytourist.com\/fi\/2019\/06\/25\/\">\n\t\t\t\t\t\t\t\t\t\t\t<span class=\"elementor-icon-list-icon\">\n\t\t\t\t\t\t\t\t<i aria-hidden=\"true\" class=\"fas fa-calendar\"><\/i>\t\t\t\t\t\t\t<\/span>\n\t\t\t\t\t\t\t\t\t<span class=\"elementor-icon-list-text elementor-post-info__item elementor-post-info__item--type-date\">\n\t\t\t\t\t\t\t\t\t\t<time>25 kes\u00e4kuun, 2019<\/time>\t\t\t\t\t<\/span>\n\t\t\t\t\t\t\t\t\t<\/a>\n\t\t\t\t<\/li>\n\t\t\t\t<\/ul>\n\t\t\t\t\t\t<\/div>\n\t\t\t\t<\/div>\n\t\t\t\t<div class=\"elementor-element elementor-element-6310c3d elementor-widget elementor-widget-heading\" data-id=\"6310c3d\" data-element_type=\"widget\" data-e-type=\"widget\" data-widget_type=\"heading.default\">\n\t\t\t\t<div class=\"elementor-widget-container\">\n\t\t\t\t\t<h2 class=\"elementor-heading-title elementor-size-default\">Gratis app l\u00e5ter dig utforska K\u00f6penhamn genom HC Andersens v\u00e4rldsber\u00f6mda saga<\/h2>\t\t\t\t<\/div>\n\t\t\t\t<\/div>\n\t\t\t\t<div class=\"elementor-element elementor-element-f47a2e7 elementor-widget elementor-widget-text-editor\" data-id=\"f47a2e7\" data-element_type=\"widget\" data-e-type=\"widget\" data-widget_type=\"text-editor.default\">\n\t\t\t\t<div class=\"elementor-widget-container\">\n\t\t\t\t\t\t\t\t\t<p><strong>Den svenska start-upen StoryTourist lanserar i dagarna en app som l\u00e5ter anv\u00e4ndaren kliva in i HC Andersens saga om den lilla sj\u00f6jungfrun. \u201dStoryTourist g\u00f6r guidade turer fr\u00e5n k\u00e4nda ber\u00e4ttelser, s\u00e5 att du kan uppleva dem p\u00e5 de verkliga platser d\u00e4r de utspelar sig\u201d, ber\u00e4ttar Johanna Forsman, VD och medgrundare av StoryTourist.<\/strong><\/p><p>Omr\u00e5det runt Kongens Nytorv, Nyhavn och Langelinie i K\u00f6penhamn brukar vara fullt av turister p\u00e5 sommaren. Under de n\u00e4rmsta tre m\u00e5naderna finns det ett gratis alternativ till de traditionellt guidade turerna i stadsdelen, b\u00e5de f\u00f6r tillf\u00e4lliga bes\u00f6kare och f\u00f6r K\u00f6penhamnsbor som vill uppleva sin hemstad p\u00e5 ett nytt s\u00e4tt. \u00a0<\/p><p>\u201dK\u00f6penhamn och Den lilla sj\u00f6jungfrun \u00e4r en sagolik kombination &#8211; perfekt att g\u00f6ra en StoryTour av\u201d, s\u00e4ger Johanna Forsman.<\/p><p>V\u00e4rldsomsp\u00e4nnande unders\u00f6kningar i reseindustrin visar att upplevelsesegmentet inom turismen kraftigt \u00f6kar \u2013 dagens turister vill utforska och inspireras av resm\u00e5len de v\u00e4ljer. StoryTourist \u00e4r ett nytt s\u00e4tt att resa och uppleva b\u00f6cker, filmer och andra ber\u00e4ttelser \u2013 till exempel genom att ta del av den lilla sj\u00f6jungfruns historia i K\u00f6penhamn eller l\u00f6sa brott med Sherlock Holmes i London. Med StoryTourist-appen kliver man in i en ber\u00e4ttelse, f\u00f6ljer i karakt\u00e4rernas fotsp\u00e5r och delar deras \u00e4ventyr med hj\u00e4lp av text, ljud, bild, film och interaktiva pussel.<\/p><p>Johanna Forsman bekr\u00e4ftar att den digitalt guidade turen i K\u00f6penhamn bara \u00e4r b\u00f6rjan p\u00e5 ett st\u00f6rre \u00e4ventyr; \u201dStoryTourist har vuxit snabbt genom b\u00e5de riskkapital och st\u00f6d fr\u00e5n den svenska statliga myndigheten f\u00f6r innovation, och vi har planer p\u00e5 m\u00e5nga nya sp\u00e4nnande turistupplevelser i fiktionens fotsp\u00e5r\u201d.<\/p><p>StoryTourists app finns tillg\u00e4nglig i Apples App store och i Google Play, d\u00e4r den kommer vara gratis fram till h\u00f6sten.<\/p><p><em>F\u00f6r presskit, mejla PR- och marknadsf\u00f6ringsansvarig Maria Lundin: maria.lundin@storytourist.com\u00a0<\/em><\/p>\t\t\t\t\t\t\t\t<\/div>\n\t\t\t\t<\/div>\n\t\t\t\t<div class=\"elementor-element elementor-element-7252106 elementor-widget elementor-widget-spacer\" data-id=\"7252106\" data-element_type=\"widget\" data-e-type=\"widget\" data-widget_type=\"spacer.default\">\n\t\t\t\t<div class=\"elementor-widget-container\">\n\t\t\t\t\t\t\t<div class=\"elementor-spacer\">\n\t\t\t<div class=\"elementor-spacer-inner\"><\/div>\n\t\t<\/div>\n\t\t\t\t\t\t<\/div>\n\t\t\t\t<\/div>\n\t\t\t\t<div class=\"elementor-element elementor-element-2bf4b9c elementor-share-buttons--view-icon-text elementor-share-buttons--skin-gradient elementor-share-buttons--shape-square elementor-grid-0 elementor-share-buttons--color-official elementor-widget elementor-widget-share-buttons\" data-id=\"2bf4b9c\" data-element_type=\"widget\" data-e-type=\"widget\" data-widget_type=\"share-buttons.default\">\n\t\t\t\t<div class=\"elementor-widget-container\">\n\t\t\t\t\t\t\t<div class=\"elementor-grid\" role=\"list\">\n\t\t\t\t\t\t\t\t<div class=\"elementor-grid-item\" role=\"listitem\">\n\t\t\t\t\t\t<div class=\"elementor-share-btn elementor-share-btn_facebook\" role=\"button\" tabindex=\"0\" aria-label=\"Share on facebook\">\n\t\t\t\t\t\t\t\t\t\t\t\t\t\t\t<span class=\"elementor-share-btn__icon\">\n\t\t\t\t\t\t\t\t<i class=\"fab fa-facebook\" aria-hidden=\"true\"><\/i>\t\t\t\t\t\t\t<\/span>\n\t\t\t\t\t\t\t\t\t\t\t\t\t\t\t\t\t\t\t\t\t\t<div class=\"elementor-share-btn__text\">\n\t\t\t\t\t\t\t\t\t\t\t\t\t\t\t\t\t\t\t<span class=\"elementor-share-btn__title\">\n\t\t\t\t\t\t\t\t\t\tFacebook\t\t\t\t\t\t\t\t\t<\/span>\n\t\t\t\t\t\t\t\t\t\t\t\t\t\t\t\t\t<\/div>\n\t\t\t\t\t\t\t\t\t\t\t\t\t<\/div>\n\t\t\t\t\t<\/div>\n\t\t\t\t\t\t\t\t\t<div class=\"elementor-grid-item\" role=\"listitem\">\n\t\t\t\t\t\t<div class=\"elementor-share-btn elementor-share-btn_twitter\" role=\"button\" tabindex=\"0\" aria-label=\"Share on twitter\">\n\t\t\t\t\t\t\t\t\t\t\t\t\t\t\t<span class=\"elementor-share-btn__icon\">\n\t\t\t\t\t\t\t\t<i class=\"fab fa-twitter\" aria-hidden=\"true\"><\/i>\t\t\t\t\t\t\t<\/span>\n\t\t\t\t\t\t\t\t\t\t\t\t\t\t\t\t\t\t\t\t\t\t<div class=\"elementor-share-btn__text\">\n\t\t\t\t\t\t\t\t\t\t\t\t\t\t\t\t\t\t\t<span class=\"elementor-share-btn__title\">\n\t\t\t\t\t\t\t\t\t\tTwitter\t\t\t\t\t\t\t\t\t<\/span>\n\t\t\t\t\t\t\t\t\t\t\t\t\t\t\t\t\t<\/div>\n\t\t\t\t\t\t\t\t\t\t\t\t\t<\/div>\n\t\t\t\t\t<\/div>\n\t\t\t\t\t\t\t\t\t<div class=\"elementor-grid-item\" role=\"listitem\">\n\t\t\t\t\t\t<div class=\"elementor-share-btn elementor-share-btn_linkedin\" role=\"button\" tabindex=\"0\" aria-label=\"Share on linkedin\">\n\t\t\t\t\t\t\t\t\t\t\t\t\t\t\t<span class=\"elementor-share-btn__icon\">\n\t\t\t\t\t\t\t\t<i class=\"fab fa-linkedin\" aria-hidden=\"true\"><\/i>\t\t\t\t\t\t\t<\/span>\n\t\t\t\t\t\t\t\t\t\t\t\t\t\t\t\t\t\t\t\t\t\t<div class=\"elementor-share-btn__text\">\n\t\t\t\t\t\t\t\t\t\t\t\t\t\t\t\t\t\t\t<span class=\"elementor-share-btn__title\">\n\t\t\t\t\t\t\t\t\t\tLinkedIn\t\t\t\t\t\t\t\t\t<\/span>\n\t\t\t\t\t\t\t\t\t\t\t\t\t\t\t\t\t<\/div>\n\t\t\t\t\t\t\t\t\t\t\t\t\t<\/div>\n\t\t\t\t\t<\/div>\n\t\t\t\t\t\t<\/div>\n\t\t\t\t\t\t<\/div>\n\t\t\t\t<\/div>\n\t\t\t\t\t<\/div>\n\t\t<\/div>\n\t\t\t\t\t<\/div>\n\t\t<\/section>\n\t\t\t\t<\/div>\n\t\t","protected":false},"excerpt":{"rendered":"<p>Gratis app l\u00e5ter dig utforska K\u00f6penhamn genom HC Andersens v\u00e4rldsber\u00f6mda saga Den svenska start-upen StoryTourist lanserar i dagarna en app som l\u00e5ter anv\u00e4ndaren kliva in i HC Andersens saga om den lilla sj\u00f6jungfrun. \u201dStoryTourist g\u00f6r guidade turer fr\u00e5n k\u00e4nda ber\u00e4ttelser, s\u00e5 att du kan uppleva dem p\u00e5 de verkliga platser d\u00e4r de utspelar sig\u201d, ber\u00e4ttar [&hellip;]<\/p>\n","protected":false},"author":1,"featured_media":0,"parent":0,"menu_order":0,"comment_status":"closed","ping_status":"closed","template":"","meta":{"_acf_changed":false,"footnotes":""},"class_list":["post-1806","page","type-page","status-publish","hentry"],"acf":[],"_links":{"self":[{"href":"https:\/\/www.storytourist.com\/fi\/wp-json\/wp\/v2\/pages\/1806","targetHints":{"allow":["GET"]}}],"collection":[{"href":"https:\/\/www.storytourist.com\/fi\/wp-json\/wp\/v2\/pages"}],"about":[{"href":"https:\/\/www.storytourist.com\/fi\/wp-json\/wp\/v2\/types\/page"}],"author":[{"embeddable":true,"href":"https:\/\/www.storytourist.com\/fi\/wp-json\/wp\/v2\/users\/1"}],"replies":[{"embeddable":true,"href":"https:\/\/www.storytourist.com\/fi\/wp-json\/wp\/v2\/comments?post=1806"}],"version-history":[{"count":0,"href":"https:\/\/www.storytourist.com\/fi\/wp-json\/wp\/v2\/pages\/1806\/revisions"}],"wp:attachment":[{"href":"https:\/\/www.storytourist.com\/fi\/wp-json\/wp\/v2\/media?parent=1806"}],"curies":[{"name":"wp","href":"https:\/\/api.w.org\/{rel}","templated":true}]}}