{"id":1753,"date":"2019-06-25T06:54:24","date_gmt":"2019-06-25T06:54:24","guid":{"rendered":"https:\/\/www.storytourist.com\/?page_id=1753"},"modified":"2021-03-29T09:44:28","modified_gmt":"2021-03-29T09:44:28","slug":"press-release-vinnova","status":"publish","type":"page","link":"https:\/\/www.storytourist.com\/fi\/press-release-vinnova\/","title":{"rendered":"Press release Vinnova grant"},"content":{"rendered":"\t\t<div data-elementor-type=\"wp-page\" data-elementor-id=\"1753\" class=\"elementor elementor-1753\" data-elementor-post-type=\"page\">\n\t\t\t\t\t\t<section class=\"elementor-section elementor-top-section elementor-element elementor-element-679ff19 elementor-section-stretched elementor-section-full_width elementor-section-height-default elementor-section-height-default\" data-id=\"679ff19\" data-element_type=\"section\" data-e-type=\"section\" data-settings=\"{&quot;stretch_section&quot;:&quot;section-stretched&quot;}\">\n\t\t\t\t\t\t<div class=\"elementor-container elementor-column-gap-default\">\n\t\t\t\t\t<div class=\"elementor-column elementor-col-100 elementor-top-column elementor-element elementor-element-e536a3f\" data-id=\"e536a3f\" data-element_type=\"column\" data-e-type=\"column\">\n\t\t\t<div class=\"elementor-widget-wrap elementor-element-populated\">\n\t\t\t\t\t\t<div class=\"elementor-element elementor-element-f06e9ae dce_masking-none elementor-widget elementor-widget-image\" data-id=\"f06e9ae\" data-element_type=\"widget\" data-e-type=\"widget\" data-widget_type=\"image.default\">\n\t\t\t\t<div class=\"elementor-widget-container\">\n\t\t\t\t\t\t\t\t\t\t\t\t\t\t\t<img data-opt-id=1524082576  fetchpriority=\"high\" decoding=\"async\" src=\"https:\/\/mllm7nfkytow.i.optimole.com\/w:auto\/h:auto\/q:mauto\/f:best\/https:\/\/www.storytourist.com\/wp-content\/uploads\/elementor\/thumbs\/Testbanner2-q79vffxg5o2cktmjimv3uxt0s6czkn1v86wdaasp0g.png\" title=\"Testbanner2\" alt=\"Testbanner2\" loading=\"lazy\" \/>\t\t\t\t\t\t\t\t\t\t\t\t\t\t\t<\/div>\n\t\t\t\t<\/div>\n\t\t\t\t<div class=\"elementor-element elementor-element-ecd1a1f elementor-widget elementor-widget-spacer\" data-id=\"ecd1a1f\" data-element_type=\"widget\" data-e-type=\"widget\" data-widget_type=\"spacer.default\">\n\t\t\t\t<div class=\"elementor-widget-container\">\n\t\t\t\t\t\t\t<div class=\"elementor-spacer\">\n\t\t\t<div class=\"elementor-spacer-inner\"><\/div>\n\t\t<\/div>\n\t\t\t\t\t\t<\/div>\n\t\t\t\t<\/div>\n\t\t\t\t\t<\/div>\n\t\t<\/div>\n\t\t\t\t\t<\/div>\n\t\t<\/section>\n\t\t\t\t<section class=\"elementor-section elementor-top-section elementor-element elementor-element-a4f16f1 elementor-section-boxed elementor-section-height-default elementor-section-height-default\" data-id=\"a4f16f1\" data-element_type=\"section\" data-e-type=\"section\">\n\t\t\t\t\t\t<div class=\"elementor-container elementor-column-gap-default\">\n\t\t\t\t\t<div class=\"elementor-column elementor-col-100 elementor-top-column elementor-element elementor-element-6da5827\" data-id=\"6da5827\" data-element_type=\"column\" data-e-type=\"column\">\n\t\t\t<div class=\"elementor-widget-wrap elementor-element-populated\">\n\t\t\t\t\t\t<div class=\"elementor-element elementor-element-076567d elementor-widget elementor-widget-post-info\" data-id=\"076567d\" data-element_type=\"widget\" data-e-type=\"widget\" data-widget_type=\"post-info.default\">\n\t\t\t\t<div class=\"elementor-widget-container\">\n\t\t\t\t\t\t\t<ul class=\"elementor-inline-items elementor-icon-list-items elementor-post-info\">\n\t\t\t\t\t\t\t\t<li class=\"elementor-icon-list-item elementor-repeater-item-a3db0e6 elementor-inline-item\" itemprop=\"datePublished\">\n\t\t\t\t\t\t<a href=\"https:\/\/www.storytourist.com\/fi\/2019\/06\/25\/\">\n\t\t\t\t\t\t\t\t\t\t\t<span class=\"elementor-icon-list-icon\">\n\t\t\t\t\t\t\t\t<i aria-hidden=\"true\" class=\"fas fa-calendar\"><\/i>\t\t\t\t\t\t\t<\/span>\n\t\t\t\t\t\t\t\t\t<span class=\"elementor-icon-list-text elementor-post-info__item elementor-post-info__item--type-date\">\n\t\t\t\t\t\t\t\t\t\t<time>25 kes\u00e4kuun, 2019<\/time>\t\t\t\t\t<\/span>\n\t\t\t\t\t\t\t\t\t<\/a>\n\t\t\t\t<\/li>\n\t\t\t\t<\/ul>\n\t\t\t\t\t\t<\/div>\n\t\t\t\t<\/div>\n\t\t\t\t<div class=\"elementor-element elementor-element-6310c3d elementor-widget elementor-widget-heading\" data-id=\"6310c3d\" data-element_type=\"widget\" data-e-type=\"widget\" data-widget_type=\"heading.default\">\n\t\t\t\t<div class=\"elementor-widget-container\">\n\t\t\t\t\t<h2 class=\"elementor-heading-title elementor-size-default\">StoryTourist beviljas medel f\u00f6r vidareutveckling av app som l\u00e5ter dig kliva in i din favoritber\u00e4ttelse<\/h2>\t\t\t\t<\/div>\n\t\t\t\t<\/div>\n\t\t\t\t<div class=\"elementor-element elementor-element-f47a2e7 elementor-widget elementor-widget-text-editor\" data-id=\"f47a2e7\" data-element_type=\"widget\" data-e-type=\"widget\" data-widget_type=\"text-editor.default\">\n\t\t\t\t<div class=\"elementor-widget-container\">\n\t\t\t\t\t\t\t\t\t<p><strong>Den Malm\u00f6baserade startupen StoryTourist har beviljats 900\u00a0000 kronor i finansiering fr\u00e5n innovationsmyndigheten Vinnova. \u201dDet k\u00e4nns fantastiskt roligt att Vinnova tror p\u00e5 oss, v\u00e5rt team och v\u00e5r innovation\u201d s\u00e4ger Johanna Forsman, VD och medgrundare av Velodrom AB, som utvecklar varum\u00e4rket StoryTourist.<\/strong><\/p><p>Totalt hade 99 startups skickat in ans\u00f6kningar om att f\u00e5 dela p\u00e5 en pott om 25 miljoner kronor \u2013 StoryTourist var ett av 28 f\u00f6retag som beviljades medel av Vinnova.<\/p><p>\u201dDet h\u00e4r bidraget kommer g\u00f6ra det m\u00f6jligt f\u00f6r oss att utreda hur vi kan arbeta med bokf\u00f6rlag, filmbolag och andra upphovsr\u00e4ttsinnehavare f\u00f6r att skapa fler fantastiska turistupplevelser kring popul\u00e4ra ber\u00e4ttelser i olika former.\u201d ber\u00e4ttar Johanna Forsman.<\/p><p>StoryTourist vann \u00e4ven den svenska pitchfinalen av Creative Business Cup i mitten av maj, och kommer d\u00e4rmed representera Sverige i den internationella finalen som h\u00e5lls i K\u00f6penhamn den 1\u20132 juli.<\/p><p><em>StoryTourist \u00e4r nytt, h\u00e5llbart s\u00e4tt att resa och uppleva b\u00f6cker, filmer och andra ber\u00e4ttelser p\u00e5 de platser d\u00e4r sj\u00e4lva handlingen utspelar sig \u2013 man kan ta del av den lilla sj\u00f6jungfruns historia i K\u00f6penhamn eller l\u00f6sa brott med Sherlock Holmes i London. Med StoryTourist-appen kliver man in i en ber\u00e4ttelse, f\u00f6ljer i karakt\u00e4rernas fotsp\u00e5r och delar deras \u00e4ventyr med hj\u00e4lp av text, ljud, bild, film och interaktiva pussel. Appen fungerar som en digitalt guidad tur d\u00e4r anv\u00e4ndaren f\u00e5r m\u00f6jligheten att dels uppleva sin favoritber\u00e4ttelse p\u00e5 ett nytt s\u00e4tt, dels ta del av olika popul\u00e4ra turistm\u00e5l \u2013 och en del g\u00f6mda p\u00e4rlor.<\/em>\u00a0 \u00a0 \u00a0 \u00a0 \u00a0 \u00a0 \u00a0 \u00a0 \u00a0 \u00a0 \u00a0 \u00a0 \u00a0 \u00a0 \u00a0 \u00a0 \u00a0 \u00a0 \u00a0 \u00a0 \u00a0 \u00a0 \u00a0 \u00a0 \u00a0 \u00a0 \u00a0\u00a0<\/p>\t\t\t\t\t\t\t\t<\/div>\n\t\t\t\t<\/div>\n\t\t\t\t<div class=\"elementor-element elementor-element-0718455 dce_masking-none elementor-widget elementor-widget-image\" data-id=\"0718455\" data-element_type=\"widget\" data-e-type=\"widget\" data-widget_type=\"image.default\">\n\t\t\t\t<div class=\"elementor-widget-container\">\n\t\t\t\t\t\t\t\t\t\t\t\t\t\t\t<img data-opt-id=1691205888  fetchpriority=\"high\" decoding=\"async\" width=\"150\" height=\"150\" src=\"https:\/\/mllm7nfkytow.i.optimole.com\/w:150\/h:150\/q:mauto\/rt:fill\/g:ce\/f:best\/https:\/\/www.storytourist.com\/wp-content\/uploads\/2019\/06\/StorytouristInsta.png\" class=\"attachment-thumbnail size-thumbnail wp-image-1755\" alt=\"\" srcset=\"https:\/\/mllm7nfkytow.i.optimole.com\/w:150\/h:150\/q:mauto\/rt:fill\/g:ce\/f:best\/https:\/\/www.storytourist.com\/wp-content\/uploads\/2019\/06\/StorytouristInsta.png 150w, https:\/\/mllm7nfkytow.i.optimole.com\/w:300\/h:300\/q:mauto\/rt:fill\/g:ce\/f:best\/https:\/\/www.storytourist.com\/wp-content\/uploads\/2019\/06\/StorytouristInsta.png 300w, https:\/\/mllm7nfkytow.i.optimole.com\/w:100\/h:100\/q:mauto\/rt:fill\/g:ce\/f:best\/dpr:2\/https:\/\/www.storytourist.com\/wp-content\/uploads\/2019\/06\/StorytouristInsta.png 100w\" sizes=\"(max-width: 150px) 100vw, 150px\" \/>\t\t\t\t\t\t\t\t\t\t\t\t\t\t\t<\/div>\n\t\t\t\t<\/div>\n\t\t\t\t<div class=\"elementor-element elementor-element-c3ff2dd elementor-share-buttons--view-icon-text elementor-share-buttons--skin-gradient elementor-share-buttons--shape-square elementor-grid-0 elementor-share-buttons--color-official elementor-widget elementor-widget-share-buttons\" data-id=\"c3ff2dd\" data-element_type=\"widget\" data-e-type=\"widget\" data-widget_type=\"share-buttons.default\">\n\t\t\t\t<div class=\"elementor-widget-container\">\n\t\t\t\t\t\t\t<div class=\"elementor-grid\" role=\"list\">\n\t\t\t\t\t\t\t\t<div class=\"elementor-grid-item\" role=\"listitem\">\n\t\t\t\t\t\t<div class=\"elementor-share-btn elementor-share-btn_facebook\" role=\"button\" tabindex=\"0\" aria-label=\"Teilen auf facebook\">\n\t\t\t\t\t\t\t\t\t\t\t\t\t\t\t<span class=\"elementor-share-btn__icon\">\n\t\t\t\t\t\t\t\t<i class=\"fab fa-facebook\" aria-hidden=\"true\"><\/i>\t\t\t\t\t\t\t<\/span>\n\t\t\t\t\t\t\t\t\t\t\t\t\t\t\t\t\t\t\t\t\t\t<div class=\"elementor-share-btn__text\">\n\t\t\t\t\t\t\t\t\t\t\t\t\t\t\t\t\t\t\t<span class=\"elementor-share-btn__title\">\n\t\t\t\t\t\t\t\t\t\tFacebook\t\t\t\t\t\t\t\t\t<\/span>\n\t\t\t\t\t\t\t\t\t\t\t\t\t\t\t\t\t<\/div>\n\t\t\t\t\t\t\t\t\t\t\t\t\t<\/div>\n\t\t\t\t\t<\/div>\n\t\t\t\t\t\t\t\t\t<div class=\"elementor-grid-item\" role=\"listitem\">\n\t\t\t\t\t\t<div class=\"elementor-share-btn elementor-share-btn_twitter\" role=\"button\" tabindex=\"0\" aria-label=\"Teilen auf twitter\">\n\t\t\t\t\t\t\t\t\t\t\t\t\t\t\t<span class=\"elementor-share-btn__icon\">\n\t\t\t\t\t\t\t\t<i class=\"fab fa-twitter\" aria-hidden=\"true\"><\/i>\t\t\t\t\t\t\t<\/span>\n\t\t\t\t\t\t\t\t\t\t\t\t\t\t\t\t\t\t\t\t\t\t<div class=\"elementor-share-btn__text\">\n\t\t\t\t\t\t\t\t\t\t\t\t\t\t\t\t\t\t\t<span class=\"elementor-share-btn__title\">\n\t\t\t\t\t\t\t\t\t\tTwitter\t\t\t\t\t\t\t\t\t<\/span>\n\t\t\t\t\t\t\t\t\t\t\t\t\t\t\t\t\t<\/div>\n\t\t\t\t\t\t\t\t\t\t\t\t\t<\/div>\n\t\t\t\t\t<\/div>\n\t\t\t\t\t\t\t\t\t<div class=\"elementor-grid-item\" role=\"listitem\">\n\t\t\t\t\t\t<div class=\"elementor-share-btn elementor-share-btn_linkedin\" role=\"button\" tabindex=\"0\" aria-label=\"Teilen auf linkedin\">\n\t\t\t\t\t\t\t\t\t\t\t\t\t\t\t<span class=\"elementor-share-btn__icon\">\n\t\t\t\t\t\t\t\t<i class=\"fab fa-linkedin\" aria-hidden=\"true\"><\/i>\t\t\t\t\t\t\t<\/span>\n\t\t\t\t\t\t\t\t\t\t\t\t\t\t\t\t\t\t\t\t\t\t<div class=\"elementor-share-btn__text\">\n\t\t\t\t\t\t\t\t\t\t\t\t\t\t\t\t\t\t\t<span class=\"elementor-share-btn__title\">\n\t\t\t\t\t\t\t\t\t\tLinkedIn\t\t\t\t\t\t\t\t\t<\/span>\n\t\t\t\t\t\t\t\t\t\t\t\t\t\t\t\t\t<\/div>\n\t\t\t\t\t\t\t\t\t\t\t\t\t<\/div>\n\t\t\t\t\t<\/div>\n\t\t\t\t\t\t<\/div>\n\t\t\t\t\t\t<\/div>\n\t\t\t\t<\/div>\n\t\t\t\t\t<\/div>\n\t\t<\/div>\n\t\t\t\t\t<\/div>\n\t\t<\/section>\n\t\t\t\t<\/div>\n\t\t","protected":false},"excerpt":{"rendered":"<p>StoryTourist beviljas medel f\u00f6r vidareutveckling av app som l\u00e5ter dig kliva in i din favoritber\u00e4ttelse Den Malm\u00f6baserade startupen StoryTourist har beviljats 900&nbsp;000 kronor i finansiering fr\u00e5n innovationsmyndigheten Vinnova. \u201dDet k\u00e4nns fantastiskt roligt att Vinnova tror p\u00e5 oss, v\u00e5rt team och v\u00e5r innovation\u201d s\u00e4ger Johanna Forsman, VD och medgrundare av Velodrom AB, som utvecklar varum\u00e4rket StoryTourist. [&hellip;]<\/p>\n","protected":false},"author":1,"featured_media":0,"parent":0,"menu_order":0,"comment_status":"closed","ping_status":"closed","template":"","meta":{"_acf_changed":false,"footnotes":""},"class_list":["post-1753","page","type-page","status-publish","hentry"],"acf":[],"_links":{"self":[{"href":"https:\/\/www.storytourist.com\/fi\/wp-json\/wp\/v2\/pages\/1753","targetHints":{"allow":["GET"]}}],"collection":[{"href":"https:\/\/www.storytourist.com\/fi\/wp-json\/wp\/v2\/pages"}],"about":[{"href":"https:\/\/www.storytourist.com\/fi\/wp-json\/wp\/v2\/types\/page"}],"author":[{"embeddable":true,"href":"https:\/\/www.storytourist.com\/fi\/wp-json\/wp\/v2\/users\/1"}],"replies":[{"embeddable":true,"href":"https:\/\/www.storytourist.com\/fi\/wp-json\/wp\/v2\/comments?post=1753"}],"version-history":[{"count":0,"href":"https:\/\/www.storytourist.com\/fi\/wp-json\/wp\/v2\/pages\/1753\/revisions"}],"wp:attachment":[{"href":"https:\/\/www.storytourist.com\/fi\/wp-json\/wp\/v2\/media?parent=1753"}],"curies":[{"name":"wp","href":"https:\/\/api.w.org\/{rel}","templated":true}]}}