{"id":10445,"date":"2022-08-01T11:52:59","date_gmt":"2022-08-01T10:52:59","guid":{"rendered":"https:\/\/www.storytourist.com\/?page_id=10445"},"modified":"2022-08-01T11:53:01","modified_gmt":"2022-08-01T10:53:01","slug":"10445-2","status":"publish","type":"page","link":"https:\/\/www.storytourist.com\/fi\/10445-2\/","title":{"rendered":"Pressmeddelande Ondskan i Visby"},"content":{"rendered":"\t\t<div data-elementor-type=\"wp-page\" data-elementor-id=\"10445\" class=\"elementor elementor-10445\" data-elementor-post-type=\"page\">\n\t\t\t\t\t\t<section class=\"elementor-section elementor-top-section elementor-element elementor-element-35c24133 elementor-section-boxed elementor-section-height-default elementor-section-height-default\" data-id=\"35c24133\" data-element_type=\"section\" data-e-type=\"section\">\n\t\t\t\t\t\t<div class=\"elementor-container elementor-column-gap-default\">\n\t\t\t\t\t<div class=\"elementor-column elementor-col-100 elementor-top-column elementor-element elementor-element-293e8746\" data-id=\"293e8746\" data-element_type=\"column\" data-e-type=\"column\">\n\t\t\t<div class=\"elementor-widget-wrap elementor-element-populated\">\n\t\t\t\t\t\t<div class=\"elementor-element elementor-element-64e50986 elementor-widget elementor-widget-text-editor\" data-id=\"64e50986\" data-element_type=\"widget\" data-e-type=\"widget\" data-widget_type=\"text-editor.default\">\n\t\t\t\t<div class=\"elementor-widget-container\">\n\t\t\t\t\t\t\t\t\t\n<div class=\"wp-block-themeisle-blocks-advanced-columns has-undefined-columns has-desktop-undefined-layout has-tablet-equal-layout has-mobile-equal-layout has-default-gap has-vertical-unset\" id=\"wp-block-themeisle-blocks-advanced-columns-b8463d71\"><div class=\"wp-block-themeisle-blocks-advanced-columns-overlay\"><\/div><div class=\"innerblocks-wrap\"><\/div><\/div>\n\t\t\t\t\t\t\t\t<\/div>\n\t\t\t\t<\/div>\n\t\t\t\t\t<\/div>\n\t\t<\/div>\n\t\t\t\t\t<\/div>\n\t\t<\/section>\n\t\t\t\t<section class=\"elementor-section elementor-top-section elementor-element elementor-element-418ee27e elementor-section-stretched elementor-section-full_width elementor-section-height-default elementor-section-height-default\" data-id=\"418ee27e\" data-element_type=\"section\" data-e-type=\"section\" data-settings=\"{&quot;stretch_section&quot;:&quot;section-stretched&quot;}\">\n\t\t\t\t\t\t<div class=\"elementor-container elementor-column-gap-default\">\n\t\t\t\t\t<div class=\"elementor-column elementor-col-100 elementor-top-column elementor-element elementor-element-35c6deff\" data-id=\"35c6deff\" data-element_type=\"column\" data-e-type=\"column\">\n\t\t\t<div class=\"elementor-widget-wrap elementor-element-populated\">\n\t\t\t\t\t\t<div class=\"elementor-element elementor-element-2883e5ab dce_masking-none elementor-widget elementor-widget-image\" data-id=\"2883e5ab\" data-element_type=\"widget\" data-e-type=\"widget\" data-widget_type=\"image.default\">\n\t\t\t\t<div class=\"elementor-widget-container\">\n\t\t\t\t\t\t\t\t\t\t\t\t\t\t\t<img data-opt-id=547570845  fetchpriority=\"high\" decoding=\"async\" src=\"https:\/\/mllm7nfkytow.i.optimole.com\/w:1920\/h:400\/q:mauto\/f:best\/https:\/\/www.storytourist.com\/wp-content\/uploads\/2022\/03\/Visby-tour-banner.png\" title=\"Visby tour banner\" alt=\"Visby tour banner\" loading=\"lazy\" \/>\t\t\t\t\t\t\t\t\t\t\t\t\t\t\t<\/div>\n\t\t\t\t<\/div>\n\t\t\t\t<div class=\"elementor-element elementor-element-78ce600b elementor-widget elementor-widget-spacer\" data-id=\"78ce600b\" data-element_type=\"widget\" data-e-type=\"widget\" data-widget_type=\"spacer.default\">\n\t\t\t\t<div class=\"elementor-widget-container\">\n\t\t\t\t\t\t\t<div class=\"elementor-spacer\">\n\t\t\t<div class=\"elementor-spacer-inner\"><\/div>\n\t\t<\/div>\n\t\t\t\t\t\t<\/div>\n\t\t\t\t<\/div>\n\t\t\t\t<div class=\"elementor-element elementor-element-803b5c3 elementor-widget elementor-widget-theme-post-title elementor-page-title elementor-widget-heading\" data-id=\"803b5c3\" data-element_type=\"widget\" data-e-type=\"widget\" data-widget_type=\"theme-post-title.default\">\n\t\t\t\t<div class=\"elementor-widget-container\">\n\t\t\t\t\t<h1 class=\"elementor-heading-title elementor-size-default\">Pressmeddelande Ondskan i Visby<\/h1>\t\t\t\t<\/div>\n\t\t\t\t<\/div>\n\t\t\t\t\t<\/div>\n\t\t<\/div>\n\t\t\t\t\t<\/div>\n\t\t<\/section>\n\t\t\t\t<section class=\"elementor-section elementor-top-section elementor-element elementor-element-721261e8 elementor-section-boxed elementor-section-height-default elementor-section-height-default\" data-id=\"721261e8\" data-element_type=\"section\" data-e-type=\"section\">\n\t\t\t\t\t\t<div class=\"elementor-container elementor-column-gap-default\">\n\t\t\t\t\t<div data-dce-background-color=\"rgba(127,103,77,0)\" class=\"elementor-column elementor-col-100 elementor-top-column elementor-element elementor-element-4dd73c37\" data-id=\"4dd73c37\" data-element_type=\"column\" data-e-type=\"column\" data-settings=\"{&quot;background_background&quot;:&quot;classic&quot;}\">\n\t\t\t<div class=\"elementor-widget-wrap elementor-element-populated\">\n\t\t\t\t\t\t<div class=\"elementor-element elementor-element-268cb3e9 dce_masking-none elementor-widget elementor-widget-image\" data-id=\"268cb3e9\" data-element_type=\"widget\" data-e-type=\"widget\" data-widget_type=\"image.default\">\n\t\t\t\t<div class=\"elementor-widget-container\">\n\t\t\t\t\t\t\t\t\t\t\t\t\t\t\t<img data-opt-id=1795134733  fetchpriority=\"high\" decoding=\"async\" src=\"https:\/\/mllm7nfkytow.i.optimole.com\/w:1411\/h:972\/q:mauto\/f:best\/https:\/\/www.storytourist.com\/wp-content\/uploads\/2022\/08\/Visby-two-part-tour-page-image-with-ghost.jpg\" title=\"The Visby Witch Trials \/ Ondskan i Visby\" alt=\"The Visby Witch Trials \/ Ondskan i Visby\" loading=\"lazy\" \/>\t\t\t\t\t\t\t\t\t\t\t\t\t\t\t<\/div>\n\t\t\t\t<\/div>\n\t\t\t\t\t<\/div>\n\t\t<\/div>\n\t\t\t\t\t<\/div>\n\t\t<\/section>\n\t\t\t\t<section class=\"elementor-section elementor-top-section elementor-element elementor-element-68d6fe90 elementor-section-boxed elementor-section-height-default elementor-section-height-default\" data-id=\"68d6fe90\" data-element_type=\"section\" data-e-type=\"section\">\n\t\t\t\t\t\t<div class=\"elementor-container elementor-column-gap-default\">\n\t\t\t\t\t<div class=\"elementor-column elementor-col-100 elementor-top-column elementor-element elementor-element-6773c0d6\" data-id=\"6773c0d6\" data-element_type=\"column\" data-e-type=\"column\">\n\t\t\t<div class=\"elementor-widget-wrap elementor-element-populated\">\n\t\t\t\t\t\t<div class=\"elementor-element elementor-element-18920558 elementor-widget elementor-widget-post-info\" data-id=\"18920558\" data-element_type=\"widget\" data-e-type=\"widget\" data-widget_type=\"post-info.default\">\n\t\t\t\t<div class=\"elementor-widget-container\">\n\t\t\t\t\t\t\t<ul class=\"elementor-inline-items elementor-icon-list-items elementor-post-info\">\n\t\t\t\t\t\t\t\t<li class=\"elementor-icon-list-item elementor-repeater-item-905c75e elementor-inline-item\" itemprop=\"datePublished\">\n\t\t\t\t\t\t<a href=\"https:\/\/www.storytourist.com\/fi\/2022\/08\/01\/\">\n\t\t\t\t\t\t\t\t\t\t\t<span class=\"elementor-icon-list-icon\">\n\t\t\t\t\t\t\t\t<i aria-hidden=\"true\" class=\"fas fa-calendar\"><\/i>\t\t\t\t\t\t\t<\/span>\n\t\t\t\t\t\t\t\t\t<span class=\"elementor-icon-list-text elementor-post-info__item elementor-post-info__item--type-date\">\n\t\t\t\t\t\t\t\t\t\t<time>1 elokuun, 2022<\/time>\t\t\t\t\t<\/span>\n\t\t\t\t\t\t\t\t\t<\/a>\n\t\t\t\t<\/li>\n\t\t\t\t<\/ul>\n\t\t\t\t\t\t<\/div>\n\t\t\t\t<\/div>\n\t\t\t\t<div class=\"elementor-element elementor-element-518c9d24 elementor-widget elementor-widget-heading\" data-id=\"518c9d24\" data-element_type=\"widget\" data-e-type=\"widget\" data-widget_type=\"heading.default\">\n\t\t\t\t<div class=\"elementor-widget-container\">\n\t\t\t\t\t<h2 class=\"elementor-heading-title elementor-size-default\">Uppt\u00e4ck ondskan i Visby med interaktivt ljudvandringsspel<\/h2>\t\t\t\t<\/div>\n\t\t\t\t<\/div>\n\t\t\t\t<div class=\"elementor-element elementor-element-59405491 elementor-widget elementor-widget-text-editor\" data-id=\"59405491\" data-element_type=\"widget\" data-e-type=\"widget\" data-widget_type=\"text-editor.default\">\n\t\t\t\t<div class=\"elementor-widget-container\">\n\t\t\t\t\t\t\t\t\t<p><b>Det finns flera platser i Visby som fortfarande p\u00e5minner om tiden n\u00e4r det stora ov\u00e4sendet drog fram \u00f6ver Sverige. Med hj\u00e4lp av StoryTourist-appen kan man nu kliva in i ber\u00e4ttelsen om tre lokala kvinnor som anklagades f\u00f6r h\u00e4xeri i b\u00f6rjan av 1700-talet. \u201cVi kombinerar historieber\u00e4ttande med ljudvandring och mobilspel, vilket g\u00f6r det m\u00f6jligt att uppleva ber\u00e4ttelsen p\u00e5 ett helt nytt s\u00e4tt p\u00e5 de platser d\u00e4r h\u00e4ndelserna utspelade sig\u201d, ber\u00e4ttar StoryTourists VD Johanna Forsman.<\/b><\/p>\n<p><span style=\"font-weight: 400;\">Ber\u00e4ttelsen om Lilla Ingeborg, Kuske-Greta och Bohl Strijds b\u00f6rjar v\u00e5ren 1705. Visby befinner sig i en tid av f\u00f6r\u00e4ndring, n\u00e5got som skr\u00e4mmer kyrkan och stadens starke m\u00e4n. Man uppmuntrar Gotlands inv\u00e5nare till att h\u00e5lla ett \u00f6ga \u00f6ppet efter allt som inte \u00e4r f\u00f6renligt med ett kristet levnadss\u00e4tt. En kvinna tr\u00e4der fram och anklagar boterskan Lilla Ingeborg f\u00f6r h\u00e4xeri, vilket orsakar en tragisk kedjereaktion. En kort tid senare sitter tre oskyldiga kvinnor inl\u00e5sta i ett av Visbys f\u00e4ngelsetorn, anklagade f\u00f6r samr\u00f6re med dj\u00e4vulen sj\u00e4lv.\u00a0<\/span><\/p>\n<p><span style=\"font-weight: 400;\">F\u00f6r att g\u00e5 turen laddar man ned StoryTourist-appen och beger sig till \u00d6vre Finngr\u00e4nd, d\u00e4r vandringen startar. Turens ber\u00e4ttarr\u00f6st tillh\u00f6r en kvinna som k\u00e4nde Lilla Ingeborg, Kuske-Greta och Bohl. Hon beh\u00f6ver hj\u00e4lp med att minnas vem hon \u00e4r och vad hon sj\u00e4lv spelade f\u00f6r roll i allt som \u00e4gde rum. Med hj\u00e4lp av olika spelelement hj\u00e4lper man henne att avsl\u00f6ja sanningen bakom anklagelserna mot de tre kvinnorna. Kanske ondskan i Visby i sj\u00e4lva verket inte alls hade med h\u00e4xeri att g\u00f6ra?<\/span><\/p>\n<p><strong>\u201cVi har tagit hj\u00e4lp av flera personer med lokal anknytning till Visby f\u00f6r att skapa den h\u00e4r upplevelsen\u201d, ber\u00e4ttar Johanna Forsman. \u201cTurens manusf\u00f6rfattare, Claudia Sj\u00f6beck, och en av illustrat\u00f6rerna, Frida Hagelstam, har b\u00e5da studerat speldesign och grafik vid Campus Gotland. Lena Bogeg\u00e5rd, som g\u00f6r r\u00f6sten till den mystiska turguiden, var tidigare fast sk\u00e5despelare vid Gotlands l\u00e4nsteater.\u201d\u00a0<\/strong><\/p>\n<p><span style=\"font-weight: 400;\">Prisbel\u00f6nta StoryTourist har tidigare sl\u00e4ppt popul\u00e4ra ljudvandringar i Sverige, Danmark och England. I Ystad g\u00e5r det att l\u00f6sa ett brott med <a href=\"https:\/\/www.storytourist.com\/tour\/wallander-photographer\/\">Kurt Wallander<\/a>, i Stockholm f\u00f6ljer man i <a href=\"https:\/\/www.storytourist.com\/tour\/drglas\/\">Doktor Glas<\/a> fotsp\u00e5r och <a href=\"https:\/\/www.storytourist.com\/tour\/locus\/\">turen i Lund<\/a> tar en med 200 \u00e5r tillbaka i tiden f\u00f6r att utforska ett historiskt mord. Ondskan i Visby finns tillg\u00e4nglig p\u00e5 svenska och engelska i StoryTourist-appen fr\u00e5n och med 29 juni.<\/span><\/p>\n<p>F\u00f6r mer information, bes\u00f6k <a href=\"https:\/\/www.storytourist.com\/tour\/visby-witch-trials\/\">Ondskan i Visby<\/a><\/p>\n<p><em>F\u00f6r presskit, mejla PR- och marknadsf\u00f6ringsansvarig Maria Lundin: maria.lundin@storytourist.com\u00a0<\/em><\/p>\t\t\t\t\t\t\t\t<\/div>\n\t\t\t\t<\/div>\n\t\t\t\t<div class=\"elementor-element elementor-element-495e8418 elementor-widget elementor-widget-spacer\" data-id=\"495e8418\" data-element_type=\"widget\" data-e-type=\"widget\" data-widget_type=\"spacer.default\">\n\t\t\t\t<div class=\"elementor-widget-container\">\n\t\t\t\t\t\t\t<div class=\"elementor-spacer\">\n\t\t\t<div class=\"elementor-spacer-inner\"><\/div>\n\t\t<\/div>\n\t\t\t\t\t\t<\/div>\n\t\t\t\t<\/div>\n\t\t\t\t<div class=\"elementor-element elementor-element-4de12e91 elementor-share-buttons--view-icon-text elementor-share-buttons--skin-gradient elementor-share-buttons--shape-square elementor-grid-0 elementor-share-buttons--color-official elementor-widget elementor-widget-share-buttons\" data-id=\"4de12e91\" data-element_type=\"widget\" data-e-type=\"widget\" data-widget_type=\"share-buttons.default\">\n\t\t\t\t<div class=\"elementor-widget-container\">\n\t\t\t\t\t\t\t<div class=\"elementor-grid\" role=\"list\">\n\t\t\t\t\t\t\t\t<div class=\"elementor-grid-item\" role=\"listitem\">\n\t\t\t\t\t\t<div class=\"elementor-share-btn elementor-share-btn_facebook\" role=\"button\" tabindex=\"0\" aria-label=\"Share on facebook\">\n\t\t\t\t\t\t\t\t\t\t\t\t\t\t\t<span class=\"elementor-share-btn__icon\">\n\t\t\t\t\t\t\t\t<i class=\"fab fa-facebook\" aria-hidden=\"true\"><\/i>\t\t\t\t\t\t\t<\/span>\n\t\t\t\t\t\t\t\t\t\t\t\t\t\t\t\t\t\t\t\t\t\t<div class=\"elementor-share-btn__text\">\n\t\t\t\t\t\t\t\t\t\t\t\t\t\t\t\t\t\t\t<span class=\"elementor-share-btn__title\">\n\t\t\t\t\t\t\t\t\t\tFacebook\t\t\t\t\t\t\t\t\t<\/span>\n\t\t\t\t\t\t\t\t\t\t\t\t\t\t\t\t\t<\/div>\n\t\t\t\t\t\t\t\t\t\t\t\t\t<\/div>\n\t\t\t\t\t<\/div>\n\t\t\t\t\t\t\t\t\t<div class=\"elementor-grid-item\" role=\"listitem\">\n\t\t\t\t\t\t<div class=\"elementor-share-btn elementor-share-btn_twitter\" role=\"button\" tabindex=\"0\" aria-label=\"Share on twitter\">\n\t\t\t\t\t\t\t\t\t\t\t\t\t\t\t<span class=\"elementor-share-btn__icon\">\n\t\t\t\t\t\t\t\t<i class=\"fab fa-twitter\" aria-hidden=\"true\"><\/i>\t\t\t\t\t\t\t<\/span>\n\t\t\t\t\t\t\t\t\t\t\t\t\t\t\t\t\t\t\t\t\t\t<div class=\"elementor-share-btn__text\">\n\t\t\t\t\t\t\t\t\t\t\t\t\t\t\t\t\t\t\t<span class=\"elementor-share-btn__title\">\n\t\t\t\t\t\t\t\t\t\tTwitter\t\t\t\t\t\t\t\t\t<\/span>\n\t\t\t\t\t\t\t\t\t\t\t\t\t\t\t\t\t<\/div>\n\t\t\t\t\t\t\t\t\t\t\t\t\t<\/div>\n\t\t\t\t\t<\/div>\n\t\t\t\t\t\t\t\t\t<div class=\"elementor-grid-item\" role=\"listitem\">\n\t\t\t\t\t\t<div class=\"elementor-share-btn elementor-share-btn_linkedin\" role=\"button\" tabindex=\"0\" aria-label=\"Share on linkedin\">\n\t\t\t\t\t\t\t\t\t\t\t\t\t\t\t<span class=\"elementor-share-btn__icon\">\n\t\t\t\t\t\t\t\t<i class=\"fab fa-linkedin\" aria-hidden=\"true\"><\/i>\t\t\t\t\t\t\t<\/span>\n\t\t\t\t\t\t\t\t\t\t\t\t\t\t\t\t\t\t\t\t\t\t<div class=\"elementor-share-btn__text\">\n\t\t\t\t\t\t\t\t\t\t\t\t\t\t\t\t\t\t\t<span class=\"elementor-share-btn__title\">\n\t\t\t\t\t\t\t\t\t\tLinkedIn\t\t\t\t\t\t\t\t\t<\/span>\n\t\t\t\t\t\t\t\t\t\t\t\t\t\t\t\t\t<\/div>\n\t\t\t\t\t\t\t\t\t\t\t\t\t<\/div>\n\t\t\t\t\t<\/div>\n\t\t\t\t\t\t<\/div>\n\t\t\t\t\t\t<\/div>\n\t\t\t\t<\/div>\n\t\t\t\t\t<\/div>\n\t\t<\/div>\n\t\t\t\t\t<\/div>\n\t\t<\/section>\n\t\t\t\t<\/div>\n\t\t","protected":false},"excerpt":{"rendered":"<p>Uppt\u00e4ck ondskan i Visby med interaktivt ljudvandringsspel Det finns flera platser i Visby som fortfarande p\u00e5minner om tiden n\u00e4r det stora ov\u00e4sendet drog fram \u00f6ver Sverige. Med hj\u00e4lp av StoryTourist-appen kan man nu kliva in i ber\u00e4ttelsen om tre lokala kvinnor som anklagades f\u00f6r h\u00e4xeri i b\u00f6rjan av 1700-talet. \u201cVi kombinerar historieber\u00e4ttande med ljudvandring och [&hellip;]<\/p>\n","protected":false},"author":27,"featured_media":0,"parent":0,"menu_order":0,"comment_status":"closed","ping_status":"closed","template":"","meta":{"_acf_changed":false,"footnotes":""},"class_list":["post-10445","page","type-page","status-publish","hentry"],"acf":[],"_links":{"self":[{"href":"https:\/\/www.storytourist.com\/fi\/wp-json\/wp\/v2\/pages\/10445","targetHints":{"allow":["GET"]}}],"collection":[{"href":"https:\/\/www.storytourist.com\/fi\/wp-json\/wp\/v2\/pages"}],"about":[{"href":"https:\/\/www.storytourist.com\/fi\/wp-json\/wp\/v2\/types\/page"}],"author":[{"embeddable":true,"href":"https:\/\/www.storytourist.com\/fi\/wp-json\/wp\/v2\/users\/27"}],"replies":[{"embeddable":true,"href":"https:\/\/www.storytourist.com\/fi\/wp-json\/wp\/v2\/comments?post=10445"}],"version-history":[{"count":0,"href":"https:\/\/www.storytourist.com\/fi\/wp-json\/wp\/v2\/pages\/10445\/revisions"}],"wp:attachment":[{"href":"https:\/\/www.storytourist.com\/fi\/wp-json\/wp\/v2\/media?parent=10445"}],"curies":[{"name":"wp","href":"https:\/\/api.w.org\/{rel}","templated":true}]}}