{"id":7445,"date":"2021-06-16T08:15:37","date_gmt":"2021-06-16T07:15:37","guid":{"rendered":"https:\/\/www.storytourist.com\/?post_type=product&#038;p=7445"},"modified":"2023-06-02T09:29:20","modified_gmt":"2023-06-02T08:29:20","slug":"wallander-photographer","status":"publish","type":"product","link":"https:\/\/www.storytourist.com\/de\/tour\/wallander-photographer\/","title":{"rendered":"L\u00f6sen Sie einen Mordfall mit Kurt Wallander"},"content":{"rendered":"<h3>Unterst\u00fctzen Sie Wallander in Ystad<\/h3>\n<p>Sind Sie bereit, sich der Herausforderung zu stellen und einen Mordfall zu l\u00f6sen? Also brechen Sie auf zu dieser Tour und folgen Wallanders Spuren durch Ystad, um Ihren detektivischen Sp\u00fcrsinn auf die Probe zu stellen. Erleben Sie dieses idyllische K\u00fcstenst\u00e4dtchen auf ganze neue Art und versuchen Ihre Kollegen bei der Polizei zu beeindrucken.<\/p>\n<p>Eines tr\u00fcben Fr\u00fchlingsmorgens im Jahr 1988 sitzt Kriminalkommissar Kurt Wallander in der Fridolfs konditori und widmet sich seinem Fr\u00fchst\u00fcck, als sein Kollege Martinsson hereinkommt und sich an seinen Tisch setzt. Ein ortsans\u00e4ssiger Fotograf ist in seinem Atelier brutal ermordet worden, die Umst\u00e4nde der Tat sind milde gesagt seltsam und es wird noch seltsamer, als Wallander ein Fotoalbum am Tatort findet. Ein Album, das ein grotesk retuschiertes Foto von ihm selbst enth\u00e4lt.<\/p>\n<h3>Eine selbstgef\u00fchrte Tour zu Fu\u00df<\/h3>\n<p>Diese selbstgef\u00fchrte Audio-Tour ist in Zusammenarbeit mit dem Leopard F\u00f6rlag entstanden. Sie basiert auf der Erz\u00e4hlung &#8222;Der Tod des Fotografen&#8220;. Die Erz\u00e4hlung unterst\u00fctzt Sie dabei, Henning Mankells ber\u00fchmtem Charakter Kurt Wallander durch Ystad zu folgen, w\u00e4hrend dieser versucht, den Mord an dem Fotografen Simon Lamberg aufzukl\u00e4ren. Die Route beginnt auf dem St. Knuts torg in Ystad und f\u00fchrt Sie an wichtige Orte aus Wallanders Welt, wie etwa in seine Lieblingskonditorei und das Haus, in dem er wohnt. Einer von Wallanders Kollegen m\u00f6chte Ihre F\u00e4higkeiten als Ermittler pr\u00fcfen und fordert Sie heraus, den Fall zu l\u00f6sen. Vielleicht winkt Ihnen eine Karriere als Kriminalbeamter? Es spielt keine Rolle, ob Wallanders B\u00fccher zu Ihren Favoriten z\u00e4hlen, oder ob Sie bislang keines gelesen haben, wir versprechen Ihnen in jedem Fall ein spannendes Erlebnis!<\/p>\n<h3>Die StoryTourist-App zeigt Ihnen den Weg<\/h3>\n<p>Um diese Tour zur\u00fcckzulegen, laden Sie sich die benutzerfreundliche StoryTourist App herunter. Diese App enth\u00e4lt einen Stadtplan, GPS sowie einen digitalen Guide, der sicherstellt, dass Sie den richtigen Weg einschlagen. Wenn Sie die Tour heruntergeladen haben, dann geh\u00f6rt sie Ihnen. Sie k\u00f6nnen sie jederzeit und so oft Sie m\u00f6gen verwenden. Sie h\u00f6ren Kurt Wallanders Geschichte an ihren Schaupl\u00e4tzen, beteiligen sich \u00fcber die App an den Ermittlungen und verfolgen das Bewegungsmuster des T\u00e4ters. Mithilfe von Vertonung, Bildern, Animation und spannenden Puzzles k\u00f6nnen Sie den M\u00f6rder dingfest machen.<\/p>\n<p>Schlie\u00dfen Sie sich StoryTourist an und tauchen Sie ein in die Geschichte!<\/p>\n<p>&nbsp;<\/p>\n","protected":false},"excerpt":{"rendered":"<p>Ein selbstgef\u00fchrter Stadtrundgang durch Ystad, basierend auf <span class=\"Y2IQFc\" lang=\"de\">eine Kurzgeschichte von Henning Mankell<\/span><\/p>\n","protected":false},"featured_media":5316,"template":"","meta":{"_acf_changed":false},"product_brand":[],"product_cat":[197,149,148],"product_tag":[161],"class_list":{"0":"post-7445","1":"product","2":"type-product","3":"status-publish","4":"has-post-thumbnail","6":"product_cat-german","7":"product_cat-sweden","8":"product_cat-ystad","9":"product_tag-crime","11":"first","12":"instock","13":"virtual","14":"taxable","15":"purchasable","16":"product-type-simple"},"acf":[],"_links":{"self":[{"href":"https:\/\/www.storytourist.com\/de\/wp-json\/wp\/v2\/product\/7445","targetHints":{"allow":["GET"]}}],"collection":[{"href":"https:\/\/www.storytourist.com\/de\/wp-json\/wp\/v2\/product"}],"about":[{"href":"https:\/\/www.storytourist.com\/de\/wp-json\/wp\/v2\/types\/product"}],"wp:featuredmedia":[{"embeddable":true,"href":"https:\/\/www.storytourist.com\/de\/wp-json\/wp\/v2\/media\/5316"}],"wp:attachment":[{"href":"https:\/\/www.storytourist.com\/de\/wp-json\/wp\/v2\/media?parent=7445"}],"wp:term":[{"taxonomy":"product_brand","embeddable":true,"href":"https:\/\/www.storytourist.com\/de\/wp-json\/wp\/v2\/product_brand?post=7445"},{"taxonomy":"product_cat","embeddable":true,"href":"https:\/\/www.storytourist.com\/de\/wp-json\/wp\/v2\/product_cat?post=7445"},{"taxonomy":"product_tag","embeddable":true,"href":"https:\/\/www.storytourist.com\/de\/wp-json\/wp\/v2\/product_tag?post=7445"}],"curies":[{"name":"wp","href":"https:\/\/api.w.org\/{rel}","templated":true}]}}