{"id":7443,"date":"2021-04-09T08:04:39","date_gmt":"2021-04-09T07:04:39","guid":{"rendered":"https:\/\/www.storytourist.com\/sv\/?post_type=product&#038;p=7443"},"modified":"2024-06-07T10:51:27","modified_gmt":"2024-06-07T09:51:27","slug":"drglas","status":"publish","type":"product","link":"https:\/\/www.storytourist.com\/de\/tour\/drglas\/","title":{"rendered":"En stadsvandring genom Stockholm i Doktor Glas fotsp\u00e5r"},"content":{"rendered":"<p>This product is not available in German<br \/>\n<a href=\"?lang=sv\">Svenska<\/a><\/p>\n","protected":false},"excerpt":{"rendered":"<p>En sj\u00e4lvguidad stadsvandring genom Stockholm, baserad p\u00e5 Hjalmar S\u00f6derbergs roman &#8222;Doktor Glas&#8220;.<\/p>\n","protected":false},"featured_media":5318,"template":"","meta":{"_acf_changed":false},"product_brand":[],"product_cat":[147,149],"product_tag":[163],"class_list":{"0":"post-7443","1":"product","2":"type-product","3":"status-publish","4":"has-post-thumbnail","6":"product_cat-stockholm","7":"product_cat-sweden","8":"product_tag-drama","10":"first","11":"instock","12":"virtual","13":"taxable","14":"purchasable","15":"product-type-simple"},"acf":[],"_links":{"self":[{"href":"https:\/\/www.storytourist.com\/de\/wp-json\/wp\/v2\/product\/7443","targetHints":{"allow":["GET"]}}],"collection":[{"href":"https:\/\/www.storytourist.com\/de\/wp-json\/wp\/v2\/product"}],"about":[{"href":"https:\/\/www.storytourist.com\/de\/wp-json\/wp\/v2\/types\/product"}],"wp:featuredmedia":[{"embeddable":true,"href":"https:\/\/www.storytourist.com\/de\/wp-json\/wp\/v2\/media\/5318"}],"wp:attachment":[{"href":"https:\/\/www.storytourist.com\/de\/wp-json\/wp\/v2\/media?parent=7443"}],"wp:term":[{"taxonomy":"product_brand","embeddable":true,"href":"https:\/\/www.storytourist.com\/de\/wp-json\/wp\/v2\/product_brand?post=7443"},{"taxonomy":"product_cat","embeddable":true,"href":"https:\/\/www.storytourist.com\/de\/wp-json\/wp\/v2\/product_cat?post=7443"},{"taxonomy":"product_tag","embeddable":true,"href":"https:\/\/www.storytourist.com\/de\/wp-json\/wp\/v2\/product_tag?post=7443"}],"curies":[{"name":"wp","href":"https:\/\/api.w.org\/{rel}","templated":true}]}}