{"id":10732,"date":"2022-09-30T12:48:05","date_gmt":"2022-09-30T11:48:05","guid":{"rendered":"https:\/\/www.storytourist.com\/sv\/?page_id=10732"},"modified":"2022-09-30T12:52:42","modified_gmt":"2022-09-30T11:52:42","slug":"pressmeddelande-snabba-cash","status":"publish","type":"page","link":"https:\/\/www.storytourist.com\/de\/pressmeddelande-snabba-cash\/","title":{"rendered":"Pressmeddelande Snabba cash"},"content":{"rendered":"\t\t<div data-elementor-type=\"wp-page\" data-elementor-id=\"10732\" class=\"elementor elementor-10732\" data-elementor-post-type=\"page\">\n\t\t\t\t\t\t<section class=\"elementor-section elementor-top-section elementor-element elementor-element-3d15d9fc elementor-section-stretched elementor-section-full_width elementor-section-height-default elementor-section-height-default\" data-id=\"3d15d9fc\" data-element_type=\"section\" data-e-type=\"section\" data-settings=\"{&quot;stretch_section&quot;:&quot;section-stretched&quot;}\">\n\t\t\t\t\t\t<div class=\"elementor-container elementor-column-gap-default\">\n\t\t\t\t\t<div class=\"elementor-column elementor-col-100 elementor-top-column elementor-element elementor-element-606a8a55\" data-id=\"606a8a55\" data-element_type=\"column\" data-e-type=\"column\">\n\t\t\t<div class=\"elementor-widget-wrap elementor-element-populated\">\n\t\t\t\t\t\t<div class=\"elementor-element elementor-element-2a455eba dce_masking-none elementor-widget elementor-widget-image\" data-id=\"2a455eba\" data-element_type=\"widget\" data-e-type=\"widget\" data-widget_type=\"image.default\">\n\t\t\t\t<div class=\"elementor-widget-container\">\n\t\t\t\t\t\t\t\t\t\t\t\t\t\t\t<img data-opt-id=1349926397  fetchpriority=\"high\" decoding=\"async\" src=\"https:\/\/mllm7nfkytow.i.optimole.com\/w:1920\/h:400\/q:mauto\/f:best\/https:\/\/www.storytourist.com\/wp-content\/uploads\/2022\/08\/Tour_Banner_SnabbaCash.png\" title=\"Tour_Banner_SnabbaCash\" alt=\"Tour_Banner_SnabbaCash\" loading=\"lazy\" \/>\t\t\t\t\t\t\t\t\t\t\t\t\t\t\t<\/div>\n\t\t\t\t<\/div>\n\t\t\t\t<div class=\"elementor-element elementor-element-332db45e elementor-widget elementor-widget-spacer\" data-id=\"332db45e\" data-element_type=\"widget\" data-e-type=\"widget\" data-widget_type=\"spacer.default\">\n\t\t\t\t<div class=\"elementor-widget-container\">\n\t\t\t\t\t\t\t<div class=\"elementor-spacer\">\n\t\t\t<div class=\"elementor-spacer-inner\"><\/div>\n\t\t<\/div>\n\t\t\t\t\t\t<\/div>\n\t\t\t\t<\/div>\n\t\t\t\t<div class=\"elementor-element elementor-element-38de6a3e elementor-widget elementor-widget-theme-post-title elementor-page-title elementor-widget-heading\" data-id=\"38de6a3e\" data-element_type=\"widget\" data-e-type=\"widget\" data-widget_type=\"theme-post-title.default\">\n\t\t\t\t<div class=\"elementor-widget-container\">\n\t\t\t\t\t<h1 class=\"elementor-heading-title elementor-size-default\">Pressmeddelande Snabba cash<\/h1>\t\t\t\t<\/div>\n\t\t\t\t<\/div>\n\t\t\t\t\t<\/div>\n\t\t<\/div>\n\t\t\t\t\t<\/div>\n\t\t<\/section>\n\t\t\t\t<section class=\"elementor-section elementor-top-section elementor-element elementor-element-1b54ee56 elementor-section-boxed elementor-section-height-default elementor-section-height-default\" data-id=\"1b54ee56\" data-element_type=\"section\" data-e-type=\"section\">\n\t\t\t\t\t\t<div class=\"elementor-container elementor-column-gap-default\">\n\t\t\t\t\t<div data-dce-background-color=\"rgba(127,103,77,0)\" class=\"elementor-column elementor-col-100 elementor-top-column elementor-element elementor-element-3f034660\" data-id=\"3f034660\" data-element_type=\"column\" data-e-type=\"column\" data-settings=\"{&quot;background_background&quot;:&quot;classic&quot;}\">\n\t\t\t<div class=\"elementor-widget-wrap elementor-element-populated\">\n\t\t\t\t\t\t<div class=\"elementor-element elementor-element-d74099e dce_masking-none elementor-widget elementor-widget-image\" data-id=\"d74099e\" data-element_type=\"widget\" data-e-type=\"widget\" data-widget_type=\"image.default\">\n\t\t\t\t<div class=\"elementor-widget-container\">\n\t\t\t\t\t\t\t\t\t\t\t\t\t\t\t<img data-opt-id=613349915  fetchpriority=\"high\" decoding=\"async\" src=\"https:\/\/mllm7nfkytow.i.optimole.com\/w:1411\/h:972\/q:mauto\/f:best\/https:\/\/www.storytourist.com\/wp-content\/uploads\/2022\/08\/snabba-cash-two-part-collage.png\" title=\"Snabba cash\" alt=\"Snabba cash\" loading=\"lazy\" \/>\t\t\t\t\t\t\t\t\t\t\t\t\t\t\t<\/div>\n\t\t\t\t<\/div>\n\t\t\t\t\t<\/div>\n\t\t<\/div>\n\t\t\t\t\t<\/div>\n\t\t<\/section>\n\t\t\t\t<section class=\"elementor-section elementor-top-section elementor-element elementor-element-7e15fe9b elementor-section-boxed elementor-section-height-default elementor-section-height-default\" data-id=\"7e15fe9b\" data-element_type=\"section\" data-e-type=\"section\">\n\t\t\t\t\t\t<div class=\"elementor-container elementor-column-gap-default\">\n\t\t\t\t\t<div class=\"elementor-column elementor-col-100 elementor-top-column elementor-element elementor-element-1fd495b1\" data-id=\"1fd495b1\" data-element_type=\"column\" data-e-type=\"column\">\n\t\t\t<div class=\"elementor-widget-wrap elementor-element-populated\">\n\t\t\t\t\t\t<div class=\"elementor-element elementor-element-212e4365 elementor-widget elementor-widget-post-info\" data-id=\"212e4365\" data-element_type=\"widget\" data-e-type=\"widget\" data-widget_type=\"post-info.default\">\n\t\t\t\t<div class=\"elementor-widget-container\">\n\t\t\t\t\t\t\t<ul class=\"elementor-inline-items elementor-icon-list-items elementor-post-info\">\n\t\t\t\t\t\t\t\t<li class=\"elementor-icon-list-item elementor-repeater-item-905c75e elementor-inline-item\" itemprop=\"datePublished\">\n\t\t\t\t\t\t<a href=\"https:\/\/www.storytourist.com\/de\/2022\/09\/30\/\">\n\t\t\t\t\t\t\t\t\t\t\t<span class=\"elementor-icon-list-icon\">\n\t\t\t\t\t\t\t\t<i aria-hidden=\"true\" class=\"fas fa-calendar\"><\/i>\t\t\t\t\t\t\t<\/span>\n\t\t\t\t\t\t\t\t\t<span class=\"elementor-icon-list-text elementor-post-info__item elementor-post-info__item--type-date\">\n\t\t\t\t\t\t\t\t\t\t<time>September 30, 2022<\/time>\t\t\t\t\t<\/span>\n\t\t\t\t\t\t\t\t\t<\/a>\n\t\t\t\t<\/li>\n\t\t\t\t<\/ul>\n\t\t\t\t\t\t<\/div>\n\t\t\t\t<\/div>\n\t\t\t\t<div class=\"elementor-element elementor-element-2713676a elementor-widget elementor-widget-heading\" data-id=\"2713676a\" data-element_type=\"widget\" data-e-type=\"widget\" data-widget_type=\"heading.default\">\n\t\t\t\t<div class=\"elementor-widget-container\">\n\t\t\t\t\t<h2 class=\"elementor-heading-title elementor-size-default\">Snabba cash f\u00f6rvandlad till spelupplevelse i Stockholm<\/h2>\t\t\t\t<\/div>\n\t\t\t\t<\/div>\n\t\t\t\t<div class=\"elementor-element elementor-element-54520a73 elementor-widget elementor-widget-text-editor\" data-id=\"54520a73\" data-element_type=\"widget\" data-e-type=\"widget\" data-widget_type=\"text-editor.default\">\n\t\t\t\t<div class=\"elementor-widget-container\">\n\t\t\t\t\t\t\t\t\t<p><strong>Ladda mobilen och packa h\u00f6rlurarna \u2013 nu kan du f\u00f6lja med karakt\u00e4rerna i Jens Lapidus succ\u00e9roman Snabba cash ut p\u00e5 stan. Malm\u00f6baserade StoryTourist f\u00f6rvandlar b\u00e5de fiktion och verkliga h\u00e4ndelser till spelupplevelser i stadsmilj\u00f6. Sedan tidigare har de bland annat gjort Sherlock Holmes i London och Wallander i Ystad. \u201dStoryTourist-appen \u00e4r ett mobilspel och interaktiv ljudvandring,\u201d ber\u00e4ttar StoryTourists VD och medgrundare Johanna Forsman. \u201dDen guidar dig runt i stadsrummet s\u00e5 att du kan uppleva ber\u00e4ttelsen p\u00e5 plats.\u201d<\/strong><\/p><p>Knarklangaren Jorge \u00e4r inl\u00e5st, Stureplansstekaren JW \u00e4r pank och indrivaren Mrado \u00e4r missn\u00f6jd med sin karri\u00e4r. S\u00e5 b\u00f6rjar handlingen i Snabba cash n\u00e4r du st\u00e5r med mobilen i handen och h\u00f6rlurar i \u00f6ronen vid Narvav\u00e4gen i Stockholm. Jens Lapidus r\u00f6st h\u00e4lsar dig v\u00e4lkommen och pekar dig vidare i r\u00e4tt riktning. P\u00e5 din vandring genom \u00d6stermalm f\u00f6ljer du Jorges, JWs och Mrados r\u00f6ster och f\u00e5r se staden genom deras \u00f6gon &#8211; som en spelplan f\u00f6r den undre v\u00e4rldens kamp om pengar, makt och status. L\u00e4ngs med v\u00e4gen f\u00e5r du chansen att delta aktivt i ber\u00e4ttelsen, genom olika spelmoment i StoryTourist-appen.<\/p><p>\u201cVid tunnelbanestationen \u00d6stermalmstorg hj\u00e4lper du till exempel Jorge n\u00e4r han f\u00f6rs\u00f6ker utpressa Mrado i ett samtal som de har via en telefonkiosk p\u00e5 den platsen\u201d ber\u00e4ttar Johanna Forsman. \u201cI Humleg\u00e5rden f\u00e5r du se en illustrerad bildsekvens d\u00e4r JW och Sophie g\u00e5r fr\u00e5n nattklubben Kharma, som p\u00e5 tidigt tv\u00e5tusental l\u00e5g tv\u00e4rs \u00f6ver gatan, till Humlan f\u00f6r ett intimt samtal.\u201d<\/p><p>Adaptionen av Snabba cash \u00e4r framtagen i samarbete med Jens Lapidus.<\/p><p><strong>\u00a0\u201dJag tycker det \u00e4r sp\u00e4nnande att utforska litteratur i ett nytt format\u201d s\u00e4ger Jens Lapidus. \u201dAtt l\u00e4sarna nu kommer kunna uppleva det bokens karakt\u00e4rer ser och h\u00f6r tillf\u00f6r n\u00e5got nytt till ber\u00e4ttelsen\u201d.<\/strong><\/p><p>Prisbel\u00f6nta StoryTourist har tidigare sl\u00e4ppt popul\u00e4ra ljudvandringar i Sverige, Danmark och England. I Ystad g\u00e5r det att l\u00f6sa ett brott med\u00a0<a href=\"https:\/\/www.storytourist.com\/tour\/wallander-photographer\/\">Kurt Wallander<\/a>, och i Stockholm kan man \u00e4ven f\u00f6lja <a href=\"https:\/\/www.storytourist.com\/tour\/drglas\/\">Doktor Glas<\/a> fotsp\u00e5r genom stan. T<a href=\"https:\/\/www.storytourist.com\/tour\/locus\/\">uren i Lund<\/a> tar en med 200 \u00e5r tillbaka i tiden f\u00f6r att utforska ett historiskt mord och i Visby uppt\u00e4cker man sanningen bakom h\u00e4xprocesserna under 1700-talet. Snabba cash finns tillg\u00e4nglig i StoryTourist-appen nu.<\/p><p>F\u00f6r mer information, bes\u00f6k <a href=\"https:\/\/www.storytourist.com\/sv\/tour\/snabba-cash\/\">Snabba cash-sidan.<\/a><\/p><p><em>F\u00f6r presskit, mejla PR- och marknadsf\u00f6ringsansvarig Maria Lundin: maria.lundin@storytourist.com\u00a0<\/em><\/p>\t\t\t\t\t\t\t\t<\/div>\n\t\t\t\t<\/div>\n\t\t\t\t<div class=\"elementor-element elementor-element-35205882 elementor-widget elementor-widget-spacer\" data-id=\"35205882\" data-element_type=\"widget\" data-e-type=\"widget\" data-widget_type=\"spacer.default\">\n\t\t\t\t<div class=\"elementor-widget-container\">\n\t\t\t\t\t\t\t<div class=\"elementor-spacer\">\n\t\t\t<div class=\"elementor-spacer-inner\"><\/div>\n\t\t<\/div>\n\t\t\t\t\t\t<\/div>\n\t\t\t\t<\/div>\n\t\t\t\t<div class=\"elementor-element elementor-element-1ec92652 elementor-share-buttons--view-icon-text elementor-share-buttons--skin-gradient elementor-share-buttons--shape-square elementor-grid-0 elementor-share-buttons--color-official elementor-widget elementor-widget-share-buttons\" data-id=\"1ec92652\" data-element_type=\"widget\" data-e-type=\"widget\" data-widget_type=\"share-buttons.default\">\n\t\t\t\t<div class=\"elementor-widget-container\">\n\t\t\t\t\t\t\t<div class=\"elementor-grid\" role=\"list\">\n\t\t\t\t\t\t\t\t<div class=\"elementor-grid-item\" role=\"listitem\">\n\t\t\t\t\t\t<div class=\"elementor-share-btn elementor-share-btn_facebook\" role=\"button\" tabindex=\"0\" aria-label=\"Teilen auf facebook\">\n\t\t\t\t\t\t\t\t\t\t\t\t\t\t\t<span class=\"elementor-share-btn__icon\">\n\t\t\t\t\t\t\t\t<i class=\"fab fa-facebook\" aria-hidden=\"true\"><\/i>\t\t\t\t\t\t\t<\/span>\n\t\t\t\t\t\t\t\t\t\t\t\t\t\t\t\t\t\t\t\t\t\t<div class=\"elementor-share-btn__text\">\n\t\t\t\t\t\t\t\t\t\t\t\t\t\t\t\t\t\t\t<span class=\"elementor-share-btn__title\">\n\t\t\t\t\t\t\t\t\t\tFacebook\t\t\t\t\t\t\t\t\t<\/span>\n\t\t\t\t\t\t\t\t\t\t\t\t\t\t\t\t\t<\/div>\n\t\t\t\t\t\t\t\t\t\t\t\t\t<\/div>\n\t\t\t\t\t<\/div>\n\t\t\t\t\t\t\t\t\t<div class=\"elementor-grid-item\" role=\"listitem\">\n\t\t\t\t\t\t<div class=\"elementor-share-btn elementor-share-btn_twitter\" role=\"button\" tabindex=\"0\" aria-label=\"Teilen auf twitter\">\n\t\t\t\t\t\t\t\t\t\t\t\t\t\t\t<span class=\"elementor-share-btn__icon\">\n\t\t\t\t\t\t\t\t<i class=\"fab fa-twitter\" aria-hidden=\"true\"><\/i>\t\t\t\t\t\t\t<\/span>\n\t\t\t\t\t\t\t\t\t\t\t\t\t\t\t\t\t\t\t\t\t\t<div class=\"elementor-share-btn__text\">\n\t\t\t\t\t\t\t\t\t\t\t\t\t\t\t\t\t\t\t<span class=\"elementor-share-btn__title\">\n\t\t\t\t\t\t\t\t\t\tTwitter\t\t\t\t\t\t\t\t\t<\/span>\n\t\t\t\t\t\t\t\t\t\t\t\t\t\t\t\t\t<\/div>\n\t\t\t\t\t\t\t\t\t\t\t\t\t<\/div>\n\t\t\t\t\t<\/div>\n\t\t\t\t\t\t\t\t\t<div class=\"elementor-grid-item\" role=\"listitem\">\n\t\t\t\t\t\t<div class=\"elementor-share-btn elementor-share-btn_linkedin\" role=\"button\" tabindex=\"0\" aria-label=\"Teilen auf linkedin\">\n\t\t\t\t\t\t\t\t\t\t\t\t\t\t\t<span class=\"elementor-share-btn__icon\">\n\t\t\t\t\t\t\t\t<i class=\"fab fa-linkedin\" aria-hidden=\"true\"><\/i>\t\t\t\t\t\t\t<\/span>\n\t\t\t\t\t\t\t\t\t\t\t\t\t\t\t\t\t\t\t\t\t\t<div class=\"elementor-share-btn__text\">\n\t\t\t\t\t\t\t\t\t\t\t\t\t\t\t\t\t\t\t<span class=\"elementor-share-btn__title\">\n\t\t\t\t\t\t\t\t\t\tLinkedIn\t\t\t\t\t\t\t\t\t<\/span>\n\t\t\t\t\t\t\t\t\t\t\t\t\t\t\t\t\t<\/div>\n\t\t\t\t\t\t\t\t\t\t\t\t\t<\/div>\n\t\t\t\t\t<\/div>\n\t\t\t\t\t\t<\/div>\n\t\t\t\t\t\t<\/div>\n\t\t\t\t<\/div>\n\t\t\t\t\t<\/div>\n\t\t<\/div>\n\t\t\t\t\t<\/div>\n\t\t<\/section>\n\t\t\t\t<\/div>\n\t\t","protected":false},"excerpt":{"rendered":"<p>Snabba cash f\u00f6rvandlad till spelupplevelse i Stockholm Ladda mobilen och packa h\u00f6rlurarna \u2013 nu kan du f\u00f6lja med karakt\u00e4rerna i Jens Lapidus succ\u00e9roman Snabba cash ut p\u00e5 stan. Malm\u00f6baserade StoryTourist f\u00f6rvandlar b\u00e5de fiktion och verkliga h\u00e4ndelser till spelupplevelser i stadsmilj\u00f6. Sedan tidigare har de bland annat gjort Sherlock Holmes i London och Wallander i Ystad. [&hellip;]<\/p>\n","protected":false},"author":27,"featured_media":0,"parent":0,"menu_order":0,"comment_status":"closed","ping_status":"closed","template":"","meta":{"_acf_changed":false,"footnotes":""},"class_list":["post-10732","page","type-page","status-publish","hentry"],"acf":[],"_links":{"self":[{"href":"https:\/\/www.storytourist.com\/de\/wp-json\/wp\/v2\/pages\/10732","targetHints":{"allow":["GET"]}}],"collection":[{"href":"https:\/\/www.storytourist.com\/de\/wp-json\/wp\/v2\/pages"}],"about":[{"href":"https:\/\/www.storytourist.com\/de\/wp-json\/wp\/v2\/types\/page"}],"author":[{"embeddable":true,"href":"https:\/\/www.storytourist.com\/de\/wp-json\/wp\/v2\/users\/27"}],"replies":[{"embeddable":true,"href":"https:\/\/www.storytourist.com\/de\/wp-json\/wp\/v2\/comments?post=10732"}],"version-history":[{"count":0,"href":"https:\/\/www.storytourist.com\/de\/wp-json\/wp\/v2\/pages\/10732\/revisions"}],"wp:attachment":[{"href":"https:\/\/www.storytourist.com\/de\/wp-json\/wp\/v2\/media?parent=10732"}],"curies":[{"name":"wp","href":"https:\/\/api.w.org\/{rel}","templated":true}]}}